{"id":5814,"date":"2025-12-11T12:06:41","date_gmt":"2025-12-11T09:06:41","guid":{"rendered":"https:\/\/wristbandfactory.eu\/?post_type=product&#038;p=5814"},"modified":"2026-04-01T21:52:35","modified_gmt":"2026-04-01T18:52:35","slug":"organic-cotton-wristbands-custom-woven-printed","status":"publish","type":"product","link":"https:\/\/displayproducts.eu\/nb\/p\/organic-cotton-wristbands-custom-woven-printed\/","title":{"rendered":"Stoffb\u00e5nd (Bomull) \u2013 Med logo \/ Trykk"},"content":{"rendered":"<p data-path-to-node=\"11\"><b>Det naturlige valget for b\u00e6rekraftige arrangementer<\/b><\/p>\n<p data-path-to-node=\"12\">L\u00f8ft merkevarens milj\u00f8profil med v\u00e5re <b>\u00d8kologiske bomullsarmb\u00e5nd<\/b>. I motsetning til syntetiske materialer er disse remmene laget av 100% naturlige fibre, noe som gir et matt, rustikt utseende og en usedvanlig myk f\u00f8lelse mot huden. De er den perfekte l\u00f8sningen for flerdagers festivaler, VIP-retreater og merkevarer som \u00f8nsker \u00e5 projisere et \u201cplastfritt\u201d image.<\/p>\n<p data-path-to-node=\"13\"><b>Komfort m\u00f8ter holdbarhet<\/b> Bomull er naturlig pustende og hypoallergenisk, noe som gj\u00f8r det til det mest komfortable alternativet for langvarig bruk. Det for\u00e5rsaker ikke irritasjon eller svetting, noe som sikrer en f\u00f8rsteklasses opplevelse for gjestene dine.<\/p>\n<p data-path-to-node=\"14\"><b>Merkevarealternativer<\/b> P\u00e5 grunn av den naturlige fiberteksturen anbefaler vi to forskjellige tilpasningsmetoder:<\/p>\n<ul data-path-to-node=\"15\">\n<li>\n<p data-path-to-node=\"15,0,0\"><b>Vevd (broderi):<\/b> Logoen din sys direkte inn i stoffet med opptil 8 tr\u00e5dfarger. Dette skaper en slitesterk og eksklusiv finish som ikke falmer.<\/p>\n<\/li>\n<li>\n<p data-path-to-node=\"15,1,0\"><b>Silketrykk:<\/b> Perfekt for spesifikk Pantone-fargematching p\u00e5 overflaten av armb\u00e5ndet.<\/p>\n<\/li>\n<\/ul>\n<p data-path-to-node=\"16\"><b>Sikker og b\u00e6rekraftig maskinvare<\/b> Kombiner disse naturlige b\u00e5ndene med v\u00e5re <b>Bambus \u00f8kol\u00e5s<\/b> (50% bambuskompositt) for \u00e5 skape en fullstendig milj\u00f8vennlig armb\u00e5ndsl\u00f8sning. Standard h\u00f8ysikkerhetsglidere og gjenbrukbare treperler er ogs\u00e5 tilgjengelige.<\/p>\n<p data-path-to-node=\"17\"><b>Viktige funksjoner:<\/b><\/p>\n<ul data-path-to-node=\"18\">\n<li>\n<p data-path-to-node=\"18,0,0\"><b>Materiale:<\/b> 100% \u00f8kologisk bomull.<\/p>\n<\/li>\n<li>\n<p data-path-to-node=\"18,1,0\"><b>\u00d8kovurdering:<\/b> Biologisk nedbrytbar og fornybar.<\/p>\n<\/li>\n<li>\n<p data-path-to-node=\"18,2,0\"><b>Tekstur:<\/b> Myk, matt finish (ikke-blank).<\/p>\n<\/li>\n<li>\n<p data-path-to-node=\"18,3,0\"><b>Dimensjoner:<\/b> Standard 340 mm x 15 mm.<\/p>\n<\/li>\n<\/ul>","protected":false},"excerpt":{"rendered":"<ul>\n<li>\n<p data-path-to-node=\"9,0,0\"><b>Naturmateriale:<\/b> Laget av 100% biologisk nedbrytbare \u00f8kologiske bomullsfibre.<\/p>\n<\/li>\n<li>\n<p data-path-to-node=\"9,1,0\"><b>Premium komfort:<\/b> Myk, pustende og hypoallergenisk (ideell for sensitiv hud).<\/p>\n<\/li>\n<li>\n<p data-path-to-node=\"9,2,0\"><b>Tilpasset merkevarebygging:<\/b> Velg mellom broderi (vevd) av h\u00f8y kvalitet eller silketrykk.<\/p>\n<\/li>\n<li>\n<p data-path-to-node=\"9,3,0\"><b>Plastfri:<\/b> Et fullt b\u00e6rekraftig valg som er kompatibelt med Bamboo Eco-Locks.<\/p>\n<\/li>\n<\/ul>","protected":false},"featured_media":5829,"comment_status":"closed","ping_status":"closed","template":"","meta":[],"product_brand":[],"product_cat":[133,47],"product_tag":[],"class_list":{"0":"post-5814","1":"product","2":"type-product","3":"status-publish","4":"has-post-thumbnail","6":"product_cat-eco-friendly-wristbands","7":"product_cat-fabric-wristbands","9":"first","10":"instock","11":"shipping-taxable","12":"purchasable","13":"product-type-simple"},"_links":{"self":[{"href":"https:\/\/displayproducts.eu\/nb\/wp-json\/wp\/v2\/product\/5814","targetHints":{"allow":["GET"]}}],"collection":[{"href":"https:\/\/displayproducts.eu\/nb\/wp-json\/wp\/v2\/product"}],"about":[{"href":"https:\/\/displayproducts.eu\/nb\/wp-json\/wp\/v2\/types\/product"}],"replies":[{"embeddable":true,"href":"https:\/\/displayproducts.eu\/nb\/wp-json\/wp\/v2\/comments?post=5814"}],"wp:featuredmedia":[{"embeddable":true,"href":"https:\/\/displayproducts.eu\/nb\/wp-json\/wp\/v2\/media\/5829"}],"wp:attachment":[{"href":"https:\/\/displayproducts.eu\/nb\/wp-json\/wp\/v2\/media?parent=5814"}],"wp:term":[{"taxonomy":"product_brand","embeddable":true,"href":"https:\/\/displayproducts.eu\/nb\/wp-json\/wp\/v2\/product_brand?post=5814"},{"taxonomy":"product_cat","embeddable":true,"href":"https:\/\/displayproducts.eu\/nb\/wp-json\/wp\/v2\/product_cat?post=5814"},{"taxonomy":"product_tag","embeddable":true,"href":"https:\/\/displayproducts.eu\/nb\/wp-json\/wp\/v2\/product_tag?post=5814"}],"curies":[{"name":"wp","href":"https:\/\/api.w.org\/{rel}","templated":true}]}}