{"id":5810,"date":"2025-12-11T11:26:33","date_gmt":"2025-12-11T08:26:33","guid":{"rendered":"https:\/\/wristbandfactory.eu\/?post_type=product&#038;p=5810"},"modified":"2026-04-01T21:52:03","modified_gmt":"2026-04-01T18:52:03","slug":"recycled-fabric-wristbands-rpet-full-colour-printed","status":"publish","type":"product","link":"https:\/\/displayproducts.eu\/nb\/p\/recycled-fabric-wristbands-rpet-full-colour-printed\/","title":{"rendered":"Stoffb\u00e5nd (rPET) \u2013 Med logo \/ Trykk"},"content":{"rendered":"<p data-path-to-node=\"10\"><b>B\u00e6rekraftig merkevarebygging uten kompromisser<\/b><\/p>\n<p data-path-to-node=\"11\">Bytt til et gr\u00f8nnere alternativ med v\u00e5r <b>Armb\u00e5nd av resirkulert stoff (rPET)<\/b>. Disse armb\u00e5ndene er designet for festivaler, konferanser og bedriftsarrangementer, og kombinerer slagkraftig merkevarebygging med milj\u00f8ansvar.<\/p>\n<p data-path-to-node=\"12\"><b>Fra avfall til armb\u00e5nd<\/b> I motsetning til standard polyester er v\u00e5re rPET-b\u00e5nd produsert med garn spunnet fra sertifiserte, resirkulerte plastflasker. Denne prosessen reduserer plastavfall og karbonutslipp betydelig, samtidig som den opprettholder holdbarheten og den myke, satenglignende f\u00f8lelsen av premiumstoff.<\/p>\n<p data-path-to-node=\"13\"><b>Tilpasning i h\u00f8y oppl\u00f8sning<\/b> Den glatte overflaten til rPET-materialet er konstruert for <b>fargestoff-sublimeringstrykk<\/b>. Dette gj\u00f8r det mulig \u00e5 trykke fotorealistiske detaljer, gradienter og intrikate sponsorlogoer kant-til-kant p\u00e5 begge sider av armb\u00e5ndet.<\/p>\n<p data-path-to-node=\"14\"><b>L\u00e5semekanismer for ethvert behov<\/b> Tilpass sikkerhetsniv\u00e5et ditt med v\u00e5rt brede utvalg av lukkinger:<\/p>\n<ul data-path-to-node=\"15\">\n<li>\n<p data-path-to-node=\"15,0,0\"><b>H\u00f8ysikkerhetsglidere:<\/b> Forh\u00e5ndsmonterte l\u00e5seskyvere (tenner eller enveis) for streng adgangskontroll.<\/p>\n<\/li>\n<li>\n<p data-path-to-node=\"15,1,0\"><b>Bambus \u00f8ko-l\u00e5ser:<\/b> Et 50%-alternativ med redusert plast som matcher det b\u00e6rekraftige b\u00e5ndet.<\/p>\n<\/li>\n<li>\n<p data-path-to-node=\"15,2,0\"><b>Gjenbrukbare vippebrytere:<\/b> Justerbare perler for personalpass eller reklamegaver.<\/p>\n<\/li>\n<\/ul>\n<p data-path-to-node=\"16\"><b>Viktige funksjoner:<\/b><\/p>\n<ul data-path-to-node=\"17\">\n<li>\n<p data-path-to-node=\"17,0,0\"><b>Materiale:<\/b> 100% Resirkulert polyetylentereftalat (rPET).<\/p>\n<\/li>\n<li>\n<p data-path-to-node=\"17,1,0\"><b>Utskriftsmetode:<\/b> CMYK-sublimering i fullfarge (forside og bakside).<\/p>\n<\/li>\n<li>\n<p data-path-to-node=\"17,2,0\"><b>St\u00f8rrelse:<\/b> Standard 340 mm x 15 mm (tilpassede st\u00f8rrelser tilgjengelig).<\/p>\n<\/li>\n<li>\n<p data-path-to-node=\"17,3,0\"><b>Emballasje:<\/b> Bulkpakket i polyposer p\u00e5 50 stk for uten trykk distribusjon.<\/p>\n<\/li>\n<\/ul>","protected":false},"excerpt":{"rendered":"<ul>\n<li>\n<p data-path-to-node=\"8,0,0\"><b>Milj\u00f8vennlig:<\/b> Laget av 100% resirkulerte PET-plastflasker (rPET).<\/p>\n<\/li>\n<li>\n<p data-path-to-node=\"8,1,0\"><b>Livlig trykk:<\/b> Kant-til-kant fullfargesublimering for komplekse design.<\/p>\n<\/li>\n<li>\n<p data-path-to-node=\"8,2,0\"><b>Sikker og fleksibel:<\/b> Valg mellom engangssikkerhetsl\u00e5ser eller gjenbrukbare perler.<\/p>\n<\/li>\n<li>\n<p data-path-to-node=\"8,3,0\"><b>Rask produksjon:<\/b> Bulkpakket og klar for presserende arrangementer.<\/p>\n<\/li>\n<\/ul>","protected":false},"featured_media":5830,"comment_status":"closed","ping_status":"closed","template":"","meta":[],"product_brand":[],"product_cat":[133,47],"product_tag":[],"class_list":{"0":"post-5810","1":"product","2":"type-product","3":"status-publish","4":"has-post-thumbnail","6":"product_cat-eco-friendly-wristbands","7":"product_cat-fabric-wristbands","9":"first","10":"instock","11":"shipping-taxable","12":"purchasable","13":"product-type-simple"},"_links":{"self":[{"href":"https:\/\/displayproducts.eu\/nb\/wp-json\/wp\/v2\/product\/5810","targetHints":{"allow":["GET"]}}],"collection":[{"href":"https:\/\/displayproducts.eu\/nb\/wp-json\/wp\/v2\/product"}],"about":[{"href":"https:\/\/displayproducts.eu\/nb\/wp-json\/wp\/v2\/types\/product"}],"replies":[{"embeddable":true,"href":"https:\/\/displayproducts.eu\/nb\/wp-json\/wp\/v2\/comments?post=5810"}],"wp:featuredmedia":[{"embeddable":true,"href":"https:\/\/displayproducts.eu\/nb\/wp-json\/wp\/v2\/media\/5830"}],"wp:attachment":[{"href":"https:\/\/displayproducts.eu\/nb\/wp-json\/wp\/v2\/media?parent=5810"}],"wp:term":[{"taxonomy":"product_brand","embeddable":true,"href":"https:\/\/displayproducts.eu\/nb\/wp-json\/wp\/v2\/product_brand?post=5810"},{"taxonomy":"product_cat","embeddable":true,"href":"https:\/\/displayproducts.eu\/nb\/wp-json\/wp\/v2\/product_cat?post=5810"},{"taxonomy":"product_tag","embeddable":true,"href":"https:\/\/displayproducts.eu\/nb\/wp-json\/wp\/v2\/product_tag?post=5810"}],"curies":[{"name":"wp","href":"https:\/\/api.w.org\/{rel}","templated":true}]}}