{"id":5780,"date":"2025-12-10T15:24:17","date_gmt":"2025-12-10T12:24:17","guid":{"rendered":"https:\/\/wristbandfactory.eu\/?post_type=product&#038;p=5780"},"modified":"2026-04-01T21:52:35","modified_gmt":"2026-04-01T18:52:35","slug":"custom-neoprene-lanyards-ultra-soft-cushioned","status":"publish","type":"product","link":"https:\/\/displayproducts.eu\/nb\/p\/custom-neoprene-lanyards-ultra-soft-cushioned\/","title":{"rendered":"N\u00f8kkelb\u00e5nd i neopren"},"content":{"rendered":"<p data-path-to-node=\"11\">Opplev overlegen komfort med v\u00e5r <b>Tilpassede neopren-armbind<\/b>. Hvis dine ansatte eller deltakere klager over tynne stropper som gnager i nakken, er dette den premiumoppgraderingen du trenger.<\/p>\n<p data-path-to-node=\"12\"><b>Bygget som en v\u00e5tdrakt<\/b> Disse snorene er laget av neopren av h\u00f8y kvalitet og er myke, fleksible og svettebestandige. Materialet har en naturlig tykkelse (svamplignende kjerne) som fungerer som en st\u00f8tdemper, noe som gj\u00f8r dem til det foretrukne valget for treningstrenere, friluftsguider og vedlikeholdspersonell som b\u00e6rer tunge n\u00f8kkelb\u00e5nd.<\/p>\n<p data-path-to-node=\"13\"><b>Sporty og profesjonell<\/b> Utseendet er tydelig sporty, men likevel profesjonelt. Kantene er ferdige med fargematchede eller kontrasterende s\u00f8mmer, noe som gir snoren et eksklusivt, skreddersydd utseende. Enten du velger et dristig m\u00f8nster eller en elegant firmalogo, er resultatet alltid i\u00f8ynefallende.<\/p>\n<p data-path-to-node=\"14\"><b>Viktige funksjoner:<\/b><\/p>\n<ul data-path-to-node=\"15\">\n<li>\n<p data-path-to-node=\"15,0,0\"><b>Materiale:<\/b> Myk neopren med stoffbelegg.<\/p>\n<\/li>\n<li>\n<p data-path-to-node=\"15,1,0\"><b>Konstruksjon:<\/b> R\u00f8rformet eller flat med sydde kanter.<\/p>\n<\/li>\n<li>\n<p data-path-to-node=\"15,2,0\"><b>Vedlegg:<\/b> Kraftige metallkroker, O-ringer og avtakbare spenner.<\/p>\n<\/li>\n<li>\n<p data-path-to-node=\"15,3,0\"><b>Sikkerhet:<\/b> Plastspenner i l\u00f8svekt er tilgjengelige.<\/p>\n<\/li>\n<\/ul>","protected":false},"excerpt":{"rendered":"<ul>\n<li>\n<p data-path-to-node=\"9,0,0\"><b>Ultimat komfort:<\/b> Laget av svampaktig neopren (v\u00e5tdraktmateriale) som gir en polstret f\u00f8lelse og forhindrer nakkeirritasjon selv med tung belastning.<\/p>\n<\/li>\n<li>\n<p data-path-to-node=\"9,1,0\"><b>Slitesterk finish:<\/b> Har forsterkede sydde kanter (overlock) for \u00e5 forhindre frynsing og forlenge produktets levetid.<\/p>\n<\/li>\n<li>\n<p data-path-to-node=\"9,2,0\"><b>Kraftig belastning:<\/b> Den tykke profilen gj\u00f8r den ideell for \u00e5 b\u00e6re tunge n\u00f8kkelsett, verkt\u00f8y eller store elektroniske enheter uten \u00e5 skj\u00e6re i huden.<\/p>\n<\/li>\n<li>\n<p data-path-to-node=\"9,3,0\"><b>Livlig merkevarebygging:<\/b> Tilgjengelig med skarp silketrykk eller sublimering i fullfarge for m\u00f8nstre som leopardtrykk.<\/p>\n<\/li>\n<\/ul>","protected":false},"featured_media":5797,"comment_status":"closed","ping_status":"closed","template":"","meta":[],"product_brand":[],"product_cat":[104,108,118],"product_tag":[],"class_list":{"0":"post-5780","1":"product","2":"type-product","3":"status-publish","4":"has-post-thumbnail","6":"product_cat-custom-printed-lanyards","7":"product_cat-multifunctional-lanyards","8":"product_cat-sports-fitness","10":"first","11":"instock","12":"shipping-taxable","13":"purchasable","14":"product-type-simple"},"_links":{"self":[{"href":"https:\/\/displayproducts.eu\/nb\/wp-json\/wp\/v2\/product\/5780","targetHints":{"allow":["GET"]}}],"collection":[{"href":"https:\/\/displayproducts.eu\/nb\/wp-json\/wp\/v2\/product"}],"about":[{"href":"https:\/\/displayproducts.eu\/nb\/wp-json\/wp\/v2\/types\/product"}],"replies":[{"embeddable":true,"href":"https:\/\/displayproducts.eu\/nb\/wp-json\/wp\/v2\/comments?post=5780"}],"wp:featuredmedia":[{"embeddable":true,"href":"https:\/\/displayproducts.eu\/nb\/wp-json\/wp\/v2\/media\/5797"}],"wp:attachment":[{"href":"https:\/\/displayproducts.eu\/nb\/wp-json\/wp\/v2\/media?parent=5780"}],"wp:term":[{"taxonomy":"product_brand","embeddable":true,"href":"https:\/\/displayproducts.eu\/nb\/wp-json\/wp\/v2\/product_brand?post=5780"},{"taxonomy":"product_cat","embeddable":true,"href":"https:\/\/displayproducts.eu\/nb\/wp-json\/wp\/v2\/product_cat?post=5780"},{"taxonomy":"product_tag","embeddable":true,"href":"https:\/\/displayproducts.eu\/nb\/wp-json\/wp\/v2\/product_tag?post=5780"}],"curies":[{"name":"wp","href":"https:\/\/api.w.org\/{rel}","templated":true}]}}