{"id":5772,"date":"2025-12-10T15:15:03","date_gmt":"2025-12-10T12:15:03","guid":{"rendered":"https:\/\/wristbandfactory.eu\/?post_type=product&#038;p=5772"},"modified":"2026-04-01T21:52:35","modified_gmt":"2026-04-01T18:52:35","slug":"custom-printed-suspenders-branded-y-back-braces","status":"publish","type":"product","link":"https:\/\/displayproducts.eu\/nb\/p\/custom-printed-suspenders-branded-y-back-braces\/","title":{"rendered":"Bukseseler med logo \u2013 Y-rygg"},"content":{"rendered":"<p data-path-to-node=\"12\">Legg til et snev av klasse til bedriftsuniformen eller varekolleksjonen din med v\u00e5re <b>Tilpassede trykte bukseseler<\/b>. Enten det er for et trendy barpersonale, et byggelag eller et motemerke, tilbyr disse bukseselene et funksjonelt og stilig alternativ til belter.<\/p>\n<p data-path-to-node=\"13\"><b>Bygget for arbeid og fritid<\/b> V\u00e5re bukseseler er laget av elastisk b\u00e5nd av h\u00f8y kvalitet som beholder sin elastisitet over tid. Metallbeslagene er robuste nok til industrielt arbeidst\u00f8y, men likevel polerte nok til formelle arrangementer.<\/p>\n<p data-path-to-node=\"14\"><b>Merkevarealternativer:<\/b><\/p>\n<ol start=\"1\" data-path-to-node=\"15\">\n<li>\n<p data-path-to-node=\"15,0,0\"><b>Vevd strikk:<\/b> Logoen er strikket direkte inn i stoffet for et f\u00f8rsteklasses, teksturert utseende (f.eks. stripete m\u00f8nstre).<\/p>\n<\/li>\n<li>\n<p data-path-to-node=\"15,1,0\"><b>L\u00e6rpreging:<\/b> En diskr\u00e9, sofistikert logo presset inn i skinnryggstykket.<\/p>\n<\/li>\n<\/ol>\n<p data-path-to-node=\"16\"><b>Anbefalte brukstilfeller:<\/b><\/p>\n<ul data-path-to-node=\"17\">\n<li>\n<p data-path-to-node=\"17,0,0\"><b>Uniformer for gjestfrihet:<\/b> Servit\u00f8rer og bartendere.<\/p>\n<\/li>\n<li>\n<p data-path-to-node=\"17,1,0\"><b>Bygg og handel:<\/b> St\u00f8tte for verkt\u00f8ybelte med h\u00f8y synlighet eller kraftig verkt\u00f8ybelte.<\/p>\n<\/li>\n<li>\n<p data-path-to-node=\"17,2,0\"><b>Firmagaver:<\/b> Et unikt tilbeh\u00f8r for teambuilding eller golfarrangementer.<\/p>\n<\/li>\n<\/ul>\n<p data-path-to-node=\"18\"><b>Viktige funksjoner:<\/b><\/p>\n<ul data-path-to-node=\"19\">\n<li>\n<p data-path-to-node=\"19,0,0\"><b>Materiale:<\/b> Elastisk polyester med h\u00f8y tetthet.<\/p>\n<\/li>\n<li>\n<p data-path-to-node=\"19,1,0\"><b>Ryggstil:<\/b> Y-form med l\u00e6rlapp.<\/p>\n<\/li>\n<li>\n<p data-path-to-node=\"19,2,0\"><b>Klipp:<\/b> 3 eller 4 metallklips (nikkel- eller svart utf\u00f8relse).<\/p>\n<\/li>\n<li>\n<p data-path-to-node=\"19,3,0\"><b>Bredde:<\/b> Standard 25 mm, 35 mm eller 50 mm.<\/p>\n<\/li>\n<\/ul>","protected":false},"excerpt":{"rendered":"<ul>\n<li>\n<p data-path-to-node=\"10,0,0\"><b>Klassisk design:<\/b> Tradisjonell Y-rygg- eller X-rygg-konstruksjon med et kryssmerke i f\u00f8rsteklasses skinn for holdbarhet og stil.<\/p>\n<\/li>\n<li>\n<p data-path-to-node=\"10,1,0\"><b>Sterkt grep:<\/b> Utstyrt med kraftige metallklips som holder buksene sikkert p\u00e5 plass uten \u00e5 skade stoffet.<\/p>\n<\/li>\n<li>\n<p data-path-to-node=\"10,2,0\"><b>Fullt justerbar:<\/b> Har metalljusteringsmekanismer for \u00e5 sikre komfortabel passform for alle h\u00f8yder.<\/p>\n<\/li>\n<li>\n<p data-path-to-node=\"10,3,0\"><b>Tilpasset merkevarebygging:<\/b> Logoen din kan veves inn i den elastiske webbingen (jacquard) eller preges p\u00e5 skinnlappen p\u00e5 baksiden.<\/p>\n<\/li>\n<\/ul>","protected":false},"featured_media":5808,"comment_status":"closed","ping_status":"closed","template":"","meta":[],"product_brand":[],"product_cat":[127],"product_tag":[],"class_list":{"0":"post-5772","1":"product","2":"type-product","3":"status-publish","4":"has-post-thumbnail","6":"product_cat-custom-straps-belts","8":"first","9":"instock","10":"shipping-taxable","11":"product-type-simple"},"_links":{"self":[{"href":"https:\/\/displayproducts.eu\/nb\/wp-json\/wp\/v2\/product\/5772","targetHints":{"allow":["GET"]}}],"collection":[{"href":"https:\/\/displayproducts.eu\/nb\/wp-json\/wp\/v2\/product"}],"about":[{"href":"https:\/\/displayproducts.eu\/nb\/wp-json\/wp\/v2\/types\/product"}],"replies":[{"embeddable":true,"href":"https:\/\/displayproducts.eu\/nb\/wp-json\/wp\/v2\/comments?post=5772"}],"wp:featuredmedia":[{"embeddable":true,"href":"https:\/\/displayproducts.eu\/nb\/wp-json\/wp\/v2\/media\/5808"}],"wp:attachment":[{"href":"https:\/\/displayproducts.eu\/nb\/wp-json\/wp\/v2\/media?parent=5772"}],"wp:term":[{"taxonomy":"product_brand","embeddable":true,"href":"https:\/\/displayproducts.eu\/nb\/wp-json\/wp\/v2\/product_brand?post=5772"},{"taxonomy":"product_cat","embeddable":true,"href":"https:\/\/displayproducts.eu\/nb\/wp-json\/wp\/v2\/product_cat?post=5772"},{"taxonomy":"product_tag","embeddable":true,"href":"https:\/\/displayproducts.eu\/nb\/wp-json\/wp\/v2\/product_tag?post=5772"}],"curies":[{"name":"wp","href":"https:\/\/api.w.org\/{rel}","templated":true}]}}