{"id":5765,"date":"2025-12-10T15:10:44","date_gmt":"2025-12-10T12:10:44","guid":{"rendered":"https:\/\/wristbandfactory.eu\/?post_type=product&#038;p=5765"},"modified":"2026-04-01T21:52:35","modified_gmt":"2026-04-01T18:52:35","slug":"custom-printed-shoelaces-flat-round-sneaker-laces","status":"publish","type":"product","link":"https:\/\/displayproducts.eu\/nb\/p\/custom-printed-shoelaces-flat-round-sneaker-laces\/","title":{"rendered":"Skolisser med trykk \u2013 Flate og runde"},"content":{"rendered":"<p data-path-to-node=\"12\">Gj\u00f8r hvert steg om til en merkevarebyggingsmulighet med v\u00e5r <b>Tilpassede trykte skolisser<\/b>. Enten det er for et bedriftsmaratonlag, en lansering av et joggeskomerke eller unike universitetsvarer, tilbyr disse lissene en morsom og funksjonell m\u00e5te \u00e5 vise frem logoen din p\u00e5.<\/p>\n<p data-path-to-node=\"13\"><b>Stiler som matcher skoen din:<\/b><\/p>\n<ol start=\"1\" data-path-to-node=\"14\">\n<li>\n<p data-path-to-node=\"14,0,0\"><b>Flate lisser:<\/b> Standarden for joggesko og skatesko. De tilbyr et bredt lerret (8 mm \u2013 15 mm) som er perfekt for \u00e5 lese tekst og logoer tydelig p\u00e5 avstand.<\/p>\n<\/li>\n<li>\n<p data-path-to-node=\"14,1,0\"><b>Runde lisser:<\/b> Ideell for l\u00f8pesko, st\u00f8vler og hettegensere. Merkevaren er vanligvis vevd inn eller trykt p\u00e5 aglets (tupper) for en diskr\u00e9 finish i detaljhandelskvalitet.<\/p>\n<\/li>\n<\/ol>\n<p data-path-to-node=\"15\"><b>Tilpassede aglets (tupper)<\/b> Ta det til neste niv\u00e5 ved \u00e5 trykke merkenavnet eller nettsiden din direkte p\u00e5 plast- eller metalltuppene p\u00e5 lissene. Denne detaljen gir produktet en betydelig opplevd verdi.<\/p>\n<p data-path-to-node=\"16\"><b>Anbefalte brukstilfeller:<\/b><\/p>\n<ul data-path-to-node=\"17\">\n<li>\n<p data-path-to-node=\"17,0,0\"><b>Maratonl\u00f8p og 5 km-l\u00f8p:<\/b> Inkluder dem i deltakerens \u201cgoodiebag\u201d.\u201d<\/p>\n<\/li>\n<li>\n<p data-path-to-node=\"17,1,0\"><b>Ansattes velv\u00e6re:<\/b> Flott for \u201cskritttellingsutfordringer\u201d.\u201d<\/p>\n<\/li>\n<li>\n<p data-path-to-node=\"17,2,0\"><b>Mote og detaljhandel:<\/b> Selg dem som et frittst\u00e5ende tilbeh\u00f8r eller gave ved kj\u00f8p.<\/p>\n<\/li>\n<\/ul>\n<p data-path-to-node=\"18\"><b>Viktige funksjoner:<\/b><\/p>\n<ul data-path-to-node=\"19\">\n<li>\n<p data-path-to-node=\"19,0,0\"><b>Materiale:<\/b> Slitesterk polyester.<\/p>\n<\/li>\n<li>\n<p data-path-to-node=\"19,1,0\"><b>Lengde:<\/b> Standardst\u00f8rrelser (90 cm, 120 cm, 140 cm) eller spesialtilpassede.<\/p>\n<\/li>\n<li>\n<p data-path-to-node=\"19,2,0\"><b>Trykk:<\/b> Varmeoverf\u00f8ring (sublimering) eller silketrykk.<\/p>\n<\/li>\n<li>\n<p data-path-to-node=\"19,3,0\"><b>Emballasje:<\/b> Parene pakkes vanligvis i en gjennomsiktig polypose eller spesiallaget korthode.<\/p>\n<\/li>\n<\/ul>","protected":false},"excerpt":{"rendered":"<ul>\n<li>\n<p data-path-to-node=\"10,0,0\"><b>Fullt tilpassbar:<\/b> Tilgjengelig i klassisk flat stil for dristige fargem\u00f8nstre eller rund snorstil for et sporty utseende.<\/p>\n<\/li>\n<li>\n<p data-path-to-node=\"10,1,0\"><b>Helhetsinnf\u00f8ring i merkevarebygging:<\/b> Vi kan trykke logoen din langs hele blondens lengde og til og med tilpasse plast- eller metalltuppene (aglets).<\/p>\n<\/li>\n<li>\n<p data-path-to-node=\"10,2,0\"><b>Livlige design:<\/b> Ved hjelp av sublimeringstrykk kan vi oppn\u00e5 detaljert grafikk som hjerter, tegneserier eller komplekse gradienter.<\/p>\n<\/li>\n<li>\n<p data-path-to-node=\"10,3,0\"><b>Klar for arrangement:<\/b> En verdifull giveaway for veldedighetsl\u00f8p, idrettslag og joggeskomesser som mottakerne faktisk bruker.<\/p>\n<\/li>\n<\/ul>","protected":false},"featured_media":5839,"comment_status":"closed","ping_status":"closed","template":"","meta":[],"product_brand":[],"product_cat":[127],"product_tag":[],"class_list":{"0":"post-5765","1":"product","2":"type-product","3":"status-publish","4":"has-post-thumbnail","6":"product_cat-custom-straps-belts","8":"first","9":"instock","10":"shipping-taxable","11":"product-type-simple"},"_links":{"self":[{"href":"https:\/\/displayproducts.eu\/nb\/wp-json\/wp\/v2\/product\/5765","targetHints":{"allow":["GET"]}}],"collection":[{"href":"https:\/\/displayproducts.eu\/nb\/wp-json\/wp\/v2\/product"}],"about":[{"href":"https:\/\/displayproducts.eu\/nb\/wp-json\/wp\/v2\/types\/product"}],"replies":[{"embeddable":true,"href":"https:\/\/displayproducts.eu\/nb\/wp-json\/wp\/v2\/comments?post=5765"}],"wp:featuredmedia":[{"embeddable":true,"href":"https:\/\/displayproducts.eu\/nb\/wp-json\/wp\/v2\/media\/5839"}],"wp:attachment":[{"href":"https:\/\/displayproducts.eu\/nb\/wp-json\/wp\/v2\/media?parent=5765"}],"wp:term":[{"taxonomy":"product_brand","embeddable":true,"href":"https:\/\/displayproducts.eu\/nb\/wp-json\/wp\/v2\/product_brand?post=5765"},{"taxonomy":"product_cat","embeddable":true,"href":"https:\/\/displayproducts.eu\/nb\/wp-json\/wp\/v2\/product_cat?post=5765"},{"taxonomy":"product_tag","embeddable":true,"href":"https:\/\/displayproducts.eu\/nb\/wp-json\/wp\/v2\/product_tag?post=5765"}],"curies":[{"name":"wp","href":"https:\/\/api.w.org\/{rel}","templated":true}]}}