{"id":5760,"date":"2025-12-10T15:00:54","date_gmt":"2025-12-10T12:00:54","guid":{"rendered":"https:\/\/wristbandfactory.eu\/?post_type=product&#038;p=5760"},"modified":"2026-04-01T21:52:35","modified_gmt":"2026-04-01T18:52:35","slug":"custom-faux-fur-lanyards-fluffy-fashion-strap","status":"publish","type":"product","link":"https:\/\/displayproducts.eu\/nb\/p\/custom-faux-fur-lanyards-fluffy-fashion-strap\/","title":{"rendered":"Plysj n\u00f8kkelb\u00e5nd \u2013 Fuskepels med logo"},"content":{"rendered":"<p data-path-to-node=\"11\">Lag et dristig utsagn med v\u00e5r <b>Tilpassede fuskepelsn\u00f8kkelb\u00e5nd<\/b>. Disse lanyardene g\u00e5r utover \u00e5 v\u00e6re nyttige, og er ekte motetilbeh\u00f8r som er designet for \u00e5 holde merkevaren din synlig p\u00e5 den mest stilige m\u00e5ten som mulig.<\/p>\n<p data-path-to-node=\"12\"><b>Den \u201cfluffy\u201d faktoren<\/b> I motsetning til flate polyesterb\u00e5nd er disse lanyardene laget av et mykt, r\u00f8rformet fuskepelsstoff. De f\u00f8les som et skjerf mot halsen, noe som gj\u00f8r dem utrolig komfortable for heldagsbruk p\u00e5 vinterfestivaler eller VIP-arrangementer.<\/p>\n<p data-path-to-node=\"13\"><b>Smarte merkevarel\u00f8sninger<\/b> Fordi lang pels skjuler blekk, bruker vi <b>vedlagte merkelapper<\/b>.<\/p>\n<ul data-path-to-node=\"14\">\n<li>\n<p data-path-to-node=\"14,0,0\"><b>Vevde etiketter:<\/b> En stofflapp av h\u00f8y kvalitet sydd p\u00e5 pelsen (som p\u00e5 kl\u00e6r).<\/p>\n<\/li>\n<li>\n<p data-path-to-node=\"14,1,0\"><b>PVC\/gummi-lapper:<\/b> For et moderne 3D-utseende. Denne metoden sikrer at logoen din forblir lesbar og skarp, samtidig som den beholder produktets f\u00f8rsteklasses, luftige estetikk.<\/p>\n<\/li>\n<\/ul>\n<p data-path-to-node=\"15\"><b>Anbefalte brukstilfeller:<\/b><\/p>\n<ul data-path-to-node=\"16\">\n<li>\n<p data-path-to-node=\"16,0,0\"><b>Streetwear-varer:<\/b> Varer med h\u00f8y oppfattet verdi for detaljhandel.<\/p>\n<\/li>\n<li>\n<p data-path-to-node=\"16,1,0\"><b>Ski- og snowboardarrangementer:<\/b> Ideelt egnet for kalde milj\u00f8er.<\/p>\n<\/li>\n<li>\n<p data-path-to-node=\"16,2,0\"><b>Kreative byr\u00e5er:<\/b> En unik gave som skiller seg ut fra kjedelige kontorrekvisita.<\/p>\n<\/li>\n<\/ul>\n<p data-path-to-node=\"17\"><b>Viktige funksjoner:<\/b><\/p>\n<ul data-path-to-node=\"18\">\n<li>\n<p data-path-to-node=\"18,0,0\"><b>Materiale:<\/b> 100% Syntetisk fuskepels (polyester).<\/p>\n<\/li>\n<li>\n<p data-path-to-node=\"18,1,0\"><b>Stil:<\/b> R\u00f8rformet \/ rund profil.<\/p>\n<\/li>\n<li>\n<p data-path-to-node=\"18,2,0\"><b>Logometode:<\/b> Vevd etikett eller lapp.<\/p>\n<\/li>\n<li>\n<p data-path-to-node=\"18,3,0\"><b>Vedlegg:<\/b> Hummerkrok eller delt ring i metall.<\/p>\n<\/li>\n<\/ul>","protected":false},"excerpt":{"rendered":"<ul>\n<li>\n<p data-path-to-node=\"9,0,0\"><b>Ultra-fluffy tekstur:<\/b> Laget av et mykt syntetisk pelsr\u00f8r som gir en unik og luksuri\u00f8s taktil opplevelse.<\/p>\n<\/li>\n<li>\n<p data-path-to-node=\"9,1,0\"><b>Vevd etikettmerking:<\/b> Siden pelsen ikke kan trykkes direkte, sys logoen din p\u00e5 en premium vevd etikett eller lapp festet til stroppen.<\/p>\n<\/li>\n<li>\n<p data-path-to-node=\"9,2,0\"><b>Mote fremover:<\/b> Et popul\u00e6rt valg for streetwear-merker, skianlegg og influencere som ser etter varer som skiller seg ut.<\/p>\n<\/li>\n<li>\n<p data-path-to-node=\"9,3,0\"><b>Livlige farger:<\/b> Tilgjengelig i klassisk hvitt\/svart eller spesialfargede m\u00f8nstre (f.eks. \u201cMonster\u201d bl\u00e5\/lilla) for \u00e5 matche spesifikke temaer.<\/p>\n<\/li>\n<\/ul>","protected":false},"featured_media":5845,"comment_status":"closed","ping_status":"closed","template":"","meta":[],"product_brand":[],"product_cat":[104,108,121],"product_tag":[],"class_list":{"0":"post-5760","1":"product","2":"type-product","3":"status-publish","4":"has-post-thumbnail","6":"product_cat-custom-printed-lanyards","7":"product_cat-multifunctional-lanyards","8":"product_cat-promotional-merchandise","10":"first","11":"instock","12":"shipping-taxable","13":"product-type-simple"},"_links":{"self":[{"href":"https:\/\/displayproducts.eu\/nb\/wp-json\/wp\/v2\/product\/5760","targetHints":{"allow":["GET"]}}],"collection":[{"href":"https:\/\/displayproducts.eu\/nb\/wp-json\/wp\/v2\/product"}],"about":[{"href":"https:\/\/displayproducts.eu\/nb\/wp-json\/wp\/v2\/types\/product"}],"replies":[{"embeddable":true,"href":"https:\/\/displayproducts.eu\/nb\/wp-json\/wp\/v2\/comments?post=5760"}],"wp:featuredmedia":[{"embeddable":true,"href":"https:\/\/displayproducts.eu\/nb\/wp-json\/wp\/v2\/media\/5845"}],"wp:attachment":[{"href":"https:\/\/displayproducts.eu\/nb\/wp-json\/wp\/v2\/media?parent=5760"}],"wp:term":[{"taxonomy":"product_brand","embeddable":true,"href":"https:\/\/displayproducts.eu\/nb\/wp-json\/wp\/v2\/product_brand?post=5760"},{"taxonomy":"product_cat","embeddable":true,"href":"https:\/\/displayproducts.eu\/nb\/wp-json\/wp\/v2\/product_cat?post=5760"},{"taxonomy":"product_tag","embeddable":true,"href":"https:\/\/displayproducts.eu\/nb\/wp-json\/wp\/v2\/product_tag?post=5760"}],"curies":[{"name":"wp","href":"https:\/\/api.w.org\/{rel}","templated":true}]}}