{"id":5753,"date":"2025-12-10T14:54:23","date_gmt":"2025-12-10T11:54:23","guid":{"rendered":"https:\/\/wristbandfactory.eu\/?post_type=product&#038;p=5753"},"modified":"2026-04-01T21:52:35","modified_gmt":"2026-04-01T18:52:35","slug":"high-visibility-reflective-strip-lanyards-safety-wear","status":"publish","type":"product","link":"https:\/\/displayproducts.eu\/nb\/p\/high-visibility-reflective-strip-lanyards-safety-wear\/","title":{"rendered":"Refleksn\u00f8kkelb\u00e5nd \u2013 H\u00f8y synlighet"},"content":{"rendered":"<p data-path-to-node=\"14\">Prioriter sikkerhet uten \u00e5 ofre merkevarebygging med v\u00e5r <b>Reflekterende stripeb\u00e5nd med h\u00f8y synlighet<\/b>. I motsetning til vanlige lanyards med diskrete reflekterende tr\u00e5der, har denne kraftige modellen et fremtredende s\u00f8lvreflekterende lag smeltet sammen med stoffet, noe som gir maksimal refleksjon p\u00e5 samme m\u00e5te som profesjonelt sikkerhetsutstyr.<\/p>\n<p data-path-to-node=\"15\"><b>Bygget for industriell og nattbruk<\/b> Dette er bransjestandarden for <b>byggeplasser, bakkepersonell p\u00e5 flyplassen og sikkerhetspersonell<\/b>. N\u00e5r den treffer den fra billykter eller lommelykter, lyser den midtre stripen sterkt, slik at dine ansatte eller arrangementsdeltakere blir sett p\u00e5 avstand.<\/p>\n<p data-path-to-node=\"16\"><b>Slitesterk konstruksjon<\/b> Det reflekterende materialet er bundet til et sterkt polyesterunderlag. Dette tofargede designet (farge + s\u00f8lv) ser ikke bare profesjonelt ut, men gir ogs\u00e5 \u00f8kt holdbarhet. Vi anbefaler p\u00e5 det sterkeste \u00e5 legge til en <b>Sikkerhetsspenne med brytemekanisme<\/b> til dette produktet for \u00e5 overholde sikkerhetsforskrifter p\u00e5 arbeidsplassen.<\/p>\n<p data-path-to-node=\"17\"><b>Anbefalte brukstilfeller:<\/b><\/p>\n<ul data-path-to-node=\"18\">\n<li>\n<p data-path-to-node=\"18,0,0\"><b>Bygg og logistikk:<\/b> Obligatorisk ID-bevis for arbeidere p\u00e5 stedet.<\/p>\n<\/li>\n<li>\n<p data-path-to-node=\"18,1,0\"><b>Nattfestivaler:<\/b> Holder deltakerne trygge og synlige i m\u00f8rke folkemengder.<\/p>\n<\/li>\n<li>\n<p data-path-to-node=\"18,2,0\"><b>Skoler:<\/b> Synlighet for barn p\u00e5 ekskursjoner i vinterm\u00e5nedene.<\/p>\n<\/li>\n<\/ul>\n<p data-path-to-node=\"19\"><b>Viktige funksjoner:<\/b><\/p>\n<ul data-path-to-node=\"20\">\n<li>\n<p data-path-to-node=\"20,0,0\"><b>Materiale:<\/b> Polyestervev + laminert reflekterende tape.<\/p>\n<\/li>\n<li>\n<p data-path-to-node=\"20,1,0\"><b>Effekt:<\/b> Sterk blitsrefleksjon (s\u00f8lv\/gr\u00e5 base).<\/p>\n<\/li>\n<li>\n<p data-path-to-node=\"20,2,0\"><b>Bredde:<\/b> Vanligvis 15 mm eller 20 mm.<\/p>\n<\/li>\n<li>\n<p data-path-to-node=\"20,3,0\"><b>Trykk:<\/b> Silketrykk p\u00e5 toppen av det reflekterende laget.<\/p>\n<\/li>\n<\/ul>","protected":false},"excerpt":{"rendered":"<ul>\n<li>\n<p data-path-to-node=\"12,0,0\"><b>H\u00f8y synlighet:<\/b> Har en bred, laminert gr\u00e5 refleksstripe som g\u00e5r nedover midten, lik sikkerhetsvester, og reflekterer lyset intenst i m\u00f8rket.<\/p>\n<\/li>\n<li>\n<p data-path-to-node=\"12,1,0\"><b>Sikkerhet dag og natt:<\/b> Den fargerike basebeltingen (gul, oransje, bl\u00e5) gir bedre synlighet p\u00e5 dagtid, mens s\u00f8lvstripen beskytter om natten.<\/p>\n<\/li>\n<li>\n<p data-path-to-node=\"12,2,0\"><b>Sikkerhetsutbrudd:<\/b> Viktig for industriell bruk; vanligvis utstyrt med sikkerhetsspenne for \u00e5 forhindre kvelningsulykker.<\/p>\n<\/li>\n<li>\n<p data-path-to-node=\"12,3,0\"><b>Tilpasset merkevarebygging:<\/b> Logoen din kan trykkes direkte p\u00e5 refleksstripen eller de fargede kantene for \u00e5 gi merkevaren mer synlighet.<\/p>\n<\/li>\n<\/ul>","protected":false},"featured_media":5758,"comment_status":"closed","ping_status":"closed","template":"","meta":[],"product_brand":[],"product_cat":[109],"product_tag":[],"class_list":{"0":"post-5753","1":"product","2":"type-product","3":"status-publish","4":"has-post-thumbnail","6":"product_cat-reflective-lanyards","8":"first","9":"instock","10":"shipping-taxable","11":"product-type-simple"},"_links":{"self":[{"href":"https:\/\/displayproducts.eu\/nb\/wp-json\/wp\/v2\/product\/5753","targetHints":{"allow":["GET"]}}],"collection":[{"href":"https:\/\/displayproducts.eu\/nb\/wp-json\/wp\/v2\/product"}],"about":[{"href":"https:\/\/displayproducts.eu\/nb\/wp-json\/wp\/v2\/types\/product"}],"replies":[{"embeddable":true,"href":"https:\/\/displayproducts.eu\/nb\/wp-json\/wp\/v2\/comments?post=5753"}],"wp:featuredmedia":[{"embeddable":true,"href":"https:\/\/displayproducts.eu\/nb\/wp-json\/wp\/v2\/media\/5758"}],"wp:attachment":[{"href":"https:\/\/displayproducts.eu\/nb\/wp-json\/wp\/v2\/media?parent=5753"}],"wp:term":[{"taxonomy":"product_brand","embeddable":true,"href":"https:\/\/displayproducts.eu\/nb\/wp-json\/wp\/v2\/product_brand?post=5753"},{"taxonomy":"product_cat","embeddable":true,"href":"https:\/\/displayproducts.eu\/nb\/wp-json\/wp\/v2\/product_cat?post=5753"},{"taxonomy":"product_tag","embeddable":true,"href":"https:\/\/displayproducts.eu\/nb\/wp-json\/wp\/v2\/product_tag?post=5753"}],"curies":[{"name":"wp","href":"https:\/\/api.w.org\/{rel}","templated":true}]}}