{"id":5730,"date":"2025-12-10T13:44:29","date_gmt":"2025-12-10T10:44:29","guid":{"rendered":"https:\/\/wristbandfactory.eu\/?post_type=product&#038;p=5730"},"modified":"2026-04-01T21:52:35","modified_gmt":"2026-04-01T18:52:35","slug":"magnetic-elastic-cord-lanyards-modern-badge-holder","status":"publish","type":"product","link":"https:\/\/displayproducts.eu\/nb\/p\/magnetic-elastic-cord-lanyards-modern-badge-holder\/","title":{"rendered":"Elastiske n\u00f8kkelb\u00e5nd med magnet \u2013 Rund snor"},"content":{"rendered":"<p data-path-to-node=\"12\">Omfavn moderne minimalisme med v\u00e5r <b>Magnetiske elastiske snorn\u00f8kkelb\u00e5nd<\/b>. Dette produktet beveger seg bort fra tradisjonelle flate polyesterb\u00e5nd og tilbyr en elegant, teknologisk fremadstormende estetikk som er sv\u00e6rt popul\u00e6r blant oppstartsbedrifter, designbyr\u00e5er og eksklusive konferanser.<\/p>\n<p data-path-to-node=\"13\"><b>Magien med magneter<\/b> Midtpunktet i denne snoren er dens <b>magnetisk kontakt<\/b>. I stedet for \u00e5 fomle med klips, klikker de to endene ganske uten trykkt sammen. Den er tilfredsstillende \u00e5 bruke og fungerer ogs\u00e5 som en hurtigutl\u00f8sende sikkerhetsmekanisme.<\/p>\n<p data-path-to-node=\"14\"><b>Subtil, men effektiv merkevarebygging<\/b> I stedet for \u00e5 trykke tekst langs snoren, brukes merkevarebygging p\u00e5 en <b>sirkul\u00e6r plastglider\/knapp<\/b>. Dette gir mulighet for en logo i fullfarge (kuppelformet eller flatt trykk) som sitter godt synlig p\u00e5 brystet, slik at merkevaren din alltid er synlig uten \u00e5 rote til designet.<\/p>\n<p data-path-to-node=\"15\"><b>Viktige funksjoner:<\/b><\/p>\n<ul data-path-to-node=\"16\">\n<li>\n<p data-path-to-node=\"16,0,0\"><b>Materiale:<\/b> Elastisk rund snor (hvit, svart eller spesialfarger).<\/p>\n<\/li>\n<li>\n<p data-path-to-node=\"16,1,0\"><b>L\u00e5sealternativer:<\/b> Premium metalltorpedo eller flat plast.<\/p>\n<\/li>\n<li>\n<p data-path-to-node=\"16,2,0\"><b>Logoplassering:<\/b> Rund justeringsknapp i plast.<\/p>\n<\/li>\n<li>\n<p data-path-to-node=\"16,3,0\"><b>Stil:<\/b> Minimalistisk, sporty, teknologisk.<\/p>\n<\/li>\n<\/ul>","protected":false},"excerpt":{"rendered":"<ul>\n<li>\n<p data-path-to-node=\"10,0,0\"><b>Smart magnetisk l\u00e5s:<\/b> Har en elegant magnetisk kontakt i metall eller plast som klikker sammen umiddelbart for uten trykk bruk.<\/p>\n<\/li>\n<li>\n<p data-path-to-node=\"10,1,0\"><b>Elastisk komfort:<\/b> Laget av myk, elastisk rund snor som f\u00f8les lett og komfortabel rundt halsen hele dagen.<\/p>\n<\/li>\n<li>\n<p data-path-to-node=\"10,2,0\"><b>Knappemerking:<\/b> Logoen din er trykt p\u00e5 en tilpassbar plastknapp, noe som holder ledningens design rent og minimalistisk.<\/p>\n<\/li>\n<li>\n<p data-path-to-node=\"10,3,0\"><b>Sikkerhetsfunksjon:<\/b> Den magnetiske l\u00e5sen fungerer ogs\u00e5 som en sikkerhetsbryter, og utl\u00f8ses under spenning for \u00e5 forhindre kvelningsfare.<\/p>\n<\/li>\n<\/ul>","protected":false},"featured_media":5870,"comment_status":"closed","ping_status":"closed","template":"","meta":[],"product_brand":[],"product_cat":[125,108,124],"product_tag":[],"class_list":{"0":"post-5730","1":"product","2":"type-product","3":"status-publish","4":"has-post-thumbnail","6":"product_cat-cord-lanyards","7":"product_cat-multifunctional-lanyards","8":"product_cat-id-solutions","10":"first","11":"instock","12":"shipping-taxable","13":"product-type-simple"},"_links":{"self":[{"href":"https:\/\/displayproducts.eu\/nb\/wp-json\/wp\/v2\/product\/5730","targetHints":{"allow":["GET"]}}],"collection":[{"href":"https:\/\/displayproducts.eu\/nb\/wp-json\/wp\/v2\/product"}],"about":[{"href":"https:\/\/displayproducts.eu\/nb\/wp-json\/wp\/v2\/types\/product"}],"replies":[{"embeddable":true,"href":"https:\/\/displayproducts.eu\/nb\/wp-json\/wp\/v2\/comments?post=5730"}],"wp:featuredmedia":[{"embeddable":true,"href":"https:\/\/displayproducts.eu\/nb\/wp-json\/wp\/v2\/media\/5870"}],"wp:attachment":[{"href":"https:\/\/displayproducts.eu\/nb\/wp-json\/wp\/v2\/media?parent=5730"}],"wp:term":[{"taxonomy":"product_brand","embeddable":true,"href":"https:\/\/displayproducts.eu\/nb\/wp-json\/wp\/v2\/product_brand?post=5730"},{"taxonomy":"product_cat","embeddable":true,"href":"https:\/\/displayproducts.eu\/nb\/wp-json\/wp\/v2\/product_cat?post=5730"},{"taxonomy":"product_tag","embeddable":true,"href":"https:\/\/displayproducts.eu\/nb\/wp-json\/wp\/v2\/product_tag?post=5730"}],"curies":[{"name":"wp","href":"https:\/\/api.w.org\/{rel}","templated":true}]}}