{"id":5714,"date":"2025-12-10T13:27:04","date_gmt":"2025-12-10T10:27:04","guid":{"rendered":"https:\/\/wristbandfactory.eu\/?post_type=product&#038;p=5714"},"modified":"2026-04-01T21:52:35","modified_gmt":"2026-04-01T18:52:35","slug":"custom-led-lanyards-flashing-light-up-straps","status":"publish","type":"product","link":"https:\/\/displayproducts.eu\/nb\/p\/custom-led-lanyards-flashing-light-up-straps\/","title":{"rendered":"LED-n\u00f8kkelb\u00e5nd \u2013 Blinkende lys"},"content":{"rendered":"<p data-path-to-node=\"12\">Elektrifiser merkevarens tilstedev\u00e6relse med v\u00e5re <b>Tilpassede LED-armbind<\/b>. Dette er ikke bare funksjonelle ID-holdere; de er oppmerksomhetsfangende tilbeh\u00f8r designet for synlighet og underholdning om natten.<\/p>\n<p data-path-to-node=\"13\"><b>H\u00f8yteknologisk merkevarebygging for arrangementer<\/b> Ved hjelp av avansert LED-teknologi og optiske fibre (eller innebygde striper) avgir disse lanyardene en sterk, neonlignende gl\u00f8d. En innebygd kontroller lar brukeren veksle mellom blinkende moduser eller et fast lys, noe som skaper en dynamisk atmosf\u00e6re p\u00e5 konserter, festivaler og lanseringsfester.<\/p>\n<p data-path-to-node=\"14\"><b>Sikkerhet og synlighet<\/b> Utover fester er LED-armbind et utmerket sikkerhetsverkt\u00f8y for nattpersonell, sikkerhetspersonell og kveldsmaratonl\u00f8pere, slik at de blir sett p\u00e5 avstand.<\/p>\n<p data-path-to-node=\"15\"><b>Tilpasningsalternativer:<\/b><\/p>\n<ul data-path-to-node=\"16\">\n<li>\n<p data-path-to-node=\"16,0,0\"><b>Nylon webbing stil:<\/b> En tradisjonell flat snor med en LED-stripe inni. Kan trykkes langs stoffet.<\/p>\n<\/li>\n<li>\n<p data-path-to-node=\"16,1,0\"><b>Optisk r\u00f8rstil:<\/b> Et futuristisk klart r\u00f8r som lyser intenst. Merkevarebygging plasseres vanligvis p\u00e5 batteripakken.<\/p>\n<\/li>\n<\/ul>\n<p data-path-to-node=\"17\"><b>Viktige funksjoner:<\/b><\/p>\n<ul data-path-to-node=\"18\">\n<li>\n<p data-path-to-node=\"18,0,0\"><b>Makt:<\/b> Utskiftbare knappcellebatterier (inkludert).<\/p>\n<\/li>\n<li>\n<p data-path-to-node=\"18,1,0\"><b>Moduser:<\/b> Rask blinking \/ Sakte blinking \/ Fast p\u00e5 \/ Av.<\/p>\n<\/li>\n<li>\n<p data-path-to-node=\"18,2,0\"><b>Farger:<\/b> R\u00f8d, bl\u00e5, gr\u00f8nn, gul, hvit, rosa, flerfarget.<\/p>\n<\/li>\n<li>\n<p data-path-to-node=\"18,3,0\"><b>Maskinvare:<\/b> Bryterboks i plast + metallkrok.<\/p>\n<\/li>\n<\/ul>","protected":false},"excerpt":{"rendered":"<ul>\n<li>\n<p data-path-to-node=\"10,0,0\"><b>Aktiv belysning:<\/b> Drevet av batterier og LED-lys, og gir god synlighet i totalt m\u00f8rke (i motsetning til passivt blekk som selvlyser i m\u00f8rket).<\/p>\n<\/li>\n<li>\n<p data-path-to-node=\"10,1,0\"><b>Flere moduser:<\/b> Har en kontrollbryter for \u00e5 veksle mellom modusene rask blinking, langsom blinking og fast p\u00e5.<\/p>\n<\/li>\n<li>\n<p data-path-to-node=\"10,2,0\"><b>Fiberoptisk guide:<\/b> Bruker en klar optisk kjerne eller interne ledninger for \u00e5 fordele lyset jevnt over hele lengden p\u00e5 snoren.<\/p>\n<\/li>\n<li>\n<p data-path-to-node=\"10,3,0\"><b>Merkevareomr\u00e5der:<\/b> Logoen kan trykkes p\u00e5 nylonstroppen eller batterihuset i plast for maksimal eksponering.<\/p>\n<\/li>\n<\/ul>","protected":false},"featured_media":5884,"comment_status":"closed","ping_status":"closed","template":"","meta":[],"product_brand":[],"product_cat":[108,76,123],"product_tag":[],"class_list":{"0":"post-5714","1":"product","2":"type-product","3":"status-publish","4":"has-post-thumbnail","6":"product_cat-multifunctional-lanyards","7":"product_cat-glow-led-products","8":"product_cat-fan-cheering-items","10":"first","11":"instock","12":"shipping-taxable","13":"product-type-simple"},"_links":{"self":[{"href":"https:\/\/displayproducts.eu\/nb\/wp-json\/wp\/v2\/product\/5714","targetHints":{"allow":["GET"]}}],"collection":[{"href":"https:\/\/displayproducts.eu\/nb\/wp-json\/wp\/v2\/product"}],"about":[{"href":"https:\/\/displayproducts.eu\/nb\/wp-json\/wp\/v2\/types\/product"}],"replies":[{"embeddable":true,"href":"https:\/\/displayproducts.eu\/nb\/wp-json\/wp\/v2\/comments?post=5714"}],"wp:featuredmedia":[{"embeddable":true,"href":"https:\/\/displayproducts.eu\/nb\/wp-json\/wp\/v2\/media\/5884"}],"wp:attachment":[{"href":"https:\/\/displayproducts.eu\/nb\/wp-json\/wp\/v2\/media?parent=5714"}],"wp:term":[{"taxonomy":"product_brand","embeddable":true,"href":"https:\/\/displayproducts.eu\/nb\/wp-json\/wp\/v2\/product_brand?post=5714"},{"taxonomy":"product_cat","embeddable":true,"href":"https:\/\/displayproducts.eu\/nb\/wp-json\/wp\/v2\/product_cat?post=5714"},{"taxonomy":"product_tag","embeddable":true,"href":"https:\/\/displayproducts.eu\/nb\/wp-json\/wp\/v2\/product_tag?post=5714"}],"curies":[{"name":"wp","href":"https:\/\/api.w.org\/{rel}","templated":true}]}}