{"id":5702,"date":"2025-12-10T13:11:19","date_gmt":"2025-12-10T10:11:19","guid":{"rendered":"https:\/\/wristbandfactory.eu\/?post_type=product&#038;p=5702"},"modified":"2026-04-01T21:52:35","modified_gmt":"2026-04-01T18:52:35","slug":"custom-crossbody-phone-lanyards-universal-patch-fit","status":"publish","type":"product","link":"https:\/\/displayproducts.eu\/nb\/p\/custom-crossbody-phone-lanyards-universal-patch-fit\/","title":{"rendered":"Crossbody mobilsnor \u2013 Justerbar stropp"},"content":{"rendered":"<p data-path-to-node=\"12\">Gi teamet eller deltakerne dine muligheten til \u00e5 bruke h\u00e5ndfrie telefoner med v\u00e5r <b>Tilpassede crossbody-telefonn\u00f8kkelb\u00e5nd<\/b>. Dette er det ultimate moderne tilbeh\u00f8ret for messer, festivaler og forretningsreiser, og sikrer at smarttelefoner alltid er tilgjengelige, men aldri mistes.<\/p>\n<p data-path-to-node=\"13\"><b>Hvordan det fungerer<\/b> I motsetning til gamle silikonholdere som blokkerer skjermen, bruker dette systemet en tynn, slitesterk <b>ankerlapp<\/b> (fane). Bare plasser merkelappen inni telefondekselet, f\u00f8r l\u00f8kken gjennom ladehullet og klikk p\u00e5 snoren. Den fungerer med s\u00e5 godt som alle smarttelefonmodeller og -deksler.<\/p>\n<p data-path-to-node=\"14\"><b>Mote m\u00f8ter funksjon<\/b> Stroppen er fullt justerbar, slik at den kan b\u00e6res p\u00e5 tvers av kroppen (crossbody) som en veske, eller tradisjonelt rundt halsen. De mattsvarte delene og den kraftige polyestervevingen gir den en f\u00f8rsteklasses f\u00f8lelse av detaljhandelskvalitet sammenlignet med vanlige konferansearmbind.<\/p>\n<p data-path-to-node=\"15\"><b>Anbefalte brukstilfeller:<\/b><\/p>\n<ul data-path-to-node=\"16\">\n<li>\n<p data-path-to-node=\"16,0,0\"><b>Teknologikonferanser:<\/b> #1-swag-gjenstanden for mobil-f\u00f8rst-arrangementer.<\/p>\n<\/li>\n<li>\n<p data-path-to-node=\"16,1,0\"><b>Feltpersonale:<\/b> Perfekt for logistikk-, arrangementsarrang\u00f8rer og detaljhandelspersonell som trenger telefonene sine hele tiden.<\/p>\n<\/li>\n<li>\n<p data-path-to-node=\"16,2,0\"><b>influencer-sett:<\/b> En trendy gave av h\u00f8y verdi som blir brukt daglig p\u00e5 sosiale medier.<\/p>\n<\/li>\n<\/ul>\n<p data-path-to-node=\"17\"><b>Viktige funksjoner:<\/b><\/p>\n<ul data-path-to-node=\"18\">\n<li>\n<p data-path-to-node=\"18,0,0\"><b>Stropp:<\/b> Bred, justerbar polyester (ca. 160 cm maks lengde).<\/p>\n<\/li>\n<li>\n<p data-path-to-node=\"18,1,0\"><b>Vedlegg:<\/b> Universell telefonlapp (passer til ladeport).<\/p>\n<\/li>\n<li>\n<p data-path-to-node=\"18,2,0\"><b>Maskinvare:<\/b> Kraftig O-ring og hummerl\u00e5s i metall.<\/p>\n<\/li>\n<li>\n<p data-path-to-node=\"18,3,0\"><b>Tilpasning:<\/b> Fullfargetrykk p\u00e5 stroppen + logo p\u00e5 merket.<\/p>\n<\/li>\n<\/ul>","protected":false},"excerpt":{"rendered":"<ul>\n<li>\n<p data-path-to-node=\"10,0,0\"><b>Universell kompatibilitet:<\/b> Inkluderer en slitesterk \u201clapp\u201d eller flik som passer inni alle standard ladeporter for telefondeksel \u2013 uten lim eller skruer.<\/p>\n<\/li>\n<li>\n<p data-path-to-node=\"10,1,0\"><b>Justerbar lengde:<\/b> Har en solid glidespenne som lar brukerne bruke den rundt halsen eller som en trendy crossbody-stropp.<\/p>\n<\/li>\n<li>\n<p data-path-to-node=\"10,2,0\"><b>Premium maskinvare:<\/b> Avsluttet med ringer og kroker i matt, svart metall av h\u00f8y kvalitet for et elegant og moderne, teknisk utseende.<\/p>\n<\/li>\n<li>\n<p data-path-to-node=\"10,3,0\"><b>Dobbel merkevarebygging:<\/b> Logoen din kan trykkes p\u00e5 polyesterstroppen OG koblingsmerket for maksimal synlighet.<\/p>\n<\/li>\n<\/ul>","protected":false},"featured_media":5895,"comment_status":"closed","ping_status":"closed","template":"","meta":[],"product_brand":[],"product_cat":[108,122,127],"product_tag":[],"class_list":{"0":"post-5702","1":"product","2":"type-product","3":"status-publish","4":"has-post-thumbnail","6":"product_cat-multifunctional-lanyards","7":"product_cat-promotional-accessories","8":"product_cat-custom-straps-belts","10":"first","11":"instock","12":"shipping-taxable","13":"product-type-simple"},"_links":{"self":[{"href":"https:\/\/displayproducts.eu\/nb\/wp-json\/wp\/v2\/product\/5702","targetHints":{"allow":["GET"]}}],"collection":[{"href":"https:\/\/displayproducts.eu\/nb\/wp-json\/wp\/v2\/product"}],"about":[{"href":"https:\/\/displayproducts.eu\/nb\/wp-json\/wp\/v2\/types\/product"}],"replies":[{"embeddable":true,"href":"https:\/\/displayproducts.eu\/nb\/wp-json\/wp\/v2\/comments?post=5702"}],"wp:featuredmedia":[{"embeddable":true,"href":"https:\/\/displayproducts.eu\/nb\/wp-json\/wp\/v2\/media\/5895"}],"wp:attachment":[{"href":"https:\/\/displayproducts.eu\/nb\/wp-json\/wp\/v2\/media?parent=5702"}],"wp:term":[{"taxonomy":"product_brand","embeddable":true,"href":"https:\/\/displayproducts.eu\/nb\/wp-json\/wp\/v2\/product_brand?post=5702"},{"taxonomy":"product_cat","embeddable":true,"href":"https:\/\/displayproducts.eu\/nb\/wp-json\/wp\/v2\/product_cat?post=5702"},{"taxonomy":"product_tag","embeddable":true,"href":"https:\/\/displayproducts.eu\/nb\/wp-json\/wp\/v2\/product_tag?post=5702"}],"curies":[{"name":"wp","href":"https:\/\/api.w.org\/{rel}","templated":true}]}}