{"id":5694,"date":"2025-12-10T13:02:37","date_gmt":"2025-12-10T10:02:37","guid":{"rendered":"https:\/\/wristbandfactory.eu\/?post_type=product&#038;p=5694"},"modified":"2026-04-01T21:52:35","modified_gmt":"2026-04-01T18:52:35","slug":"custom-tubular-lanyards-soft-shoelace-style","status":"publish","type":"product","link":"https:\/\/displayproducts.eu\/nb\/p\/custom-tubular-lanyards-soft-shoelace-style\/","title":{"rendered":"R\u00f8rvevde n\u00f8kkelb\u00e5nd \u2013 Myk lissestil"},"content":{"rendered":"<p data-path-to-node=\"12\">F\u00e5 den beste balansen mellom komfort og verdi med v\u00e5r <b>Tilpassede r\u00f8rformede lanyards<\/b>. Disse kalles ofte \u201cskolisser\u201d og er laget av r\u00f8rsydd polyester, noe som skaper et dobbelt lag med stoff som er hult p\u00e5 innsiden.<\/p>\n<p data-path-to-node=\"13\"><b>Hvorfor velge r\u00f8rformet?<\/b><\/p>\n<ol start=\"1\" data-path-to-node=\"14\">\n<li>\n<p data-path-to-node=\"14,0,0\"><b>Komfort:<\/b> Fordi det ikke er noen sydde kanter, er dette de mykeste lanyardene som er tilgjengelige, noe som gj\u00f8r dem perfekte for frivillige eller ansatte som bruker dem i \u00e5tte timer eller mer.<\/p>\n<\/li>\n<li>\n<p data-path-to-node=\"14,1,0\"><b>Pris:<\/b> Dette er v\u00e5rt mest \u00f8konomiske alternativ for spesialtilpassede lanyards, noe som gj\u00f8r det til bransjestandarden for store messer, festivaler og skoler.<\/p>\n<\/li>\n<\/ol>\n<p data-path-to-node=\"15\"><b>Utskrift av notater<\/b> Den r\u00f8rformede overflaten gir en teksturert bakgrunn. Vi anbefaler <b>Silketrykk<\/b> for fet tekst og enkle logoer (1\u20132 farger) for \u00e5 sikre skarpest mulig resultat.<\/p>\n<p data-path-to-node=\"16\"><b>Anbefalte brukstilfeller:<\/b><\/p>\n<ul data-path-to-node=\"17\">\n<li>\n<p data-path-to-node=\"17,0,0\"><b>Skoler og universiteter:<\/b> Slitesterke og billige ID-holdere for studenter.<\/p>\n<\/li>\n<li>\n<p data-path-to-node=\"17,1,0\"><b>Store konferanser:<\/b> Kostnadseffektiv merkevarebygging for tusenvis av deltakere.<\/p>\n<\/li>\n<li>\n<p data-path-to-node=\"17,2,0\"><b>Sportsarrangementer:<\/b> Det sporty \u201cskolippe\u201d-utseendet passer perfekt til atletiske temaer.<\/p>\n<\/li>\n<\/ul>\n<p data-path-to-node=\"18\"><b>Viktige funksjoner:<\/b><\/p>\n<ul data-path-to-node=\"19\">\n<li>\n<p data-path-to-node=\"19,0,0\"><b>Materiale:<\/b> R\u00f8rformet vevd polyester.<\/p>\n<\/li>\n<li>\n<p data-path-to-node=\"19,1,0\"><b>Bredde:<\/b> Standard 10 mm, 12 mm eller 15 mm (breddene er omtrentlige p\u00e5 grunn av r\u00f8rformen).<\/p>\n<\/li>\n<li>\n<p data-path-to-node=\"19,2,0\"><b>Trykk:<\/b> Silketrykk. Merkevarebygging.<\/p>\n<\/li>\n<li>\n<p data-path-to-node=\"19,3,0\"><b>Vedlegg:<\/b> Kompatibel med alle standard kroker, klips og sikkerhetsl\u00e5ser.<\/p>\n<\/li>\n<\/ul>","protected":false},"excerpt":{"rendered":"<ul>\n<li>\n<p data-path-to-node=\"10,0,0\"><b>R\u00f8rkonstruksjon:<\/b> Vevd til en hul, r\u00f8rlignende form (ligner p\u00e5 en skolisse), noe som eliminerer skarpe kanter for maksimal komfort.<\/p>\n<\/li>\n<li>\n<p data-path-to-node=\"10,1,0\"><b>Budsjettvennlig:<\/b> vanligvis den mest kostnadseffektive l\u00f8sningen for store arrangementer og bemanning.<\/p>\n<\/li>\n<li>\n<p data-path-to-node=\"10,2,0\"><b>H\u00f8ykontrastutskrift:<\/b> Ideelt for fet silketrykket tekst og logoer som m\u00e5 skille seg ut mot en farget bakgrunn.<\/p>\n<\/li>\n<li>\n<p data-path-to-node=\"10,3,0\"><b>Myk og fleksibel:<\/b> Den l\u00f8st vevde polyesteren gir en avslappet og uformell drapering sammenlignet med stive, flate armbind.<\/p>\n<\/li>\n<\/ul>","protected":false},"featured_media":5898,"comment_status":"closed","ping_status":"closed","template":"","meta":[],"product_brand":[],"product_cat":[104],"product_tag":[],"class_list":{"0":"post-5694","1":"product","2":"type-product","3":"status-publish","4":"has-post-thumbnail","6":"product_cat-custom-printed-lanyards","8":"first","9":"instock","10":"shipping-taxable","11":"product-type-simple"},"_links":{"self":[{"href":"https:\/\/displayproducts.eu\/nb\/wp-json\/wp\/v2\/product\/5694","targetHints":{"allow":["GET"]}}],"collection":[{"href":"https:\/\/displayproducts.eu\/nb\/wp-json\/wp\/v2\/product"}],"about":[{"href":"https:\/\/displayproducts.eu\/nb\/wp-json\/wp\/v2\/types\/product"}],"replies":[{"embeddable":true,"href":"https:\/\/displayproducts.eu\/nb\/wp-json\/wp\/v2\/comments?post=5694"}],"wp:featuredmedia":[{"embeddable":true,"href":"https:\/\/displayproducts.eu\/nb\/wp-json\/wp\/v2\/media\/5898"}],"wp:attachment":[{"href":"https:\/\/displayproducts.eu\/nb\/wp-json\/wp\/v2\/media?parent=5694"}],"wp:term":[{"taxonomy":"product_brand","embeddable":true,"href":"https:\/\/displayproducts.eu\/nb\/wp-json\/wp\/v2\/product_brand?post=5694"},{"taxonomy":"product_cat","embeddable":true,"href":"https:\/\/displayproducts.eu\/nb\/wp-json\/wp\/v2\/product_cat?post=5694"},{"taxonomy":"product_tag","embeddable":true,"href":"https:\/\/displayproducts.eu\/nb\/wp-json\/wp\/v2\/product_tag?post=5694"}],"curies":[{"name":"wp","href":"https:\/\/api.w.org\/{rel}","templated":true}]}}