{"id":5689,"date":"2025-12-10T12:53:36","date_gmt":"2025-12-10T09:53:36","guid":{"rendered":"https:\/\/wristbandfactory.eu\/?post_type=product&#038;p=5689"},"modified":"2026-04-01T21:52:35","modified_gmt":"2026-04-01T18:52:35","slug":"custom-jacquard-woven-lanyards-embroidered-logo","status":"publish","type":"product","link":"https:\/\/displayproducts.eu\/nb\/p\/custom-jacquard-woven-lanyards-embroidered-logo\/","title":{"rendered":"Tilpassede jacquardvevde lanyards \u2013 brodert logo"},"content":{"rendered":"<p data-path-to-node=\"11\">Oppgrader bedriftens identitet med v\u00e5re <b>Tilpassede jacquard-vevde lanyards<\/b>. Mens trykte lanyards er flotte for korte arrangementer, er vevde lanyards bygget for \u00e5 vare i \u00e5revis, noe som gj\u00f8r dem til det beste valget for ansatt-ID-kort og sikkerhetskort.<\/p>\n<p data-path-to-node=\"12\"><b>Jacquard-forskjellen<\/b> Ved hjelp av en tradisjonell vevstolprosess vever vi logoen din direkte inn i stoffet med fargede tr\u00e5der. Dette skaper et design som er en del av selve materialet. Som vist i eksemplet med \u201cCrete Carrier\u201d, resulterer dette i en profesjonell finish der logoen er synlig p\u00e5 begge sider (med fargene reversert p\u00e5 baksiden).<\/p>\n<p data-path-to-node=\"13\"><b>Hvorfor velge vevd?<\/b><\/p>\n<ul data-path-to-node=\"14\">\n<li>\n<p data-path-to-node=\"14,0,0\"><b>Varighet:<\/b> Designet er permanent og t\u00e5ler vask og friksjon.<\/p>\n<\/li>\n<li>\n<p data-path-to-node=\"14,1,0\"><b>Prestisje:<\/b> Det teksturerte, broderte utseendet formidler en h\u00f8yere opplevd verdi enn flatt trykk.<\/p>\n<\/li>\n<\/ul>\n<p data-path-to-node=\"15\"><b>Anbefalte brukstilfeller:<\/b><\/p>\n<ul data-path-to-node=\"16\">\n<li>\n<p data-path-to-node=\"16,0,0\"><b>Ansatt-ID:<\/b> For daglig bruk p\u00e5 kontorer og sykehus.<\/p>\n<\/li>\n<li>\n<p data-path-to-node=\"16,1,0\"><b>Universiteter:<\/b> Holdbare studentkort som varer et helt studie\u00e5r.<\/p>\n<\/li>\n<li>\n<p data-path-to-node=\"16,2,0\"><b>Premium-varer:<\/b> H\u00f8ykvalitets vifteutstyr (f.eks. Yas Marina Circuit).<\/p>\n<\/li>\n<\/ul>\n<p data-path-to-node=\"17\"><b>Viktige funksjoner:<\/b><\/p>\n<ul data-path-to-node=\"18\">\n<li>\n<p data-path-to-node=\"18,0,0\"><b>Materiale:<\/b> H\u00f8yfast vevd polyester.<\/p>\n<\/li>\n<li>\n<p data-path-to-node=\"18,1,0\"><b>Vevestil:<\/b> Jacquard (maks 2\u20133 farger anbefales for klarhet).<\/p>\n<\/li>\n<li>\n<p data-path-to-node=\"18,2,0\"><b>Vedlegg:<\/b> Metallsvingkroker, delte ringer eller plastspenner.<\/p>\n<\/li>\n<li>\n<p data-path-to-node=\"18,3,0\"><b>Bredde:<\/b> Standard 15 mm, 20 mm eller 25 mm.<\/p>\n<\/li>\n<\/ul>","protected":false},"excerpt":{"rendered":"<ul>\n<li>\n<p data-path-to-node=\"9,0,0\"><b>Vevd merkevarebygging:<\/b> Logoen er sydd inn i webbingstrukturen, ikke trykt p\u00e5 toppen, noe som sikrer at den aldri flasser eller falmer.<\/p>\n<\/li>\n<li>\n<p data-path-to-node=\"9,1,0\"><b>Premium tekstur:<\/b> Gir en brodert f\u00f8lelse av h\u00f8y kvalitet som er tykkere og mer robust enn vanlige polyesterarmbind.<\/p>\n<\/li>\n<li>\n<p data-path-to-node=\"9,2,0\"><b>Baksiden:<\/b> Designet vises i reverserte farger p\u00e5 baksiden, noe som bekrefter den autentiske vevde konstruksjonen.<\/p>\n<\/li>\n<li>\n<p data-path-to-node=\"9,3,0\"><b>Kraftig belastning:<\/b> Ideell for langvarig bruk av ansatte, sikkerhetspersonell eller universitetsstudenter.<\/p>\n<\/li>\n<\/ul>","protected":false},"featured_media":5903,"comment_status":"closed","ping_status":"closed","template":"","meta":[],"product_brand":[],"product_cat":[104],"product_tag":[],"class_list":{"0":"post-5689","1":"product","2":"type-product","3":"status-publish","4":"has-post-thumbnail","6":"product_cat-custom-printed-lanyards","8":"first","9":"instock","10":"shipping-taxable","11":"product-type-simple"},"_links":{"self":[{"href":"https:\/\/displayproducts.eu\/nb\/wp-json\/wp\/v2\/product\/5689","targetHints":{"allow":["GET"]}}],"collection":[{"href":"https:\/\/displayproducts.eu\/nb\/wp-json\/wp\/v2\/product"}],"about":[{"href":"https:\/\/displayproducts.eu\/nb\/wp-json\/wp\/v2\/types\/product"}],"replies":[{"embeddable":true,"href":"https:\/\/displayproducts.eu\/nb\/wp-json\/wp\/v2\/comments?post=5689"}],"wp:featuredmedia":[{"embeddable":true,"href":"https:\/\/displayproducts.eu\/nb\/wp-json\/wp\/v2\/media\/5903"}],"wp:attachment":[{"href":"https:\/\/displayproducts.eu\/nb\/wp-json\/wp\/v2\/media?parent=5689"}],"wp:term":[{"taxonomy":"product_brand","embeddable":true,"href":"https:\/\/displayproducts.eu\/nb\/wp-json\/wp\/v2\/product_brand?post=5689"},{"taxonomy":"product_cat","embeddable":true,"href":"https:\/\/displayproducts.eu\/nb\/wp-json\/wp\/v2\/product_cat?post=5689"},{"taxonomy":"product_tag","embeddable":true,"href":"https:\/\/displayproducts.eu\/nb\/wp-json\/wp\/v2\/product_tag?post=5689"}],"curies":[{"name":"wp","href":"https:\/\/api.w.org\/{rel}","templated":true}]}}