{"id":5671,"date":"2025-12-10T12:33:03","date_gmt":"2025-12-10T09:33:03","guid":{"rendered":"https:\/\/wristbandfactory.eu\/?post_type=product&#038;p=5671"},"modified":"2026-04-01T21:52:35","modified_gmt":"2026-04-01T18:52:35","slug":"custom-canvas-webbing-belts-metal-plastic-buckles","status":"publish","type":"product","link":"https:\/\/displayproducts.eu\/nb\/p\/custom-canvas-webbing-belts-metal-plastic-buckles\/","title":{"rendered":"Kanvasbelter med logo \u2013 Metall- eller plastspenne"},"content":{"rendered":"<p data-path-to-node=\"12\">Utvid merkevarekleskolleksjonen din med v\u00e5r <b>Tilpassede lerretsbelter<\/b>. Enten det er for industrielle arbeidsuniformer eller trendy streetwear-varer, tilbyr disse beltene en praktisk og synlig merkevaremulighet.<\/p>\n<p data-path-to-node=\"13\"><b>To spennestiler som matcher merkevaren din:<\/b><\/p>\n<ol start=\"1\" data-path-to-node=\"14\">\n<li>\n<p data-path-to-node=\"14,0,0\"><b>Standarden for \u201carbeidst\u00f8y\u201d (metall):<\/b> Som vi ser i eksemplet v\u00e5rt fra Milwaukee, gir metallspennen en f\u00f8rsteklasses f\u00f8lelse. Vi kan prege logoen din direkte inn i metallet og fylle det med emaljefarge for en robust og profesjonell finish.<\/p>\n<\/li>\n<li>\n<p data-path-to-node=\"14,1,0\"><b>\u201cGatestandarden\u201d (plast):<\/b> For en lettere og mer avslappet estetikk, velg den kraftige plastspennen. Den er slitesterk, korrosiv og ideell for aktiv bruk.<\/p>\n<\/li>\n<\/ol>\n<p data-path-to-node=\"15\"><b>Hvorfor velge spesialtilpassede belter?<\/b> Belter er gjenstander som holder seg godt igjen \u2013 mottakerne bruker dem daglig. De er i hovedsak \u201cvandrende reklametavler\u201d for merkevaren din, spesielt effektive for byggefirmaer, skate-\/surfmerker og uniformleverand\u00f8rer.<\/p>\n<p data-path-to-node=\"16\"><b>Viktige funksjoner:<\/b><\/p>\n<ul data-path-to-node=\"17\">\n<li>\n<p data-path-to-node=\"17,0,0\"><b>Stroppbredde:<\/b> Standard bredder p\u00e5 30 mm eller 38 mm.<\/p>\n<\/li>\n<li>\n<p data-path-to-node=\"17,1,0\"><b>Spennemekanisme:<\/b> P\u00e5litelig tannklemmesystem forhindrer glidning.<\/p>\n<\/li>\n<li>\n<p data-path-to-node=\"17,2,0\"><b>Tilpasning:<\/b> Logo p\u00e5 spenne (preget\/trykket) + alternativer for vevd etikett.<\/p>\n<\/li>\n<li>\n<p data-path-to-node=\"17,3,0\"><b>Emballasje:<\/b> Individuell polyposeinnpakning tilgjengelig for distribusjon i detaljhandelen<\/p>\n<\/li>\n<\/ul>","protected":false},"excerpt":{"rendered":"<ul>\n<li>\n<p data-path-to-node=\"10,0,0\"><b>Kraftig webbing:<\/b> Laget av tykk, slitesterk polyester- eller bomullslerret, designet for \u00e5 t\u00e5le daglig slitasje.<\/p>\n<\/li>\n<li>\n<p data-path-to-node=\"10,1,0\"><b>Metallspenne-alternativ:<\/b> Klassisk metallspenne i milit\u00e6rstil med \u201cflip-top\u201d, perfekt for pregede logoer (f.eks. Milwaukee) og firmagaver.<\/p>\n<\/li>\n<li>\n<p data-path-to-node=\"10,2,0\"><b>Alternativ for plastspenne:<\/b> Sterk, lett svart plastspenne (YKK-stil) for et moderne utseende eller sikkerhetssensitive milj\u00f8er.<\/p>\n<\/li>\n<li>\n<p data-path-to-node=\"10,3,0\"><b>Fullt justerbar:<\/b> Designet som kan klippes til lengden gj\u00f8r at beltet uten trykkt passer til alle midjest\u00f8rrelser.<\/p>\n<\/li>\n<\/ul>","protected":false},"featured_media":5914,"comment_status":"closed","ping_status":"closed","template":"","meta":[],"product_brand":[],"product_cat":[127],"product_tag":[],"class_list":{"0":"post-5671","1":"product","2":"type-product","3":"status-publish","4":"has-post-thumbnail","6":"product_cat-custom-straps-belts","8":"first","9":"instock","10":"shipping-taxable","11":"product-type-simple"},"_links":{"self":[{"href":"https:\/\/displayproducts.eu\/nb\/wp-json\/wp\/v2\/product\/5671","targetHints":{"allow":["GET"]}}],"collection":[{"href":"https:\/\/displayproducts.eu\/nb\/wp-json\/wp\/v2\/product"}],"about":[{"href":"https:\/\/displayproducts.eu\/nb\/wp-json\/wp\/v2\/types\/product"}],"replies":[{"embeddable":true,"href":"https:\/\/displayproducts.eu\/nb\/wp-json\/wp\/v2\/comments?post=5671"}],"wp:featuredmedia":[{"embeddable":true,"href":"https:\/\/displayproducts.eu\/nb\/wp-json\/wp\/v2\/media\/5914"}],"wp:attachment":[{"href":"https:\/\/displayproducts.eu\/nb\/wp-json\/wp\/v2\/media?parent=5671"}],"wp:term":[{"taxonomy":"product_brand","embeddable":true,"href":"https:\/\/displayproducts.eu\/nb\/wp-json\/wp\/v2\/product_brand?post=5671"},{"taxonomy":"product_cat","embeddable":true,"href":"https:\/\/displayproducts.eu\/nb\/wp-json\/wp\/v2\/product_cat?post=5671"},{"taxonomy":"product_tag","embeddable":true,"href":"https:\/\/displayproducts.eu\/nb\/wp-json\/wp\/v2\/product_tag?post=5671"}],"curies":[{"name":"wp","href":"https:\/\/api.w.org\/{rel}","templated":true}]}}