{"id":5670,"date":"2025-12-10T12:24:00","date_gmt":"2025-12-10T09:24:00","guid":{"rendered":"https:\/\/wristbandfactory.eu\/?post_type=product&#038;p=5670"},"modified":"2026-04-01T21:52:03","modified_gmt":"2026-04-01T18:52:03","slug":"custom-neoprene-sunglasses-straps-floating-retainer","status":"publish","type":"product","link":"https:\/\/displayproducts.eu\/nb\/p\/custom-neoprene-sunglasses-straps-floating-retainer\/","title":{"rendered":"Brillesnor i neopren \u2013 Flytende holder"},"content":{"rendered":"<p data-path-to-node=\"12\">Beskytt brillene dine med stil med v\u00e5re <b>Tilpassede neopren solbrillestropper<\/b>. Disse er ogs\u00e5 kjent som brilleholdere, og er det ultimate sommerreklameproduktet for reisebyr\u00e5er, idrettslag og friluftsmerker.<\/p>\n<p data-path-to-node=\"13\"><b>Bygget for action og vann<\/b> I motsetning til tynne armbind er disse stroppene laget av neopren av h\u00f8y kvalitet \u2013 det samme materialet som brukes i v\u00e5tdrakter. Dette gir dem naturlig oppdrift, noe som gj\u00f8r dem <b>ideell for vannsport<\/b>, fisketurer og strandfestivaler. Hvis glassene faller i vannet, hjelper stroppen med \u00e5 holde dem flytende.<\/p>\n<p data-path-to-node=\"14\"><b>Merkevarebygging med h\u00f8y synlighet<\/b> Den brede profilen p\u00e5 remmen gir et utmerket lerret for merkevaren din. Som vist p\u00e5 pr\u00f8vene kan vi utf\u00f8re:<\/p>\n<ol start=\"1\" data-path-to-node=\"15\">\n<li>\n<p data-path-to-node=\"15,0,0\"><b>Spotfargeutskrift:<\/b> Tydelige, dristige logoer for bedriftens synlighet (f.eks. Allianz, Ole Miss).<\/p>\n<\/li>\n<li>\n<p data-path-to-node=\"15,1,0\"><b>Sublimering i fullfarge:<\/b> Livlige m\u00f8nstre og illustrasjoner som g\u00e5r fra kant til kant (f.eks. delfiner, nautiske temaer).<\/p>\n<\/li>\n<\/ol>\n<p data-path-to-node=\"16\"><b>Anbefalte brukstilfeller:<\/b><\/p>\n<ul data-path-to-node=\"17\">\n<li>\n<p data-path-to-node=\"17,0,0\"><b>Sommerfestivaler:<\/b> En praktisk gave som deltakerne kan bruke med en gang.<\/p>\n<\/li>\n<li>\n<p data-path-to-node=\"17,1,0\"><b>Bedriftsretreater:<\/b> Perfekt for teambuilding-arrangementer n\u00e6r vann.<\/p>\n<\/li>\n<li>\n<p data-path-to-node=\"17,2,0\"><b>Sportsvarer:<\/b> Universitets- og lagmerkevarebygging for fans.<\/p>\n<\/li>\n<\/ul>\n<p data-path-to-node=\"18\"><b>Viktige funksjoner:<\/b><\/p>\n<ul data-path-to-node=\"19\">\n<li>\n<p data-path-to-node=\"19,0,0\"><b>Materiale:<\/b> 100% neopren (SBR\/CR-skum).<\/p>\n<\/li>\n<li>\n<p data-path-to-node=\"19,1,0\"><b>St\u00f8rrelse:<\/b> Standard ca. 40 cm x 2,5 cm (Passer de fleste voksne).<\/p>\n<\/li>\n<li>\n<p data-path-to-node=\"19,2,0\"><b>Trykk:<\/b> Silketrykk eller sublimering med varmeoverf\u00f8ring.<\/p>\n<\/li>\n<li>\n<p data-path-to-node=\"19,3,0\"><b>Funksjon:<\/b> Sklisikre, flytende, hurtigt\u00f8rkende.<\/p>\n<\/li>\n<\/ul>\n<h3 data-path-to-node=\"20\"><\/h3>","protected":false},"excerpt":{"rendered":"<ul>\n<li>\n<p data-path-to-node=\"10,0,0\"><b>Flytende materiale:<\/b> Laget av mykt og lett neopren (v\u00e5tdraktmateriale) som hjelper brillene med \u00e5 holde seg flytende i vann.<\/p>\n<\/li>\n<li>\n<p data-path-to-node=\"10,1,0\"><b>Sikker passform:<\/b> Elastiske r\u00f8rformede ender griper tett tak i standard solbrilleinnfatninger og hindrer dem i \u00e5 skli av under aktiviteter.<\/p>\n<\/li>\n<li>\n<p data-path-to-node=\"10,2,0\"><b>Full merkevarebygging:<\/b> Tilbyr et stort trykkomr\u00e5de for dristige logoer (f.eks. Allianz, Ole Miss) eller fargem\u00f8nstre.<\/p>\n<\/li>\n<li>\n<p data-path-to-node=\"10,3,0\"><b>Komfortabel:<\/b> Det myke stoffet er behagelig mot halsen og t\u00f8rker raskt etter \u00e5 ha blitt v\u00e5tt.<\/p>\n<\/li>\n<\/ul>","protected":false},"featured_media":6673,"comment_status":"closed","ping_status":"closed","template":"","meta":[],"product_brand":[],"product_cat":[129,118,127],"product_tag":[],"class_list":{"0":"post-5670","1":"product","2":"type-product","3":"status-publish","4":"has-post-thumbnail","6":"product_cat-leisure-lifestyle","7":"product_cat-sports-fitness","8":"product_cat-custom-straps-belts","10":"first","11":"instock","12":"shipping-taxable","13":"product-type-simple"},"_links":{"self":[{"href":"https:\/\/displayproducts.eu\/nb\/wp-json\/wp\/v2\/product\/5670","targetHints":{"allow":["GET"]}}],"collection":[{"href":"https:\/\/displayproducts.eu\/nb\/wp-json\/wp\/v2\/product"}],"about":[{"href":"https:\/\/displayproducts.eu\/nb\/wp-json\/wp\/v2\/types\/product"}],"replies":[{"embeddable":true,"href":"https:\/\/displayproducts.eu\/nb\/wp-json\/wp\/v2\/comments?post=5670"}],"wp:featuredmedia":[{"embeddable":true,"href":"https:\/\/displayproducts.eu\/nb\/wp-json\/wp\/v2\/media\/6673"}],"wp:attachment":[{"href":"https:\/\/displayproducts.eu\/nb\/wp-json\/wp\/v2\/media?parent=5670"}],"wp:term":[{"taxonomy":"product_brand","embeddable":true,"href":"https:\/\/displayproducts.eu\/nb\/wp-json\/wp\/v2\/product_brand?post=5670"},{"taxonomy":"product_cat","embeddable":true,"href":"https:\/\/displayproducts.eu\/nb\/wp-json\/wp\/v2\/product_cat?post=5670"},{"taxonomy":"product_tag","embeddable":true,"href":"https:\/\/displayproducts.eu\/nb\/wp-json\/wp\/v2\/product_tag?post=5670"}],"curies":[{"name":"wp","href":"https:\/\/api.w.org\/{rel}","templated":true}]}}