{"id":5654,"date":"2025-12-10T12:17:37","date_gmt":"2025-12-10T09:17:37","guid":{"rendered":"https:\/\/wristbandfactory.eu\/?post_type=product&#038;p=5654"},"modified":"2026-04-01T21:52:35","modified_gmt":"2026-04-01T18:52:35","slug":"custom-printed-round-cord-lanyards-direct-text-branding","status":"publish","type":"product","link":"https:\/\/displayproducts.eu\/nb\/p\/custom-printed-round-cord-lanyards-direct-text-branding\/","title":{"rendered":"Runde n\u00f8kkelb\u00e5nd med trykk \u2013 Tekst p\u00e5 snoren"},"content":{"rendered":"<p data-path-to-node=\"12\">Skill deg ut fra mengden med v\u00e5r <b>Tilpassede trykte runde snorn\u00f8kkelb\u00e5nd<\/b>. I motsetning til tradisjonelle snorliner som bruker et separat PVC-merke for merkevarebygging, har dette premiumalternativet teksten eller logoen din trykt direkte p\u00e5 selve tauets overflate.<\/p>\n<p data-path-to-node=\"13\"><b>Minimalistisk og moderne<\/b> Denne teknikken skaper et elegant og sporty utseende som er popul\u00e6rt blant teknologiselskaper, friluftslivsmerker og skoler. Den runde profilen (vanligvis 5 mm eller 8 mm) er behagelig \u00e5 bruke hele dagen og vrir seg ikke som flate b\u00e5nd.<\/p>\n<p data-path-to-node=\"14\"><b>Elastisk vs. statisk<\/b> Du kan velge mellom:<\/p>\n<ol start=\"1\" data-path-to-node=\"15\">\n<li>\n<p data-path-to-node=\"15,0,0\"><b>R\u00f8rformet polyester:<\/b> Et klassisk, slitesterkt og ikke-elastisk alternativ, perfekt for ID-kort.<\/p>\n<\/li>\n<li>\n<p data-path-to-node=\"15,1,0\"><b>Elastisk snor:<\/b> Et elastisk \u201cstrikklignende\u201d materiale som gir et unikt taktilt element og fleksibilitet.<\/p>\n<\/li>\n<\/ol>\n<p data-path-to-node=\"16\"><b>Anbefalte brukstilfeller:<\/b><\/p>\n<ul data-path-to-node=\"17\">\n<li>\n<p data-path-to-node=\"17,0,0\"><b>Sport og friluftsliv:<\/b> Den robuste taustilen passer perfekt til idrettsarrangementer.<\/p>\n<\/li>\n<li>\n<p data-path-to-node=\"17,1,0\"><b>Skoler og universiteter:<\/b> Enkle, slitesterke ID-holdere for studenter.<\/p>\n<\/li>\n<li>\n<p data-path-to-node=\"17,2,0\"><b>Teknologi-swag:<\/b> Et moderne alternativ til den vanlige flate snoren.<\/p>\n<\/li>\n<\/ul>\n<p data-path-to-node=\"18\"><b>Viktige funksjoner:<\/b><\/p>\n<ul data-path-to-node=\"19\">\n<li>\n<p data-path-to-node=\"19,0,0\"><b>Printing:<\/b> Silketrykk rundt ledningens krumning.<\/p>\n<\/li>\n<li>\n<p data-path-to-node=\"19,1,0\"><b>Diameter:<\/b> Tilgjengelig i 5 mm, 8 mm eller spesialtykkelser.<\/p>\n<\/li>\n<li>\n<p data-path-to-node=\"19,2,0\"><b>Justerere:<\/b> Plastknappskyvere tilgjengelig for st\u00f8rrelsesjustering.<\/p>\n<\/li>\n<li>\n<p data-path-to-node=\"19,3,0\"><b>Vedlegg:<\/b> Kraftige metallkroker eller delikate hyssingl\u00f8kker.<\/p>\n<\/li>\n<\/ul>","protected":false},"excerpt":{"rendered":"<ul data-path-to-node=\"10\">\n<li>\n<p data-path-to-node=\"10,0,0\"><b>Direkte merkevarebygging:<\/b> Logoen eller slagordet ditt trykkes kontinuerlig langs den runde snoren, noe som gir 360-graders synlighet.<\/p>\n<\/li>\n<li>\n<p data-path-to-node=\"10,1,0\"><b>Materialalternativer:<\/b> Tilgjengelig i standard r\u00f8rformet polyester eller elastisk elastisk snor for ekstra funksjonalitet.<\/p>\n<\/li>\n<li>\n<p data-path-to-node=\"10,2,0\"><b>Smarte glidebrytere:<\/b> Inkluderer justerbare plastglidere eller \u201cknapper\u201d for \u00e5 regulere lengden eller holde ledningen ryddig.<\/p>\n<\/li>\n<li>\n<p data-path-to-node=\"10,3,0\"><b>Allsidige klips:<\/b> Kompatibel med metallkarabinere, svingkroker eller mobiltelefonl\u00f8kker.<\/p>\n<\/li>\n<\/ul>","protected":false},"featured_media":6805,"comment_status":"closed","ping_status":"closed","template":"","meta":[],"product_brand":[],"product_cat":[125,104,108],"product_tag":[],"class_list":{"0":"post-5654","1":"product","2":"type-product","3":"status-publish","4":"has-post-thumbnail","6":"product_cat-cord-lanyards","7":"product_cat-custom-printed-lanyards","8":"product_cat-multifunctional-lanyards","10":"first","11":"instock","12":"shipping-taxable","13":"product-type-simple"},"_links":{"self":[{"href":"https:\/\/displayproducts.eu\/nb\/wp-json\/wp\/v2\/product\/5654","targetHints":{"allow":["GET"]}}],"collection":[{"href":"https:\/\/displayproducts.eu\/nb\/wp-json\/wp\/v2\/product"}],"about":[{"href":"https:\/\/displayproducts.eu\/nb\/wp-json\/wp\/v2\/types\/product"}],"replies":[{"embeddable":true,"href":"https:\/\/displayproducts.eu\/nb\/wp-json\/wp\/v2\/comments?post=5654"}],"wp:featuredmedia":[{"embeddable":true,"href":"https:\/\/displayproducts.eu\/nb\/wp-json\/wp\/v2\/media\/6805"}],"wp:attachment":[{"href":"https:\/\/displayproducts.eu\/nb\/wp-json\/wp\/v2\/media?parent=5654"}],"wp:term":[{"taxonomy":"product_brand","embeddable":true,"href":"https:\/\/displayproducts.eu\/nb\/wp-json\/wp\/v2\/product_brand?post=5654"},{"taxonomy":"product_cat","embeddable":true,"href":"https:\/\/displayproducts.eu\/nb\/wp-json\/wp\/v2\/product_cat?post=5654"},{"taxonomy":"product_tag","embeddable":true,"href":"https:\/\/displayproducts.eu\/nb\/wp-json\/wp\/v2\/product_tag?post=5654"}],"curies":[{"name":"wp","href":"https:\/\/api.w.org\/{rel}","templated":true}]}}