{"id":5642,"date":"2025-12-10T11:59:44","date_gmt":"2025-12-10T08:59:44","guid":{"rendered":"https:\/\/wristbandfactory.eu\/?post_type=product&#038;p=5642"},"modified":"2026-04-01T21:52:35","modified_gmt":"2026-04-01T18:52:35","slug":"natural-cork-lanyards-with-bottle-opener-eco-metal","status":"publish","type":"product","link":"https:\/\/displayproducts.eu\/nb\/p\/natural-cork-lanyards-with-bottle-opener-eco-metal\/","title":{"rendered":"N\u00f8kkelb\u00e5nd i kork med flaske\u00e5pner \u2013 Milj\u00f8vennlig"},"content":{"rendered":"<p data-path-to-node=\"13\">Kombiner b\u00e6rekraft med h\u00f8y nytteverdi ved hjelp av v\u00e5re <b>Naturkorkarmbind med flaske\u00e5pner<\/b>. Dette produktet bygger bro mellom milj\u00f8bevisst merkevarebygging og praktiske arrangementsvarer.<\/p>\n<p data-path-to-node=\"14\">I motsetning til vanlige polyester-armbind er stroppen laget av <b>ekte kork<\/b>, noe som gir den et unikt, organisk utseende og en myk f\u00f8lelse mot huden. H\u00f8ydepunktet med denne modellen er <b>integrert flaske\u00e5pner i metall<\/b>, noe som gj\u00f8r den til et sv\u00e6rt attraktivt \u201cbeholdningsprodukt\u201d for deltakere p\u00e5 festivaler og fester.<\/p>\n<p data-path-to-node=\"15\"><b>Hvorfor velge kork + \u00e5pner?<\/b> Det sender et dobbelt budskap: merkevaren din bryr seg om milj\u00f8et (\u00f8ko) og vet hvordan man har det g\u00f8y (sosialt). Den robuste metallbeslagene s\u00f8rger for at produktet varer i \u00e5revis, slik at logoen din holder seg i oml\u00f8p lenge etter at arrangementet er over.<\/p>\n<p data-path-to-node=\"16\"><b>Anbefalte brukstilfeller:<\/b><\/p>\n<ul data-path-to-node=\"17\">\n<li>\n<p data-path-to-node=\"17,0,0\"><b>Mat- og drikkearrangementer:<\/b> \u00d8lfestivaler, vinsmaking og sommermesser.<\/p>\n<\/li>\n<li>\n<p data-path-to-node=\"17,1,0\"><b>Milj\u00f8vennlige kampanjer:<\/b> Merker som ser etter plastfrie alternativer.<\/p>\n<\/li>\n<li>\n<p data-path-to-node=\"17,2,0\"><b>VIP-gaver:<\/b> En funksjonell gave som gir h\u00f8yere opplevd verdi enn et vanlig snorb\u00e5nd.<\/p>\n<\/li>\n<\/ul>\n<p data-path-to-node=\"18\"><b>Viktige funksjoner:<\/b><\/p>\n<ul data-path-to-node=\"19\">\n<li>\n<p data-path-to-node=\"19,0,0\"><b>Materiale:<\/b> Ekte naturlig korkbakside.<\/p>\n<\/li>\n<li>\n<p data-path-to-node=\"19,1,0\"><b>Vedlegg:<\/b> Metallflaske\u00e5pner + svingbar krok (hummerklemme).<\/p>\n<\/li>\n<li>\n<p data-path-to-node=\"19,2,0\"><b>Tilpasning:<\/b> Tilgjengelig med silketrykk eller lasergravering p\u00e5 korken.<\/p>\n<\/li>\n<li>\n<p data-path-to-node=\"19,3,0\"><b>Varighet:<\/b> Forsterket metallkrymping for tung daglig bruk.<\/p>\n<\/li>\n<\/ul>","protected":false},"excerpt":{"rendered":"<ul data-path-to-node=\"11\">\n<li>\n<p data-path-to-node=\"11,0,0\"><b>Milj\u00f8vennlig materiale:<\/b> Laget av naturlig, b\u00e6rekraftig kork med en myk, premium tekstur.<\/p>\n<\/li>\n<li>\n<p data-path-to-node=\"11,1,0\"><b>Innebygd verkt\u00f8y:<\/b> Har en kraftig metallplate for flaske\u00e5pner integrert direkte i stroppen.<\/p>\n<\/li>\n<li>\n<p data-path-to-node=\"11,2,0\"><b>Premium maskinvare:<\/b> Avsluttet med metallkrymper av h\u00f8y kvalitet og en hummerklo-krok, noe som eliminerer billige plastdeler.<\/p>\n<\/li>\n<li>\n<p data-path-to-node=\"11,3,0\"><b>Klar for arrangement:<\/b> Det perfekte funksjonelle tilbeh\u00f8ret for \u00f8lfestivaler, utend\u00f8rsarrangementer og drikkevaremarkedsf\u00f8ring.<\/p>\n<\/li>\n<\/ul>","protected":false},"featured_media":6557,"comment_status":"closed","ping_status":"closed","template":"","meta":[],"product_brand":[],"product_cat":[107,108,119],"product_tag":[],"class_list":{"0":"post-5642","1":"product","2":"type-product","3":"status-publish","4":"has-post-thumbnail","6":"product_cat-eco-friendly-lanyards","7":"product_cat-multifunctional-lanyards","8":"product_cat-drinkware-accessories","10":"first","11":"instock","12":"shipping-taxable","13":"product-type-simple"},"_links":{"self":[{"href":"https:\/\/displayproducts.eu\/nb\/wp-json\/wp\/v2\/product\/5642","targetHints":{"allow":["GET"]}}],"collection":[{"href":"https:\/\/displayproducts.eu\/nb\/wp-json\/wp\/v2\/product"}],"about":[{"href":"https:\/\/displayproducts.eu\/nb\/wp-json\/wp\/v2\/types\/product"}],"replies":[{"embeddable":true,"href":"https:\/\/displayproducts.eu\/nb\/wp-json\/wp\/v2\/comments?post=5642"}],"wp:featuredmedia":[{"embeddable":true,"href":"https:\/\/displayproducts.eu\/nb\/wp-json\/wp\/v2\/media\/6557"}],"wp:attachment":[{"href":"https:\/\/displayproducts.eu\/nb\/wp-json\/wp\/v2\/media?parent=5642"}],"wp:term":[{"taxonomy":"product_brand","embeddable":true,"href":"https:\/\/displayproducts.eu\/nb\/wp-json\/wp\/v2\/product_brand?post=5642"},{"taxonomy":"product_cat","embeddable":true,"href":"https:\/\/displayproducts.eu\/nb\/wp-json\/wp\/v2\/product_cat?post=5642"},{"taxonomy":"product_tag","embeddable":true,"href":"https:\/\/displayproducts.eu\/nb\/wp-json\/wp\/v2\/product_tag?post=5642"}],"curies":[{"name":"wp","href":"https:\/\/api.w.org\/{rel}","templated":true}]}}