{"id":5636,"date":"2025-12-10T11:51:32","date_gmt":"2025-12-10T08:51:32","guid":{"rendered":"https:\/\/wristbandfactory.eu\/?post_type=product&#038;p=5636"},"modified":"2026-04-01T21:52:35","modified_gmt":"2026-04-01T18:52:35","slug":"custom-camera-neck-straps-woven-printed-branding","status":"publish","type":"product","link":"https:\/\/displayproducts.eu\/nb\/p\/custom-camera-neck-straps-woven-printed-branding\/","title":{"rendered":"Spesialdesignede kamerareimer \u2013 Vevd eller trykket"},"content":{"rendered":"<p data-path-to-node=\"12\">Utvid varesamlingen din med v\u00e5r <b>Tilpassede kamerahalsstropper<\/b>. Disse stroppene er designet for fotostudioer, teknologimerker og museumsgavebutikker, og tilbyr en verdifull merkevareplass som er synlig hver gang et bilde tas.<\/p>\n<p data-path-to-node=\"13\">I motsetning til billige giveaways er disse stropper av butikkkvalitet. Du kan velge materialet og metoden som passer ditt merke:<\/p>\n<ol start=\"1\" data-path-to-node=\"14\">\n<li>\n<p data-path-to-node=\"14,0,0\"><b>Polyester sublimering:<\/b> Perfekt for kompleks, fargerik grafikk, gradienter og bilder (f.eks. blomster- eller dyretrykk).<\/p>\n<\/li>\n<li>\n<p data-path-to-node=\"14,1,0\"><b>Jacquardvev (vevd):<\/b> Ideelt for \u201cvintage\u201d- eller \u201cboho\u201d-stiler der m\u00f8nsteret er vevd inn i stoffet for tekstur og holdbarhet.<\/p>\n<\/li>\n<\/ol>\n<p data-path-to-node=\"15\"><b>Hvorfor selge kamerareimer med eget merke?<\/b> Fotografer elsker \u00e5 tilpasse utstyret sitt. En spesialtilpasset reim er et funksjonelt tilbeh\u00f8r som erstatter den kjedelige standardreimen som f\u00f8lger med kameraet, noe som gj\u00f8r den til et utmerket produkt for firmagaver eller videresalg.<\/p>\n<p data-path-to-node=\"16\"><b>Viktige funksjoner:<\/b><\/p>\n<ul data-path-to-node=\"17\">\n<li>\n<p data-path-to-node=\"17,0,0\"><b>Materialer:<\/b> Slitesterke blandinger av bomull, polyester eller nylon.<\/p>\n<\/li>\n<li>\n<p data-path-to-node=\"17,1,0\"><b>Vedlegg:<\/b> Standard 10 mm webbingl\u00f8kker eller svingkroker i metall.<\/p>\n<\/li>\n<li>\n<p data-path-to-node=\"17,2,0\"><b>Justerbar lengde:<\/b> Har solide plastspenner for justering for nakke- eller skulderb\u00e6ring.<\/p>\n<\/li>\n<li>\n<p data-path-to-node=\"17,3,0\"><b>L\u00e6render:<\/b> PU- eller ekte skinnfinish for holdbarhet og stil.<\/p>\n<\/li>\n<\/ul>","protected":false},"excerpt":{"rendered":"<ul>\n<li>\n<p data-path-to-node=\"10,0,0\"><b>Fullt tilpassbar:<\/b> Velg mellom sublimeringstrykk i h\u00f8y oppl\u00f8sning eller vevde m\u00f8nstre i premiumkvalitet.<\/p>\n<\/li>\n<li>\n<p data-path-to-node=\"10,1,0\"><b>Premium finish:<\/b> Endene er forsterket med PU-skinn av h\u00f8y kvalitet eller ekte skinn for et detaljhandelsklart utseende.<\/p>\n<\/li>\n<li>\n<p data-path-to-node=\"10,2,0\"><b>Universell passform:<\/b> Justerbare nylonvevkontakter passer til nesten alle DSLR- og speill\u00f8se kameraer (Canon, Nikon, Sony osv.).<\/p>\n<\/li>\n<li>\n<p data-path-to-node=\"10,3,0\"><b>Allsidige stiler:<\/b> Tilgjengelig i bohemsk, vintage eller moderne bedriftsstil, skreddersydd for din merkeidentitet.<\/p>\n<\/li>\n<\/ul>","protected":false},"featured_media":5641,"comment_status":"closed","ping_status":"closed","template":"","meta":[],"product_brand":[],"product_cat":[127],"product_tag":[],"class_list":{"0":"post-5636","1":"product","2":"type-product","3":"status-publish","4":"has-post-thumbnail","6":"product_cat-custom-straps-belts","8":"first","9":"instock","10":"shipping-taxable","11":"product-type-simple"},"_links":{"self":[{"href":"https:\/\/displayproducts.eu\/nb\/wp-json\/wp\/v2\/product\/5636","targetHints":{"allow":["GET"]}}],"collection":[{"href":"https:\/\/displayproducts.eu\/nb\/wp-json\/wp\/v2\/product"}],"about":[{"href":"https:\/\/displayproducts.eu\/nb\/wp-json\/wp\/v2\/types\/product"}],"replies":[{"embeddable":true,"href":"https:\/\/displayproducts.eu\/nb\/wp-json\/wp\/v2\/comments?post=5636"}],"wp:featuredmedia":[{"embeddable":true,"href":"https:\/\/displayproducts.eu\/nb\/wp-json\/wp\/v2\/media\/5641"}],"wp:attachment":[{"href":"https:\/\/displayproducts.eu\/nb\/wp-json\/wp\/v2\/media?parent=5636"}],"wp:term":[{"taxonomy":"product_brand","embeddable":true,"href":"https:\/\/displayproducts.eu\/nb\/wp-json\/wp\/v2\/product_brand?post=5636"},{"taxonomy":"product_cat","embeddable":true,"href":"https:\/\/displayproducts.eu\/nb\/wp-json\/wp\/v2\/product_cat?post=5636"},{"taxonomy":"product_tag","embeddable":true,"href":"https:\/\/displayproducts.eu\/nb\/wp-json\/wp\/v2\/product_tag?post=5636"}],"curies":[{"name":"wp","href":"https:\/\/api.w.org\/{rel}","templated":true}]}}