{"id":5613,"date":"2025-12-10T11:15:00","date_gmt":"2025-12-10T08:15:00","guid":{"rendered":"https:\/\/wristbandfactory.eu\/?post_type=product&#038;p=5613"},"modified":"2026-04-01T21:52:35","modified_gmt":"2026-04-01T18:52:35","slug":"high-density-3d-screen-print-lanyards-tactile-braille-ready","status":"publish","type":"product","link":"https:\/\/displayproducts.eu\/nb\/p\/high-density-3d-screen-print-lanyards-tactile-braille-ready\/","title":{"rendered":"N\u00f8kkelb\u00e5nd med punktskrift \u2013 3D-trykk med relieff"},"content":{"rendered":"<p data-path-to-node=\"11\">\u00d8k merkevarens innvirkning og inkludering med v\u00e5re <b>H\u00f8ydensitets 3D-skjermtrykksn\u00f8reb\u00e5nd<\/b>. I motsetning til standard flattrykk, skaper denne avanserte \u201cpufftrykk\u201d-teknikken en tykk, gummiaktig tekstur som stiger betydelig over stoffoverflaten, noe som gj\u00f8r logoen og budskapet ditt fysisk h\u00e5ndgripelig.<\/p>\n<p data-path-to-node=\"12\"><b>Valget for inkluderende og sikkerhetskritiske milj\u00f8er<\/b> Denne teknologien er unikt egnet for <b>tilgjengelighetsapplikasjoner<\/b>. Som sett i sikkerhetskampanjer (f.eks. \u201cOperasjon Livredder\u201d), tillater den presise, hevede profilen inkludering av <b>taktile blindeskrifttegn<\/b> ved siden av standardtekst. Dette gj\u00f8r disse lanyardene til det perfekte valget for:<\/p>\n<ul data-path-to-node=\"13\">\n<li>\n<p data-path-to-node=\"13,0,0\"><b>Inkluderende arrangementer og konferanser:<\/b> Tilrettelegging for synshemmede deltakere.<\/p>\n<\/li>\n<li>\n<p data-path-to-node=\"13,1,0\"><b>Offentlig transport og sikkerhet:<\/b> H\u00f8ytaktile advarsler for ansatte (f.eks. \u201cTog n\u00e6rmer seg\u201d, \u201cSe opp for mellomrommet\u201d).<\/p>\n<\/li>\n<li>\n<p data-path-to-node=\"13,2,0\"><b>Helsevesen og myndigheter:<\/b> Oppfyller standarder for samfunnsansvar (CSR) og tilgjengelighet.<\/p>\n<\/li>\n<\/ul>\n<p data-path-to-node=\"14\"><b>Premium tekstur og holdbarhet<\/b> Det hevede blekket er slitesterkt, fleksibelt og motstandsdyktig mot sprekkdannelser. Det skaper en f\u00f8rsteklasses \u201c3D-effekt\u201d som gir merverdi selv til enkle logoer. N\u00f8kkelb\u00e5ndene er laget av kraftig polyester, tilgjengelige i r\u00f8rformede eller flate vever, og kan utstyres med sikkerhetsl\u00e5ser og avtakbare spenner for ekstra funksjonalitet.<\/p>\n<p data-path-to-node=\"15\"><b>Viktige funksjoner:<\/b><\/p>\n<ul data-path-to-node=\"16\">\n<li>\n<p data-path-to-node=\"16,0,0\"><b>H\u00f8ydensitets pufftrykk:<\/b> Ekstra tykke blekklag for en distinkt 3D-f\u00f8lelse.<\/p>\n<\/li>\n<li>\n<p data-path-to-node=\"16,1,0\"><b>Kompatibel med blindeskrift:<\/b> Spesifikke h\u00f8ydekrav oppfylt for taktil lesing.<\/p>\n<\/li>\n<li>\n<p data-path-to-node=\"16,2,0\"><b>Kraftig materiale:<\/b> Robust polyester designet for langvarig bruk.<\/p>\n<\/li>\n<li>\n<p data-path-to-node=\"16,3,0\"><b>Tilpassede vedlegg:<\/b> Kompatibel med metallkroker, plastspenner og sikkerhetsl\u00e5ser.<\/p>\n<\/li>\n<\/ul>","protected":false},"excerpt":{"rendered":"<ul>\n<li>\n<p data-path-to-node=\"9,0,0\"><b>Taktil merkevarebygging:<\/b> Avansert \u201cpuff\u201d-silketrykkteknologi skaper en tykk, hevet 3D-tekstur du kan f\u00f8le.<\/p>\n<\/li>\n<li>\n<p data-path-to-node=\"9,1,0\"><b>Tilgjengelighetsklar:<\/b> Trykkets h\u00f8ye profil gir lesbare blindeskrifttegn, noe som gj\u00f8r arrangementene inkluderende for synshemmede.<\/p>\n<\/li>\n<li>\n<p data-path-to-node=\"9,2,0\"><b>H\u00f8y synlighet:<\/b> Hevet blekk sitter opp\u00e5 stoffet for maksimal kontrast og lesbarhet, ideelt for sikkerhetsmeldinger som \u201cHOLD DEG UNNA SPOR\u201d.<\/p>\n<\/li>\n<li>\n<p data-path-to-node=\"9,3,0\"><b>Holdbar og trygg:<\/b> Tilgjengelig med sikkerhetsspenner og avtakbare klips for krevende daglig bruk.<\/p>\n<\/li>\n<\/ul>","protected":false},"featured_media":5617,"comment_status":"closed","ping_status":"closed","template":"","meta":[],"product_brand":[],"product_cat":[104],"product_tag":[],"class_list":{"0":"post-5613","1":"product","2":"type-product","3":"status-publish","4":"has-post-thumbnail","6":"product_cat-custom-printed-lanyards","8":"first","9":"instock","10":"shipping-taxable","11":"product-type-simple"},"_links":{"self":[{"href":"https:\/\/displayproducts.eu\/nb\/wp-json\/wp\/v2\/product\/5613","targetHints":{"allow":["GET"]}}],"collection":[{"href":"https:\/\/displayproducts.eu\/nb\/wp-json\/wp\/v2\/product"}],"about":[{"href":"https:\/\/displayproducts.eu\/nb\/wp-json\/wp\/v2\/types\/product"}],"replies":[{"embeddable":true,"href":"https:\/\/displayproducts.eu\/nb\/wp-json\/wp\/v2\/comments?post=5613"}],"wp:featuredmedia":[{"embeddable":true,"href":"https:\/\/displayproducts.eu\/nb\/wp-json\/wp\/v2\/media\/5617"}],"wp:attachment":[{"href":"https:\/\/displayproducts.eu\/nb\/wp-json\/wp\/v2\/media?parent=5613"}],"wp:term":[{"taxonomy":"product_brand","embeddable":true,"href":"https:\/\/displayproducts.eu\/nb\/wp-json\/wp\/v2\/product_brand?post=5613"},{"taxonomy":"product_cat","embeddable":true,"href":"https:\/\/displayproducts.eu\/nb\/wp-json\/wp\/v2\/product_cat?post=5613"},{"taxonomy":"product_tag","embeddable":true,"href":"https:\/\/displayproducts.eu\/nb\/wp-json\/wp\/v2\/product_tag?post=5613"}],"curies":[{"name":"wp","href":"https:\/\/api.w.org\/{rel}","templated":true}]}}