{"id":5497,"date":"2025-11-15T16:43:25","date_gmt":"2025-11-15T13:43:25","guid":{"rendered":"https:\/\/wristbandfactory.eu\/?post_type=product&#038;p=5497"},"modified":"2026-04-01T21:52:35","modified_gmt":"2026-04-01T18:52:35","slug":"custom-printed-tyvek-wristbands","status":"publish","type":"product","link":"https:\/\/displayproducts.eu\/nb\/p\/custom-printed-tyvek-wristbands\/","title":{"rendered":"Tyvek-armb\u00e5nd med spesialtrykk (trykk i \u00e9n farge)"},"content":{"rendered":"<p data-path-to-node=\"12\">Sikre arrangementet ditt og effektiviser adgangsh\u00e5ndteringen med v\u00e5re <b data-path-to-node=\"12\" data-index-in-node=\"84\">Tilpassede trykte Tyvek-armb\u00e5nd (1 farge)<\/b>. Disse b\u00e5ndene er designet for effektivitet og overkommelighet, og er bransjestandarden for festivaler, konserter, klubber og bedriftsarrangementer som krever p\u00e5litelig adgangskontroll.<\/p>\n<p data-path-to-node=\"13\">I motsetning til generiske alternativer, lar v\u00e5r tilpassede utskriftstjeneste deg legge til logoen din, arrangementsnavnet eller tilpasset tekst i skarpt <b data-path-to-node=\"13\" data-index-in-node=\"117\">Svart eller hvit blekk<\/b>. Denne metoden med \u00e9n farges silketrykk gir den perfekte balansen mellom lav kostnad og h\u00f8y synlighet, noe som gj\u00f8r den til det ideelle valget for \u00e5 klassifisere deltakere (f.eks. VIP, ansatte, vanlige deltakere) uten \u00e5 sprenge budsjettet.<\/p>\n<h2 data-path-to-node=\"14\">Viktige funksjoner<\/h2>\n<ul data-path-to-node=\"15\">\n<li>\n<p data-path-to-node=\"15,0,0\"><b data-path-to-node=\"15,0,0\" data-index-in-node=\"0\">\u00d8konomisk utskriftsl\u00f8sning:<\/b> H\u00f8yhastighets 1-farges silketrykk (svart\/hvitt) sikrer lave enhetskostnader, perfekt for store arrangementer.<\/p>\n<\/li>\n<li>\n<p data-path-to-node=\"15,1,0\"><b data-path-to-node=\"15,1,0\" data-index-in-node=\"0\">Sikkerhetssikring:<\/b> Hvert b\u00e5nd har en utsk\u00e5ret selvklebende lukking som makuleres hvis den fjernes, noe som forhindrer overf\u00f8ring og tapte inntekter.<\/p>\n<\/li>\n<li>\n<p data-path-to-node=\"15,2,0\"><b data-path-to-node=\"15,2,0\" data-index-in-node=\"0\">Sekvensiell nummerering:<\/b> Alle band leveres forh\u00e5ndstrykt med unike serienumre som hjelper deg med \u00e5 spore oppm\u00f8te og kontrollere billettsalg.<\/p>\n<\/li>\n<li>\n<p data-path-to-node=\"15,3,1\"><span data-path-to-node=\"15,3,1,0\"><b data-path-to-node=\"15,3,1,0\" data-index-in-node=\"0\"><span class=\"citation-19\">Ekte DuPont\u2122 Tyvek\u00ae:<\/span><\/b><span class=\"citation-19\"> Vi bruker kun autentisk materiale som er lett, fullstendig vanntett og slitesterkt i opptil 5 dagers bruk. <\/span><\/span><\/p>\n<\/li>\n<li>\n<p data-path-to-node=\"15,4,0\"><b data-path-to-node=\"15,4,0\" data-index-in-node=\"0\">Bredt fargespekter:<\/b> Det svarte trykket skiller seg markant ut mot v\u00e5rt brede utvalg av neon-, metalliske og ensfargede basisfarger p\u00e5 b\u00e5ndet.<\/p>\n<\/li>\n<\/ul>\n<h2 data-path-to-node=\"16\">Spesifikasjoner<\/h2>\n<ul data-path-to-node=\"17\">\n<li>\n<p data-path-to-node=\"17,0,1\"><span data-path-to-node=\"17,0,1,0\"><b data-path-to-node=\"17,0,1,0\" data-index-in-node=\"0\"><span class=\"citation-18\">Materiale:<\/span><\/b><span class=\"citation-18\"> DuPont\u2122 Tyvek\u00ae (resirkulerbar h\u00f8ydensitetspolyetylen). <\/span><\/span><\/p>\n<\/li>\n<li>\n<p data-path-to-node=\"17,1,0\"><b data-path-to-node=\"17,1,0\" data-index-in-node=\"0\">Utskriftstype:<\/b> 1-farges silketrykk (standard: svart blekk).<\/p>\n<\/li>\n<li>\n<p data-path-to-node=\"17,2,0\"><b data-path-to-node=\"17,2,0\" data-index-in-node=\"0\">St\u00f8rrelse:<\/b> Standard bredde 19 mm eller 25 mm (justerbar lengde).<\/p>\n<\/li>\n<li>\n<p data-path-to-node=\"17,3,0\"><b data-path-to-node=\"17,3,0\" data-index-in-node=\"0\">Lukking:<\/b> Engangs forseglet lim.<\/p>\n<\/li>\n<li>\n<p data-path-to-node=\"17,4,0\"><b data-path-to-node=\"17,4,0\" data-index-in-node=\"0\">Varighet:<\/b> Vannavst\u00f8tende, rivesikker, egnet i 1\u20135 dager.<\/p>\n<\/li>\n<\/ul>\n<h2 data-path-to-node=\"18\">Brukstilfeller<\/h2>\n<ul data-path-to-node=\"19\">\n<li>\n<p data-path-to-node=\"19,0,0\"><b data-path-to-node=\"19,0,0\" data-index-in-node=\"0\">Portkontroll:<\/b> Rask visuell identifisering av betalende gjester p\u00e5 nattklubber og barer.<\/p>\n<\/li>\n<li>\n<p data-path-to-node=\"19,1,0\"><b data-path-to-node=\"19,1,0\" data-index-in-node=\"0\">Mengdeh\u00e5ndtering:<\/b> S\u00e6rskilt tekst (f.eks. \u201cANSATTE\u201d, \u201cKUNSTNER\u201d) for begrensede omr\u00e5der.<\/p>\n<\/li>\n<li>\n<p data-path-to-node=\"19,2,0\"><b data-path-to-node=\"19,2,0\" data-index-in-node=\"0\">Store festivaler:<\/b> Den mest budsjettvennlige m\u00e5ten \u00e5 sikre tusenvis av deltakere.<\/p>\n<\/li>\n<li>\n<p data-path-to-node=\"19,3,0\"><b data-path-to-node=\"19,3,0\" data-index-in-node=\"0\">Garderobekontroll og billettsalg:<\/b> Bruk av sekvensnumre for \u00e5 bekrefte kapasitet.<\/p>\n<\/li>\n<\/ul>","protected":false},"excerpt":{"rendered":"<ul>\n<li>\n<p data-path-to-node=\"11,0,1\"><span data-path-to-node=\"11,0,1,0\"><b data-path-to-node=\"11,0,1,0\" data-index-in-node=\"0\"><span class=\"citation-22\">Kostnadseffektiv merkevarebygging:<\/span><\/b><span class=\"citation-22\"> Skarpt silketrykk i \u00e9n farge (svart eller hvitt) ideelt for logoer og tekst<\/span><\/span><\/p>\n<\/li>\n<li>\n<p data-path-to-node=\"11,1,1\"><span data-path-to-node=\"11,1,1,0\"><b data-path-to-node=\"11,1,1,0\" data-index-in-node=\"0\"><span class=\"citation-21\">H\u00f8y sikkerhet:<\/span><\/b><span class=\"citation-21\"> Forh\u00e5ndsnummerert med sekvensielle serienumre og barnesikkert lim. <\/span><\/span><\/p>\n<\/li>\n<li>\n<p data-path-to-node=\"11,2,1\"><span data-path-to-node=\"11,2,1,0\"><b data-path-to-node=\"11,2,1,0\" data-index-in-node=\"0\"><span class=\"citation-20\">Slitesterkt materiale:<\/span><\/b><span class=\"citation-20\"> Laget av ekte DuPont\u2122 Tyvek\u00ae \u2013 vanntett og rivebestandig. <\/span><\/span><\/p>\n<\/li>\n<li>\n<p data-path-to-node=\"11,3,0\"><b data-path-to-node=\"11,3,0\" data-index-in-node=\"0\">Rask produksjon:<\/b> Den raskeste skreddersydde l\u00f8sningen for stramme tidsfrister.<\/p>\n<\/li>\n<\/ul>","protected":false},"featured_media":6108,"comment_status":"closed","ping_status":"closed","template":"","meta":[],"product_brand":[],"product_cat":[41],"product_tag":[],"class_list":{"0":"post-5497","1":"product","2":"type-product","3":"status-publish","4":"has-post-thumbnail","6":"product_cat-tyvek","8":"first","9":"instock","10":"shipping-taxable","11":"purchasable","12":"product-type-simple"},"_links":{"self":[{"href":"https:\/\/displayproducts.eu\/nb\/wp-json\/wp\/v2\/product\/5497","targetHints":{"allow":["GET"]}}],"collection":[{"href":"https:\/\/displayproducts.eu\/nb\/wp-json\/wp\/v2\/product"}],"about":[{"href":"https:\/\/displayproducts.eu\/nb\/wp-json\/wp\/v2\/types\/product"}],"replies":[{"embeddable":true,"href":"https:\/\/displayproducts.eu\/nb\/wp-json\/wp\/v2\/comments?post=5497"}],"wp:featuredmedia":[{"embeddable":true,"href":"https:\/\/displayproducts.eu\/nb\/wp-json\/wp\/v2\/media\/6108"}],"wp:attachment":[{"href":"https:\/\/displayproducts.eu\/nb\/wp-json\/wp\/v2\/media?parent=5497"}],"wp:term":[{"taxonomy":"product_brand","embeddable":true,"href":"https:\/\/displayproducts.eu\/nb\/wp-json\/wp\/v2\/product_brand?post=5497"},{"taxonomy":"product_cat","embeddable":true,"href":"https:\/\/displayproducts.eu\/nb\/wp-json\/wp\/v2\/product_cat?post=5497"},{"taxonomy":"product_tag","embeddable":true,"href":"https:\/\/displayproducts.eu\/nb\/wp-json\/wp\/v2\/product_tag?post=5497"}],"curies":[{"name":"wp","href":"https:\/\/api.w.org\/{rel}","templated":true}]}}