{"id":5416,"date":"2025-11-13T17:37:51","date_gmt":"2025-11-13T14:37:51","guid":{"rendered":"https:\/\/wristbandfactory.eu\/?post_type=product&#038;p=5416"},"modified":"2026-04-01T21:52:03","modified_gmt":"2026-04-01T18:52:03","slug":"usb-wristbands-custom-silicone","status":"publish","type":"product","link":"https:\/\/displayproducts.eu\/nb\/p\/usb-wristbands-custom-silicone\/","title":{"rendered":"USB-armb\u00e5nd (tilpasset silikon)"},"content":{"rendered":"<p>Gj\u00f8r et varig inntrykk p\u00e5 ditt neste bedriftsarrangement eller messe med v\u00e5re spesialtilpassede silikon USB-armb\u00e5nd. Dette innovative reklameproduktet kombinerer bekvemmeligheten til et b\u00e6rbart armb\u00e5nd med det praktiske ved en USB-minnepinne, og sikrer at merkevaren din forblir i tankene lenge etter at arrangementet er over.<\/p>\n<p>Disse USB-armb\u00e5ndene er det perfekte verkt\u00f8yet for \u00e5 distribuere digitale kataloger, presentasjonsmateriell eller markedsf\u00f8ringsvideoer til kunder og partnere. Laget av slitesterk og komfortabel silikon, kan de tilpasses fullt ut for \u00e5 matche merkeidentiteten din. Velg din spesifikke farge og legg til logoen din for maksimal synlighet.<\/p>\n<p>Vi tilbyr et allsidig utvalg av lagringskapasiteter for \u00e5 dekke ethvert forretningsbehov, fra 8 GB opptil 128 GB. Med en minimumsbestillingsmengde p\u00e5 100 stk. er disse armb\u00e5ndene med minnepenner en skalerbar og effektiv l\u00f8sning for markedsf\u00f8ringskampanjer, intern oppl\u00e6ring eller giveaways til arrangementer.<\/p>\n<p><b>Viktige funksjoner:<\/b><\/p>\n<ul>\n<li><b>Dobbeltfunksjonsdesign:<\/b> Fungerer b\u00e5de som et b\u00e6rbart silikonarmb\u00e5nd og en funksjonell USB-minnepinne.<\/li>\n<li><b>Full tilpasning:<\/b> Tilgjengelig i alle tilpassede farger som passer perfekt til merkets retningslinjer.<\/li>\n<li><b>Allsidig lagring:<\/b> Velg mellom et bredt utvalg av kapasiteter (8 GB, 16 GB, 32 GB, 64 GB, 128 GB) for dataene dine.<\/li>\n<li><b>Klar for bulkbestilling:<\/b> Ideell for store arrangementer og kampanjer med en minimumsbestilling p\u00e5 100 enheter.<\/li>\n<li><b>Slitesterkt materiale:<\/b> Laget av fleksibel og komfortabel silikon (20,5 x 1,7 cm) bygget for langvarig bruk.<\/li>\n<\/ul>","protected":false},"excerpt":{"rendered":"<ul>\n<li>En praktisk 2-i-1-reklameartikkel: et komfortabelt silikonarmb\u00e5nd og en USB-minnepinne.<\/li>\n<li>Fullt tilpassbar med merkevarens logo og spesifikke bedriftsfarger.<\/li>\n<li>Tilgjengelig i et bredt spekter av kapasiteter (8 GB til 128 GB) for \u00e5 dekke dine databehov.<\/li>\n<li>Ideell for bedriftsarrangementer, messer og konferanser. Minimumsbestilling: 100 stk.<\/li>\n<\/ul>","protected":false},"featured_media":6253,"comment_status":"closed","ping_status":"closed","template":"","meta":[],"product_brand":[],"product_cat":[128,88],"product_tag":[],"class_list":{"0":"post-5416","1":"product","2":"type-product","3":"status-publish","4":"has-post-thumbnail","6":"product_cat-mobile-tech-accessories","7":"product_cat-smart-wristbands","9":"first","10":"instock","11":"shipping-taxable","12":"product-type-simple"},"_links":{"self":[{"href":"https:\/\/displayproducts.eu\/nb\/wp-json\/wp\/v2\/product\/5416","targetHints":{"allow":["GET"]}}],"collection":[{"href":"https:\/\/displayproducts.eu\/nb\/wp-json\/wp\/v2\/product"}],"about":[{"href":"https:\/\/displayproducts.eu\/nb\/wp-json\/wp\/v2\/types\/product"}],"replies":[{"embeddable":true,"href":"https:\/\/displayproducts.eu\/nb\/wp-json\/wp\/v2\/comments?post=5416"}],"wp:featuredmedia":[{"embeddable":true,"href":"https:\/\/displayproducts.eu\/nb\/wp-json\/wp\/v2\/media\/6253"}],"wp:attachment":[{"href":"https:\/\/displayproducts.eu\/nb\/wp-json\/wp\/v2\/media?parent=5416"}],"wp:term":[{"taxonomy":"product_brand","embeddable":true,"href":"https:\/\/displayproducts.eu\/nb\/wp-json\/wp\/v2\/product_brand?post=5416"},{"taxonomy":"product_cat","embeddable":true,"href":"https:\/\/displayproducts.eu\/nb\/wp-json\/wp\/v2\/product_cat?post=5416"},{"taxonomy":"product_tag","embeddable":true,"href":"https:\/\/displayproducts.eu\/nb\/wp-json\/wp\/v2\/product_tag?post=5416"}],"curies":[{"name":"wp","href":"https:\/\/api.w.org\/{rel}","templated":true}]}}