{"id":5409,"date":"2025-11-13T17:32:46","date_gmt":"2025-11-13T14:32:46","guid":{"rendered":"https:\/\/wristbandfactory.eu\/?post_type=product&#038;p=5409"},"modified":"2026-04-01T21:52:03","modified_gmt":"2026-04-01T18:52:03","slug":"charging-cable-with-rpet-phone-strap-60w-usb-c","status":"publish","type":"product","link":"https:\/\/displayproducts.eu\/nb\/p\/charging-cable-with-rpet-phone-strap-60w-usb-c\/","title":{"rendered":"Ladekabel med rPET-telefonstropp (60 W USB-C)"},"content":{"rendered":"<p><span style=\"font-family: -apple-system, BlinkMacSystemFont, 'Segoe UI', Roboto, 'Helvetica Neue', Arial, 'Noto Sans', sans-serif, 'Apple Color Emoji', 'Segoe UI Emoji', 'Segoe UI Symbol', 'Noto Color Emoji';\">Tilby en virkelig praktisk og b\u00e6rekraftig teknologiartikkel p\u00e5 din neste messe eller bedriftsarrangement. Denne innovative 2-i-1-ladekabelen er mer enn bare en str\u00f8mkilde; det er en slitesterk telefonstropp som sikrer at merkevaren din forblir tilkoblet og synlig.<\/span><\/p>\n<p>Kjernen i dette produktet er en h\u00f8ytytende 60 W USB Type-C til Type-C-kabel, som st\u00f8tter b\u00e5de hurtiglading og h\u00f8yhastighets dataoverf\u00f8ring. Den flettede kabelen er produsert av resirkulert PET (rPET), noe som appellerer til milj\u00f8bevisste kunder og partnere. Den sekund\u00e6re funksjonen er en robust telefonstropp, kompatibel med de fleste telefondeksler. Stroppen er lett, justerbar og imponerende slitesterk, testet for \u00e5 t\u00e5le opptil 8 kg.<\/p>\n<p>Denne multifunksjonelle ladekabelen er et utmerket markedsf\u00f8ringsverkt\u00f8y for teknologiselskaper, bedriftskonferanser og markedsf\u00f8ringsbyr\u00e5er. Ved \u00e5 merke det slitesterke aluminiumshuset gir du deltakerne en nyttig gjenstand de vil bruke lenge etter arrangementet, noe som maksimerer merkevareeksponeringen.<\/p>\n<p><b>Viktige funksjoner:<\/b><\/p>\n<ul>\n<li><b>60W hurtiglading:<\/b> H\u00f8yhastighets USB-C til USB-C-kabel gir enheter rask str\u00f8m og st\u00f8tter dataoverf\u00f8ring.<\/li>\n<li><b>Slitesterk telefonstropp:<\/b> Fungerer som en h\u00e5ndfri h\u00e5ndleddsstropp, testet for \u00e5 holde opptil 8 kg sikkert.<\/li>\n<li><b>Milj\u00f8vennlig materiale:<\/b> Flettet kabel laget av resirkulerte rPET-flasker, ideell for b\u00e6rekraftsfokusert merkevarebygging.<\/li>\n<li><b>Universell kompatibilitet:<\/b> Designet for \u00e5 fungere med de fleste telefondeksler, og festes uten trykkt for umiddelbar bruk.<\/li>\n<li><b>Premium-bygg:<\/b> Har slitesterke kontakthus i aluminium, perfekt for lasergravering av logoen din.<\/li>\n<\/ul>","protected":false},"excerpt":{"rendered":"<ul>\n<li>En 3-i-1-l\u00f8sning: h\u00e5ndleddsstropp til telefonen, 60 W hurtigladekabel og dataoverf\u00f8ringskabel.<\/li>\n<li>Laget av b\u00e6rekraftig flettet materiale i rPET-nylon.<\/li>\n<li>Har type-C til type-C-kontakter for moderne enheter.<\/li>\n<li>Et sv\u00e6rt nyttig reklameprodukt for teknologikonferanser og bedriftsarrangementer.<\/li>\n<\/ul>","protected":false},"featured_media":6681,"comment_status":"closed","ping_status":"closed","template":"","meta":[],"product_brand":[],"product_cat":[128],"product_tag":[],"class_list":{"0":"post-5409","1":"product","2":"type-product","3":"status-publish","4":"has-post-thumbnail","6":"product_cat-mobile-tech-accessories","8":"first","9":"instock","10":"shipping-taxable","11":"purchasable","12":"product-type-simple"},"_links":{"self":[{"href":"https:\/\/displayproducts.eu\/nb\/wp-json\/wp\/v2\/product\/5409","targetHints":{"allow":["GET"]}}],"collection":[{"href":"https:\/\/displayproducts.eu\/nb\/wp-json\/wp\/v2\/product"}],"about":[{"href":"https:\/\/displayproducts.eu\/nb\/wp-json\/wp\/v2\/types\/product"}],"replies":[{"embeddable":true,"href":"https:\/\/displayproducts.eu\/nb\/wp-json\/wp\/v2\/comments?post=5409"}],"wp:featuredmedia":[{"embeddable":true,"href":"https:\/\/displayproducts.eu\/nb\/wp-json\/wp\/v2\/media\/6681"}],"wp:attachment":[{"href":"https:\/\/displayproducts.eu\/nb\/wp-json\/wp\/v2\/media?parent=5409"}],"wp:term":[{"taxonomy":"product_brand","embeddable":true,"href":"https:\/\/displayproducts.eu\/nb\/wp-json\/wp\/v2\/product_brand?post=5409"},{"taxonomy":"product_cat","embeddable":true,"href":"https:\/\/displayproducts.eu\/nb\/wp-json\/wp\/v2\/product_cat?post=5409"},{"taxonomy":"product_tag","embeddable":true,"href":"https:\/\/displayproducts.eu\/nb\/wp-json\/wp\/v2\/product_tag?post=5409"}],"curies":[{"name":"wp","href":"https:\/\/api.w.org\/{rel}","templated":true}]}}