{"id":5406,"date":"2025-11-13T17:14:36","date_gmt":"2025-11-13T14:14:36","guid":{"rendered":"https:\/\/wristbandfactory.eu\/?post_type=product&#038;p=5406"},"modified":"2026-04-01T21:52:03","modified_gmt":"2026-04-01T18:52:03","slug":"microfiber-wristbands-with-zipper","status":"publish","type":"product","link":"https:\/\/displayproducts.eu\/nb\/p\/microfiber-wristbands-with-zipper\/","title":{"rendered":"Mikrofiberarmb\u00e5nd med glidel\u00e5s"},"content":{"rendered":"<p>Gi arrangementsdeltakerne eller teamet ditt et praktisk og godt synlig reklameprodukt. <span class=\"citation-205 citation-end-205\">Mikrofiberarmb\u00e5ndene v\u00e5re har en integrert glidel\u00e5slomme, som gir en sikker m\u00e5te \u00e5 b\u00e6re n\u00f8kkelb\u00e5nd, kontanter eller sm\u00e5 verdisaker p\u00e5 under sport, festivaler og andre fritidsaktiviteter.<\/span>.<\/p>\n<p><span class=\"citation-204 citation-end-204\">Dette armb\u00e5ndet er laget av et slitesterkt, men mykt mikrofibermateriale, og gir en komfortabel og fast passform for bruk hele dagen.<\/span>. <span class=\"citation-203 citation-end-203\">Glidel\u00e5slommen i matchende farge er designet for tilpasning, og tilbyr et trykkomr\u00e5de p\u00e5 5,5 x 4 cm for bedriftslogoen eller arrangementsbranding ved hjelp av silketrykk eller en slitesterk silketrykkoverf\u00f8ring.<\/span><\/p>\n<p>Denne h\u00e5ndleddslommeboken er ideell for bedriftsvelv\u00e6reprogrammer, sponsing av treningssentre, giveaways p\u00e5 messer eller som et funksjonelt element for festivaldeltakere. Den s\u00f8rger for at merkevaren din forblir synlig p\u00e5 farten.<\/p>\n<p><b>Viktige funksjoner:<\/b><\/p>\n<ul>\n<li><b><span class=\"citation-202\">Sikker glidel\u00e5slomme:<\/span><\/b><span class=\"citation-202 citation-end-202\"> Har en integrert lomme med glidel\u00e5s i matchende farge for sikker oppbevaring<\/span>.<\/li>\n<li><b><span class=\"citation-201\">Mykt mikrofibermateriale:<\/span><\/b><span class=\"citation-201 citation-end-201\"> Laget av slitesterk og myk mikrofiber, designet for sport og fritid<\/span>.<\/li>\n<li><b><span class=\"citation-200\">Komfortabel, fast passform:<\/span><\/b><span class=\"citation-200 citation-end-200\"> M\u00e5ler 10 x 9 cm, noe som gir en tettsittende og komfortabel passform for aktiv bruk<\/span>.<\/li>\n<li><b><span class=\"citation-199\">Tilpasset merkevarebyggingsomr\u00e5de:<\/span><\/b><span class=\"citation-199 citation-end-199\"> Tilbyr et trykkomr\u00e5de p\u00e5 5,5 x 4 cm p\u00e5 lommen for logoen din<\/span>.<\/li>\n<li><b><span class=\"citation-198\">Livlige farger:<\/span><\/b><span class=\"citation-198 citation-end-198\"> Tilgjengelig i flere sterke toner som matcher merkeidentiteten din<\/span>.<\/li>\n<\/ul>","protected":false},"excerpt":{"rendered":"<ul>\n<li><span class=\"citation-209 citation-end-209\">Har en sikker glidel\u00e5slomme for n\u00f8kkelb\u00e5nd, kontanter eller sm\u00e5 gjenstander<\/span>.<\/li>\n<li><span class=\"citation-208 citation-end-208\">Laget av myk og slitesterk mikrofiber, ideell for sport og aktive arrangementer<\/span>.<\/li>\n<li><span class=\"citation-207 citation-end-207\">Stort trykkomr\u00e5de p\u00e5 5,5 x 4 cm p\u00e5 lommen for logoen din<\/span>.\n<div class=\"source-inline-chip-container ng-star-inserted\"><\/div>\n<\/li>\n<li><span class=\"citation-206 citation-end-206\">Tilgjengelig i en rekke sterke farger som matcher merkevaren din<\/span><\/li>\n<\/ul>","protected":false},"featured_media":6414,"comment_status":"closed","ping_status":"closed","template":"","meta":[],"product_brand":[],"product_cat":[66,118,122],"product_tag":[],"class_list":{"0":"post-5406","1":"product","2":"type-product","3":"status-publish","4":"has-post-thumbnail","6":"product_cat-wristbands","7":"product_cat-sports-fitness","8":"product_cat-promotional-accessories","10":"first","11":"instock","12":"shipping-taxable","13":"purchasable","14":"product-type-simple"},"_links":{"self":[{"href":"https:\/\/displayproducts.eu\/nb\/wp-json\/wp\/v2\/product\/5406","targetHints":{"allow":["GET"]}}],"collection":[{"href":"https:\/\/displayproducts.eu\/nb\/wp-json\/wp\/v2\/product"}],"about":[{"href":"https:\/\/displayproducts.eu\/nb\/wp-json\/wp\/v2\/types\/product"}],"replies":[{"embeddable":true,"href":"https:\/\/displayproducts.eu\/nb\/wp-json\/wp\/v2\/comments?post=5406"}],"wp:featuredmedia":[{"embeddable":true,"href":"https:\/\/displayproducts.eu\/nb\/wp-json\/wp\/v2\/media\/6414"}],"wp:attachment":[{"href":"https:\/\/displayproducts.eu\/nb\/wp-json\/wp\/v2\/media?parent=5406"}],"wp:term":[{"taxonomy":"product_brand","embeddable":true,"href":"https:\/\/displayproducts.eu\/nb\/wp-json\/wp\/v2\/product_brand?post=5406"},{"taxonomy":"product_cat","embeddable":true,"href":"https:\/\/displayproducts.eu\/nb\/wp-json\/wp\/v2\/product_cat?post=5406"},{"taxonomy":"product_tag","embeddable":true,"href":"https:\/\/displayproducts.eu\/nb\/wp-json\/wp\/v2\/product_tag?post=5406"}],"curies":[{"name":"wp","href":"https:\/\/api.w.org\/{rel}","templated":true}]}}