{"id":5404,"date":"2025-11-13T17:06:02","date_gmt":"2025-11-13T14:06:02","guid":{"rendered":"https:\/\/wristbandfactory.eu\/?post_type=product&#038;p=5404"},"modified":"2026-04-01T21:52:03","modified_gmt":"2026-04-01T18:52:03","slug":"rpet-phone-strap-with-60w-data-cable","status":"publish","type":"product","link":"https:\/\/displayproducts.eu\/nb\/p\/rpet-phone-strap-with-60w-data-cable\/","title":{"rendered":"RPET-telefonstropp med 60 W datakabel"},"content":{"rendered":"<p>Tilby et nyttig og b\u00e6rekraftig reklameprodukt p\u00e5 din neste teknologikonferanse eller bedriftsarrangement. VRIST er et multifunksjonelt armb\u00e5nd designet for moderne fagfolk, som kombinerer h\u00e5ndfri bekvemmelighet med viktige lademuligheter.<\/p>\n<p>Den 45 cm lange stroppen er laget av milj\u00f8vennlig RPET-materiale (resirkulert PET), noe som fremhever merkevarens forpliktelse til b\u00e6rekraft. Den fungerer som en sikker telefonholder, slik at deltakerne kan holde enheten sin tilgjengelig.<\/p>\n<p>Armb\u00e5ndets kjernefunksjon er en kraftig <b>60W Type-C til Type-C-kabel<\/b>, som st\u00f8tter b\u00e5de h\u00f8yhastighetslading og <b>dataoverf\u00f8ring<\/b>. Dette gj\u00f8r den til en utrolig praktisk gave for teknologikyndige m\u00e5lgrupper. En n\u00f8kkelklips gir ekstra funksjonalitet. Dette produktet er produsert i en Amfori BSCI-godkjent fabrikk, noe som sikrer en ansvarlig forsyningskjede.<\/p>\n<p><b>Viktige funksjoner:<\/b><\/p>\n<ul>\n<li><b>Multifunksjonell design:<\/b> Fungerer som telefonholder, armb\u00e5nd for h\u00f8yhastighetsdata og n\u00f8kkelklips.<\/li>\n<li><b>Milj\u00f8vennlig materiale:<\/b> Remmen er laget av resirkulert PET (RPET), noe som demonstrerer b\u00e6rekraft i bedriften.<\/li>\n<li><b>60W str\u00f8m og data:<\/b> H\u00f8yhastighets 60W Type-C til Type-C-kabel st\u00f8tter b\u00e5de hurtiglading og dataoverf\u00f8ring.<\/li>\n<li><b>H\u00e5ndfri bruk ved arrangementer:<\/b> Lar deltakerne oppbevare telefoner og n\u00f8kkelb\u00e5nd sikkert og tilgjengelige.<\/li>\n<li><b>Ansvarlig innkj\u00f8p:<\/b> Produsert i en Amfori BSCI-godkjent fabrikk.<\/li>\n<\/ul>","protected":false},"excerpt":{"rendered":"<ul>\n<li>Milj\u00f8vennlig rem laget av resirkulert PET-materiale (RPET).<\/li>\n<li>H\u00f8yhastighets 60W Type-C til Type-C-kabel for lading og dataoverf\u00f8ring.<\/li>\n<li>Fungerer som et armb\u00e5nd til en telefonholder for h\u00e5ndfri bruk p\u00e5 arrangementer.<\/li>\n<li>Inkluderer en n\u00f8kkelklips for ekstra nytteverdi.<\/li>\n<\/ul>","protected":false},"featured_media":6666,"comment_status":"closed","ping_status":"closed","template":"","meta":[],"product_brand":[],"product_cat":[128],"product_tag":[],"class_list":{"0":"post-5404","1":"product","2":"type-product","3":"status-publish","4":"has-post-thumbnail","6":"product_cat-mobile-tech-accessories","8":"first","9":"instock","10":"shipping-taxable","11":"purchasable","12":"product-type-simple"},"_links":{"self":[{"href":"https:\/\/displayproducts.eu\/nb\/wp-json\/wp\/v2\/product\/5404","targetHints":{"allow":["GET"]}}],"collection":[{"href":"https:\/\/displayproducts.eu\/nb\/wp-json\/wp\/v2\/product"}],"about":[{"href":"https:\/\/displayproducts.eu\/nb\/wp-json\/wp\/v2\/types\/product"}],"replies":[{"embeddable":true,"href":"https:\/\/displayproducts.eu\/nb\/wp-json\/wp\/v2\/comments?post=5404"}],"wp:featuredmedia":[{"embeddable":true,"href":"https:\/\/displayproducts.eu\/nb\/wp-json\/wp\/v2\/media\/6666"}],"wp:attachment":[{"href":"https:\/\/displayproducts.eu\/nb\/wp-json\/wp\/v2\/media?parent=5404"}],"wp:term":[{"taxonomy":"product_brand","embeddable":true,"href":"https:\/\/displayproducts.eu\/nb\/wp-json\/wp\/v2\/product_brand?post=5404"},{"taxonomy":"product_cat","embeddable":true,"href":"https:\/\/displayproducts.eu\/nb\/wp-json\/wp\/v2\/product_cat?post=5404"},{"taxonomy":"product_tag","embeddable":true,"href":"https:\/\/displayproducts.eu\/nb\/wp-json\/wp\/v2\/product_tag?post=5404"}],"curies":[{"name":"wp","href":"https:\/\/api.w.org\/{rel}","templated":true}]}}