{"id":5402,"date":"2025-11-13T16:55:11","date_gmt":"2025-11-13T13:55:11","guid":{"rendered":"https:\/\/wristbandfactory.eu\/?post_type=product&#038;p=5402"},"modified":"2026-04-01T21:52:03","modified_gmt":"2026-04-01T18:52:03","slug":"floating-foam-wristband-keychains","status":"publish","type":"product","link":"https:\/\/displayproducts.eu\/nb\/p\/floating-foam-wristband-keychains\/","title":{"rendered":"Flytende skumarmb\u00e5ndsn\u00f8kkelringer"},"content":{"rendered":"<p>S\u00f8rg for at kundenes n\u00f8kkelb\u00e5nd er trygge under bedriftsarrangementer p\u00e5 vann, i marinaer eller p\u00e5 b\u00e5tturer med v\u00e5re flytende skumarmb\u00e5ndsn\u00f8kkelringer. Dette praktiske reklameartiklet er et must for enhver bedrift tilknyttet vann, gjestfrihet eller b\u00e5tliv.<\/p>\n<p>Denne n\u00f8kkelringen er laget av et slitesterkt PET-polyestermateriale fylt med skum, og er designet for \u00e5 b\u00e6res komfortabelt p\u00e5 h\u00e5ndleddet. Denne konstruksjonen sikrer at den holder seg flytende, slik at standardn\u00f8kkelb\u00e5nd ikke synker hvis de mistes i vannet. Den lyse PANTONE 298C-fargen gir h\u00f8y synlighet og gj\u00f8r den lett \u00e5 f\u00e5 \u00f8ye p\u00e5.<\/p>\n<p>Denne flytende n\u00f8kkelringen er ideell for utdeling p\u00e5 b\u00e5tmesser, som standardvare for marinamedlemmer eller som en funksjonell gave til reise- og hotellmerker. Den s\u00f8rger for at merkevaren din forbindes med sikkerhet og praktisk bruk.<\/p>\n<p><b>Viktige funksjoner:<\/b><\/p>\n<ul>\n<li><b>Flytedyktig skumfylt design:<\/b> Flyter p\u00e5litelig og hindrer at n\u00f8klene synker i vann.<\/li>\n<li><b>Slitesterkt PET-materiale:<\/b> Laget av slitesterk polyester for langvarig bruk i maritime milj\u00f8er.<\/li>\n<li><b>Farge med h\u00f8y synlighet:<\/b> Leveres i en lys PANTONE 298C for uten trykk synliggj\u00f8ring i vann.<\/li>\n<li><b>H\u00e5ndfri bruk:<\/b> Fungerer b\u00e5de som armb\u00e5nd og n\u00f8kkelring for praktisk bekvemmelighet.<\/li>\n<li><b>Sertifisert produksjon:<\/b> Produsert i en Amfori BSCI-godkjent fabrikk, noe som sikrer ansvarlig innkj\u00f8p.<\/li>\n<\/ul>","protected":false},"excerpt":{"rendered":"<ul>\n<li>Forhindrer at n\u00f8kkelb\u00e5nd synker, ideell for b\u00e5tliv, marinaer og arrangementer ved vannkanten.<\/li>\n<li>Laget av slitesterk skumfylt PET-polyester for p\u00e5litelig oppdrift.<\/li>\n<li>Tilbyr et synlig reklameprodukt for vannrelaterte merkevarer.<\/li>\n<li>Tilgjengelig i en livlig PANTONE 298C-bl\u00e5farge for uten trykk gjenkjenning.<\/li>\n<\/ul>","protected":false},"featured_media":6411,"comment_status":"closed","ping_status":"closed","template":"","meta":[],"product_brand":[],"product_cat":[66,94],"product_tag":[],"class_list":{"0":"post-5402","1":"product","2":"type-product","3":"status-publish","4":"has-post-thumbnail","6":"product_cat-wristbands","7":"product_cat-keychains","9":"first","10":"instock","11":"shipping-taxable","12":"purchasable","13":"product-type-simple"},"_links":{"self":[{"href":"https:\/\/displayproducts.eu\/nb\/wp-json\/wp\/v2\/product\/5402","targetHints":{"allow":["GET"]}}],"collection":[{"href":"https:\/\/displayproducts.eu\/nb\/wp-json\/wp\/v2\/product"}],"about":[{"href":"https:\/\/displayproducts.eu\/nb\/wp-json\/wp\/v2\/types\/product"}],"replies":[{"embeddable":true,"href":"https:\/\/displayproducts.eu\/nb\/wp-json\/wp\/v2\/comments?post=5402"}],"wp:featuredmedia":[{"embeddable":true,"href":"https:\/\/displayproducts.eu\/nb\/wp-json\/wp\/v2\/media\/6411"}],"wp:attachment":[{"href":"https:\/\/displayproducts.eu\/nb\/wp-json\/wp\/v2\/media?parent=5402"}],"wp:term":[{"taxonomy":"product_brand","embeddable":true,"href":"https:\/\/displayproducts.eu\/nb\/wp-json\/wp\/v2\/product_brand?post=5402"},{"taxonomy":"product_cat","embeddable":true,"href":"https:\/\/displayproducts.eu\/nb\/wp-json\/wp\/v2\/product_cat?post=5402"},{"taxonomy":"product_tag","embeddable":true,"href":"https:\/\/displayproducts.eu\/nb\/wp-json\/wp\/v2\/product_tag?post=5402"}],"curies":[{"name":"wp","href":"https:\/\/api.w.org\/{rel}","templated":true}]}}