{"id":5393,"date":"2025-11-13T16:47:58","date_gmt":"2025-11-13T13:47:58","guid":{"rendered":"https:\/\/wristbandfactory.eu\/?post_type=product&#038;p=5393"},"modified":"2026-04-01T21:52:03","modified_gmt":"2026-04-01T18:52:03","slug":"silicone-wristbands-with-aluminium-plate","status":"publish","type":"product","link":"https:\/\/displayproducts.eu\/nb\/p\/silicone-wristbands-with-aluminium-plate\/","title":{"rendered":"Silikonarmb\u00e5nd med aluminiumsplate"},"content":{"rendered":"<p><span class=\"citation-125 citation-end-125\">L\u00f8ft reklamevarene dine opp med v\u00e5re silikonarmb\u00e5nd med en fremtredende aluminiumsplate. <\/span><span class=\"citation-124 citation-end-124\">Denne modellen kombinerer komforten og holdbarheten til silikon med en f\u00f8rsteklasses metallplate, og skaper det perfekte lerretet for bedriftslogoen din. <\/span><\/p>\n<p><span class=\"citation-123 citation-end-123\">I motsetning til standard trykte eller pregede b\u00e5nd, er den s\u00f8lvfargede aluminiumsplaten <\/span> er utviklet for lasergravering, og tilbyr en skarp, permanent og eksklusiv finish som ikke slites av. Dette gj\u00f8r den til et utmerket valg for bedriftsarrangementer, VIP-tilgang eller som et slitesterkt reklameprodukt som kunder og ansatte vil sette pris p\u00e5.<\/p>\n<p><span class=\"citation-122 citation-end-122\">Selve remmen er laget av h\u00f8ykvalitets, slitesterk silikon, noe som sikrer en komfortabel passform for bruk hele dagen p\u00e5 konferanser eller messer. <\/span> St\u00f8rrelsen 202 x 12 x 3 mm passer de fleste voksne. Dette designet med blandede materialer gir et sofistikert og moderne utseende for din neste markedsf\u00f8ringskampanje.<\/p>\n<p><b>Viktige funksjoner:<\/b><\/p>\n<ul>\n<li><b><span class=\"citation-121\">Premium metallplate:<\/span><\/b><span class=\"citation-121 citation-end-121\"> Har en blank s\u00f8lvfarget aluminiumsplate, ideell for lasergravering. <\/span><\/li>\n<li><b><span class=\"citation-120\">Slitesterkt silikonb\u00e5nd:<\/span><\/b><span class=\"citation-120 citation-end-120\"> Laget av 100% h\u00f8ykvalitets silikon for komfort og lang levetid. <\/span><\/li>\n<li><b>Merkevarebygging i toppklasse:<\/b> Tilbyr et mer sofistikert og slitesterkt merkevarealternativ enn standard silikonreimer.<\/li>\n<li><b>Standard voksenst\u00f8rrelse:<\/b> M\u00e5lene 202 x 12 x 3 mm passer de fleste deltakere.<\/li>\n<li><b>Lettvekt:<\/b> Veier bare 8 g, noe som gj\u00f8r den komfortabel for bruk hele dagen.<\/li>\n<\/ul>","protected":false},"excerpt":{"rendered":"<ul>\n<li><span class=\"citation-127 citation-end-127\">Har en f\u00f8rsteklasses s\u00f8lvfarget aluminiumsplate for en slitesterk, gravert logo. <\/span><\/li>\n<li><span class=\"citation-126 citation-end-126\">Det slitesterke 100% silikonb\u00e5ndet er komfortabelt for bruk p\u00e5 arrangementer hele dagen. <\/span><\/li>\n<li>Ideell for bedriftsarrangementer, innsamlingsaksjoner og som et premium reklameprodukt.<\/li>\n<li>Standardst\u00f8rrelsen er 202 x 12 x 3 mm og passer til de fleste h\u00e5ndleddene til voksne.<\/li>\n<\/ul>","protected":false},"featured_media":5946,"comment_status":"closed","ping_status":"closed","template":"","meta":[],"product_brand":[],"product_cat":[49],"product_tag":[],"class_list":{"0":"post-5393","1":"product","2":"type-product","3":"status-publish","4":"has-post-thumbnail","6":"product_cat-silicone","8":"first","9":"instock","10":"shipping-taxable","11":"purchasable","12":"product-type-simple"},"_links":{"self":[{"href":"https:\/\/displayproducts.eu\/nb\/wp-json\/wp\/v2\/product\/5393","targetHints":{"allow":["GET"]}}],"collection":[{"href":"https:\/\/displayproducts.eu\/nb\/wp-json\/wp\/v2\/product"}],"about":[{"href":"https:\/\/displayproducts.eu\/nb\/wp-json\/wp\/v2\/types\/product"}],"replies":[{"embeddable":true,"href":"https:\/\/displayproducts.eu\/nb\/wp-json\/wp\/v2\/comments?post=5393"}],"wp:featuredmedia":[{"embeddable":true,"href":"https:\/\/displayproducts.eu\/nb\/wp-json\/wp\/v2\/media\/5946"}],"wp:attachment":[{"href":"https:\/\/displayproducts.eu\/nb\/wp-json\/wp\/v2\/media?parent=5393"}],"wp:term":[{"taxonomy":"product_brand","embeddable":true,"href":"https:\/\/displayproducts.eu\/nb\/wp-json\/wp\/v2\/product_brand?post=5393"},{"taxonomy":"product_cat","embeddable":true,"href":"https:\/\/displayproducts.eu\/nb\/wp-json\/wp\/v2\/product_cat?post=5393"},{"taxonomy":"product_tag","embeddable":true,"href":"https:\/\/displayproducts.eu\/nb\/wp-json\/wp\/v2\/product_tag?post=5393"}],"curies":[{"name":"wp","href":"https:\/\/api.w.org\/{rel}","templated":true}]}}