{"id":5312,"date":"2025-10-24T14:27:43","date_gmt":"2025-10-24T11:27:43","guid":{"rendered":"https:\/\/wristbandfactory.eu\/?post_type=product&#038;p=5312"},"modified":"2026-04-01T21:52:35","modified_gmt":"2026-04-01T18:52:35","slug":"eco-friendly-cardboard-lanyards-20mm","status":"publish","type":"product","link":"https:\/\/displayproducts.eu\/nb\/p\/eco-friendly-cardboard-lanyards-20mm\/","title":{"rendered":"Milj\u00f8vennlige n\u00f8kkelb\u00e5nd i papp"},"content":{"rendered":"<p data-path-to-node=\"11\">Lag en tydelig og synlig uttalelse om organisasjonens milj\u00f8verdier med v\u00e5re <b>Milj\u00f8vennlige pappn\u00f8kkelb\u00e5nd<\/b>. Som den ultimate \u201canti-plast\u201d-l\u00f8sningen er disse lanyardene designet for nullavfallsarrangementer, gr\u00f8nne konferanser og merkevarer som \u00f8nsker \u00e5 leve opp til b\u00e6rekraftsprinsippene.<\/p>\n<p data-path-to-node=\"12\">Laget av <b>motstandsdyktig resirkulert papp<\/b> (et forsterket papirmateriale) tilbyr disse lanyardene et b\u00e6rekraftig alternativ til polyester og nylon. Selv om de f\u00f8les naturlige og lette som papir, er de konstruert for \u00e5 v\u00e6re slitesterke nok til \u00e5 t\u00e5le slitasjen p\u00e5 en typisk messe eller et bedriftsarrangement. Deres s\u00e6regne \u201ckraftpapir\u201d-utseende formidler umiddelbart et budskap om bevaring til alle deltakerne.<\/p>\n<p data-path-to-node=\"13\">Hver snor har en standard bredde p\u00e5 20 mm for komfortabel passform og er utstyrt med en h\u00f8ykvalitets <b>metall svingbar karabinkrok<\/b>. Dette sikrer at selv festemekanismen din er slitesterk og p\u00e5litelig. Ved \u00e5 velge dette \u201cNature Line\u201d-produktet eliminerer du engangsplast fullstendig fra forsyningskjeden til arrangementet ditt.<\/p>\n<p data-path-to-node=\"14\"><b>Viktige funksjoner:<\/b><\/p>\n<ul data-path-to-node=\"15\">\n<li>\n<p data-path-to-node=\"15,0,0\"><b>Materiale:<\/b> 100% Resirkulert papp (papirbasert).<\/p>\n<\/li>\n<li>\n<p data-path-to-node=\"15,1,0\"><b>B\u00e6rekraft:<\/b> Et helt plastfritt alternativ for milj\u00f8bevisst merkevarebygging.<\/p>\n<\/li>\n<li>\n<p data-path-to-node=\"15,2,0\"><b>Varighet:<\/b> Utviklet for \u00e5 holde ID-kort sikkert under vanlige arrangementer.<\/p>\n<\/li>\n<li>\n<p data-path-to-node=\"15,3,0\"><b>Maskinvare:<\/b> Inkluderer en robust metallkarabinkrok for uten trykk festing.<\/p>\n<\/li>\n<li>\n<p data-path-to-node=\"15,4,0\"><b>Estetikk:<\/b> Naturlig, matt finish som fremhever den milj\u00f8vennlige opprinnelsen.<\/p>\n<\/li>\n<\/ul>","protected":false},"excerpt":{"rendered":"<ul>\n<li>\n<p data-path-to-node=\"9,0,0\"><b>Nullplastl\u00f8sning:<\/b> Et helt plastfritt lanyard-alternativ laget av slitesterkt, resirkulert papirbasert materiale.<\/p>\n<\/li>\n<li>\n<p data-path-to-node=\"9,1,0\"><b>Naturlinje:<\/b> En del av v\u00e5r eksklusive \u00f8ko-serie, som tilbyr en distinkt, naturlig estetikk (kraftpapir-utseende).<\/p>\n<\/li>\n<li>\n<p data-path-to-node=\"9,2,0\"><b>Overraskende holdbar:<\/b> Konstruert for \u00e5 v\u00e6re motstandsdyktig nok for endagsarrangementer, konferanser og m\u00f8ter.<\/p>\n<\/li>\n<li>\n<p data-path-to-node=\"9,3,0\"><b>Standard passform:<\/b> 20 mm bredde sikrer synlighet og komfort, utstyrt med en solid metallkarabinkrok.<\/p>\n<\/li>\n<\/ul>","protected":false},"featured_media":6697,"comment_status":"closed","ping_status":"closed","template":"","meta":[],"product_brand":[],"product_cat":[107,113],"product_tag":[],"class_list":{"0":"post-5312","1":"product","2":"type-product","3":"status-publish","4":"has-post-thumbnail","6":"product_cat-eco-friendly-lanyards","7":"product_cat-plain-lanyards","9":"first","10":"instock","11":"shipping-taxable","12":"purchasable","13":"product-type-simple"},"_links":{"self":[{"href":"https:\/\/displayproducts.eu\/nb\/wp-json\/wp\/v2\/product\/5312","targetHints":{"allow":["GET"]}}],"collection":[{"href":"https:\/\/displayproducts.eu\/nb\/wp-json\/wp\/v2\/product"}],"about":[{"href":"https:\/\/displayproducts.eu\/nb\/wp-json\/wp\/v2\/types\/product"}],"replies":[{"embeddable":true,"href":"https:\/\/displayproducts.eu\/nb\/wp-json\/wp\/v2\/comments?post=5312"}],"wp:featuredmedia":[{"embeddable":true,"href":"https:\/\/displayproducts.eu\/nb\/wp-json\/wp\/v2\/media\/6697"}],"wp:attachment":[{"href":"https:\/\/displayproducts.eu\/nb\/wp-json\/wp\/v2\/media?parent=5312"}],"wp:term":[{"taxonomy":"product_brand","embeddable":true,"href":"https:\/\/displayproducts.eu\/nb\/wp-json\/wp\/v2\/product_brand?post=5312"},{"taxonomy":"product_cat","embeddable":true,"href":"https:\/\/displayproducts.eu\/nb\/wp-json\/wp\/v2\/product_cat?post=5312"},{"taxonomy":"product_tag","embeddable":true,"href":"https:\/\/displayproducts.eu\/nb\/wp-json\/wp\/v2\/product_tag?post=5312"}],"curies":[{"name":"wp","href":"https:\/\/api.w.org\/{rel}","templated":true}]}}