{"id":5307,"date":"2025-10-24T14:13:39","date_gmt":"2025-10-24T11:13:39","guid":{"rendered":"https:\/\/wristbandfactory.eu\/?post_type=product&#038;p=5307"},"modified":"2026-04-01T21:52:35","modified_gmt":"2026-04-01T18:52:35","slug":"plantable-seed-paper-id-badges","status":"publish","type":"product","link":"https:\/\/displayproducts.eu\/nb\/p\/plantable-seed-paper-id-badges\/","title":{"rendered":"ID-merker av plantebare fr\u00f8papir"},"content":{"rendered":"<p>Standard identifikasjon for arrangementer bidrar ofte direkte til avfall p\u00e5 deponier. V\u00e5re ID-merker av plantebare fr\u00f8papir forvandler dette problemet til et kraftig og b\u00e6rekraftig markedsf\u00f8ringsbudskap. Denne milj\u00f8vennlige identifikatoren tjener ikke bare form\u00e5let sitt under arrangementet, men gir ogs\u00e5 en minneverdig takeaway uten avfall.<\/p>\n<p>Hvert merke er laget av resirkulert papp og har et spesielt kort med fr\u00f8 av villblomster. Etter konferansen eller messen kan deltakerne plante hele merket og gj\u00f8re det om til et blomsterbed med diverse villblomster. Denne unike funksjonen forsterker merkevarens forpliktelse til b\u00e6rekraft lenge etter at arrangementet er over.<\/p>\n<p>Hvert merke inkluderer tydelige planteinstruksjoner og b\u00e6rer \u201cMade in Europe\u201d-logoet, noe som sikrer kvalitet og et lavere karbonavtrykk. De er det ideelle valget for milj\u00f8fokuserte bedriftsarrangementer, milj\u00f8bevisste messer og enhver organisasjon som \u00f8nsker \u00e5 lage et konkret milj\u00f8utsagn.<\/p>\n<p><b>Viktige funksjoner:<\/b><\/p>\n<ul>\n<li><b>Milj\u00f8vennlig materiale:<\/b> Hovedholderen er laget av resirkulert papp.<\/li>\n<li><b>Plantbart fr\u00f8papir:<\/b> Inkluderer et kort med felt av villblomster som vokser n\u00e5r de plantes.<\/li>\n<li><b>Nullavfallsl\u00f8sning:<\/b> Hele merket kan plantes, slik at det ikke blir noe avfall igjen.<\/li>\n<li><b>Laget i Europa:<\/b> B\u00e6rer \u201cMade in Europe\u201d-logoet, som symboliserer kvalitet og redusert karbonavtrykk.<\/li>\n<li><b>Inkluderer instruksjoner:<\/b> Tydelige planteinstruksjoner er trykt inni.<\/li>\n<li><b>Dimensjoner:<\/b> 11,3 x 9,3 cm.<\/li>\n<\/ul>","protected":false},"excerpt":{"rendered":"<ul>\n<li>Vis din forpliktelse til b\u00e6rekraft p\u00e5 arrangementer.<\/li>\n<li>Laget av resirkulert papp med et inkludert kartong av villblomstfr\u00f8.<\/li>\n<li>Hele merket kan plantes etter arrangementet.<\/li>\n<li>\u201cMade in Europe\u201d sikrer kvalitet og et lavere karbonavtrykk.<\/li>\n<\/ul>","protected":false},"featured_media":5308,"comment_status":"closed","ping_status":"closed","template":"","meta":[],"product_brand":[],"product_cat":[91],"product_tag":[],"class_list":{"0":"post-5307","1":"product","2":"type-product","3":"status-publish","4":"has-post-thumbnail","6":"product_cat-badge-holders","8":"first","9":"instock","10":"shipping-taxable","11":"purchasable","12":"product-type-simple"},"_links":{"self":[{"href":"https:\/\/displayproducts.eu\/nb\/wp-json\/wp\/v2\/product\/5307","targetHints":{"allow":["GET"]}}],"collection":[{"href":"https:\/\/displayproducts.eu\/nb\/wp-json\/wp\/v2\/product"}],"about":[{"href":"https:\/\/displayproducts.eu\/nb\/wp-json\/wp\/v2\/types\/product"}],"replies":[{"embeddable":true,"href":"https:\/\/displayproducts.eu\/nb\/wp-json\/wp\/v2\/comments?post=5307"}],"wp:featuredmedia":[{"embeddable":true,"href":"https:\/\/displayproducts.eu\/nb\/wp-json\/wp\/v2\/media\/5308"}],"wp:attachment":[{"href":"https:\/\/displayproducts.eu\/nb\/wp-json\/wp\/v2\/media?parent=5307"}],"wp:term":[{"taxonomy":"product_brand","embeddable":true,"href":"https:\/\/displayproducts.eu\/nb\/wp-json\/wp\/v2\/product_brand?post=5307"},{"taxonomy":"product_cat","embeddable":true,"href":"https:\/\/displayproducts.eu\/nb\/wp-json\/wp\/v2\/product_cat?post=5307"},{"taxonomy":"product_tag","embeddable":true,"href":"https:\/\/displayproducts.eu\/nb\/wp-json\/wp\/v2\/product_tag?post=5307"}],"curies":[{"name":"wp","href":"https:\/\/api.w.org\/{rel}","templated":true}]}}