{"id":5304,"date":"2025-10-24T13:51:56","date_gmt":"2025-10-24T10:51:56","guid":{"rendered":"https:\/\/wristbandfactory.eu\/?post_type=product&#038;p=5304"},"modified":"2026-04-01T21:52:35","modified_gmt":"2026-04-01T18:52:35","slug":"reusable-event-cups-extra-large-1-2l","status":"publish","type":"product","link":"https:\/\/displayproducts.eu\/nb\/p\/reusable-event-cups-extra-large-1-2l\/","title":{"rendered":"Gjenbrukbare arrangementsbegre (ekstra store 1,2 l)"},"content":{"rendered":"<p data-path-to-node=\"7\">Reduser k\u00f8er og maksimer deltakertilfredsheten p\u00e5 ditt store arrangement med v\u00e5re 1,2 liters ekstra store gjenbrukbare PP-kopper. Denne koppen med h\u00f8y kapasitet er den perfekte l\u00f8sningen for stadioner, store festivaler og konserter, slik at du kan servere st\u00f8rre porsjoner og minimere behovet for p\u00e5fyll betydelig.<\/p>\n<p data-path-to-node=\"8\">Disse koppene er laget av slitesterk, men fleksibel PP (polypropylen), og er bruddsikre og designet for gjentatt bruk. De tilbyr et robust og milj\u00f8bevisst alternativ til engangsplast.<\/p>\n<p data-path-to-node=\"9\">Den gjennomskinnelige overflaten gir et godt synlig lerret for firmalogoen eller merkevarebyggingen til arrangementet ditt. En unik egenskap ved denne koppen er den spesialformede bunnen, som er designet for \u00e5 gi ekstra stabilitet n\u00e5r den plasseres p\u00e5 brikker.<\/p>\n<p data-path-to-node=\"10\"><b>Viktige funksjoner:<\/b><\/p>\n<ul data-path-to-node=\"11\">\n<li>\n<p data-path-to-node=\"11,0,0\"><b>Ekstra stor 1,2 liters kapasitet:<\/b> Minimerer p\u00e5fyll p\u00e5 festivaler, stadioner og konserter med mye trafikk.<\/p>\n<\/li>\n<li>\n<p data-path-to-node=\"11,1,0\"><b>Slitesterkt PP-materiale:<\/b> Fleksibel, bruddsikker og fullt gjenbrukbar for flere arrangementer.<\/p>\n<\/li>\n<li>\n<p data-path-to-node=\"11,2,0\"><b>Gjennomsiktig overflate:<\/b> Gir en ideell, sv\u00e6rt synlig overflate for tilpasset merkevarebygging.<\/p>\n<\/li>\n<li>\n<p data-path-to-node=\"11,3,0\"><b>Stabil basedesign:<\/b> Spesialformet i bunnen for sikker plassering p\u00e5 underlagsbrikker.<\/p>\n<\/li>\n<li>\n<p data-path-to-node=\"11,4,0\"><b>Store dimensjoner:<\/b> M\u00e5ler 19 cm i h\u00f8yden med en diameter p\u00e5 10,7 cm.<\/p>\n<\/li>\n<\/ul>","protected":false},"excerpt":{"rendered":"<ul>\n<li>\n<p data-path-to-node=\"6,0,0\">Ekstra stor kapasitet p\u00e5 1,2 liter minimerer behovet for p\u00e5fyll ved store arrangementer.<\/p>\n<\/li>\n<li>\n<p data-path-to-node=\"6,1,0\">Laget av slitesterkt, fleksibelt og bruddsikkert PP-materiale.<\/p>\n<\/li>\n<li>\n<p data-path-to-node=\"6,2,0\">Gjennomsiktig overflate gir et lerret med h\u00f8y synlighet for merkevarebygging.<\/p>\n<\/li>\n<li>\n<p data-path-to-node=\"6,3,0\">Har en unik, stabil basedesign for bruk med underlagsbrikker.<\/p>\n<\/li>\n<li><\/li>\n<\/ul>","protected":false},"featured_media":6622,"comment_status":"closed","ping_status":"closed","template":"","meta":[],"product_brand":[],"product_cat":[111],"product_tag":[],"class_list":{"0":"post-5304","1":"product","2":"type-product","3":"status-publish","4":"has-post-thumbnail","6":"product_cat-reusable-event-cups","8":"first","9":"instock","10":"shipping-taxable","11":"product-type-simple"},"_links":{"self":[{"href":"https:\/\/displayproducts.eu\/nb\/wp-json\/wp\/v2\/product\/5304","targetHints":{"allow":["GET"]}}],"collection":[{"href":"https:\/\/displayproducts.eu\/nb\/wp-json\/wp\/v2\/product"}],"about":[{"href":"https:\/\/displayproducts.eu\/nb\/wp-json\/wp\/v2\/types\/product"}],"replies":[{"embeddable":true,"href":"https:\/\/displayproducts.eu\/nb\/wp-json\/wp\/v2\/comments?post=5304"}],"wp:featuredmedia":[{"embeddable":true,"href":"https:\/\/displayproducts.eu\/nb\/wp-json\/wp\/v2\/media\/6622"}],"wp:attachment":[{"href":"https:\/\/displayproducts.eu\/nb\/wp-json\/wp\/v2\/media?parent=5304"}],"wp:term":[{"taxonomy":"product_brand","embeddable":true,"href":"https:\/\/displayproducts.eu\/nb\/wp-json\/wp\/v2\/product_brand?post=5304"},{"taxonomy":"product_cat","embeddable":true,"href":"https:\/\/displayproducts.eu\/nb\/wp-json\/wp\/v2\/product_cat?post=5304"},{"taxonomy":"product_tag","embeddable":true,"href":"https:\/\/displayproducts.eu\/nb\/wp-json\/wp\/v2\/product_tag?post=5304"}],"curies":[{"name":"wp","href":"https:\/\/api.w.org\/{rel}","templated":true}]}}