{"id":5300,"date":"2025-10-24T12:52:28","date_gmt":"2025-10-24T09:52:28","guid":{"rendered":"https:\/\/wristbandfactory.eu\/?post_type=product&#038;p=5300"},"modified":"2026-04-01T21:52:35","modified_gmt":"2026-04-01T18:52:35","slug":"laser-engravable-rectangular-glass-trophies","status":"publish","type":"product","link":"https:\/\/displayproducts.eu\/nb\/p\/laser-engravable-rectangular-glass-trophies\/","title":{"rendered":"Lasergrav\u00e9rbare rektangul\u00e6re glasstrof\u00e9er"},"content":{"rendered":"<p>Gj\u00f8r et betydelig inntrykk p\u00e5 din neste prisutdeling eller bedriftsgalla. V\u00e5rt store rektangul\u00e6re glasstrof\u00e9 er en f\u00f8rsteklasses og solid utmerkelse som er perfekt for \u00e5 anerkjenne topput\u00f8vere, viktige kunder eller konkurransevinnere.<\/p>\n<p>Dette trofeet er 19 cm h\u00f8yt og laget av tykt glass av h\u00f8y kvalitet, med en vekt p\u00e5 690 gram, noe som gir en merkbart premium f\u00f8lelse. Det rene, rektangul\u00e6re designet tilbyr en stor, flat overflate som er spesielt utviklet for h\u00f8ypresisjons laserutskrift (gravering). Dette sikrer at bedriftens logo, pristittel og mottakerdetaljer tilpasses med eksepsjonell klarhet. Ideelt for salgspriser, m\u00e5nedens ansatt-programmer eller takk til viktige partnere, leveres hvert trofe i et individuelt beskyttende etui, noe som sikrer at det er trygt under transport og klart for presentasjon.<\/p>\n<p><b>Viktige funksjoner:<\/b><\/p>\n<ul>\n<li><b>Stor rektangul\u00e6r design:<\/b> Den er 19 cm h\u00f8y, og gir god plass til gravering.<\/li>\n<li><b>Premium tungvektsglass:<\/b> Med en vekt p\u00e5 690 g har dette trofeet en solid f\u00f8lelse, noe som forsterker den oppfattede verdien.<\/li>\n<li><b>Optimalisert for lasergravering:<\/b> Spesialdesignet overflate muliggj\u00f8r skarp og detaljert laserprintet tilpasning.<\/li>\n<li><b>Stabil base:<\/b> Har en slitesterk, 4,5 cm dyp glassbase for solid visning p\u00e5 ethvert skrivebord eller i en hylle.<\/li>\n<li><b>Beskyttende etui inkludert:<\/b> Hvert trof\u00e9 leveres i en individuell eske for sikker transport og gavegivning.<\/li>\n<\/ul>\n<p>&nbsp;<\/p>","protected":false},"excerpt":{"rendered":"<ul>\n<li>Premium 19 cm h\u00f8y rektangul\u00e6r glasspris.<\/li>\n<li>En betydelig vekt p\u00e5 690 g for en f\u00f8lelse av h\u00f8y verdi.<\/li>\n<li>Optimalisert overflate for presis lasergravering av logoen din.<\/li>\n<li>Inkluderer individuelt beskyttelsesetui for sikker presentasjon.<\/li>\n<\/ul>","protected":false},"featured_media":6540,"comment_status":"closed","ping_status":"closed","template":"","meta":[],"product_brand":[],"product_cat":[79],"product_tag":[],"class_list":{"0":"post-5300","1":"product","2":"type-product","3":"status-publish","4":"has-post-thumbnail","6":"product_cat-awards","8":"first","9":"instock","10":"shipping-taxable","11":"purchasable","12":"product-type-simple"},"_links":{"self":[{"href":"https:\/\/displayproducts.eu\/nb\/wp-json\/wp\/v2\/product\/5300","targetHints":{"allow":["GET"]}}],"collection":[{"href":"https:\/\/displayproducts.eu\/nb\/wp-json\/wp\/v2\/product"}],"about":[{"href":"https:\/\/displayproducts.eu\/nb\/wp-json\/wp\/v2\/types\/product"}],"replies":[{"embeddable":true,"href":"https:\/\/displayproducts.eu\/nb\/wp-json\/wp\/v2\/comments?post=5300"}],"wp:featuredmedia":[{"embeddable":true,"href":"https:\/\/displayproducts.eu\/nb\/wp-json\/wp\/v2\/media\/6540"}],"wp:attachment":[{"href":"https:\/\/displayproducts.eu\/nb\/wp-json\/wp\/v2\/media?parent=5300"}],"wp:term":[{"taxonomy":"product_brand","embeddable":true,"href":"https:\/\/displayproducts.eu\/nb\/wp-json\/wp\/v2\/product_brand?post=5300"},{"taxonomy":"product_cat","embeddable":true,"href":"https:\/\/displayproducts.eu\/nb\/wp-json\/wp\/v2\/product_cat?post=5300"},{"taxonomy":"product_tag","embeddable":true,"href":"https:\/\/displayproducts.eu\/nb\/wp-json\/wp\/v2\/product_tag?post=5300"}],"curies":[{"name":"wp","href":"https:\/\/api.w.org\/{rel}","templated":true}]}}