{"id":5296,"date":"2025-10-24T12:46:54","date_gmt":"2025-10-24T09:46:54","guid":{"rendered":"https:\/\/wristbandfactory.eu\/?post_type=product&#038;p=5296"},"modified":"2026-04-01T21:52:35","modified_gmt":"2026-04-01T18:52:35","slug":"laser-engravable-circular-glass-trophies","status":"publish","type":"product","link":"https:\/\/displayproducts.eu\/nb\/p\/laser-engravable-circular-glass-trophies\/","title":{"rendered":"Lasergrav\u00e9rbare sirkul\u00e6re glasstrof\u00e9er"},"content":{"rendered":"<p>Anerkjenn fremragende prestasjoner og milep\u00e6ler med en f\u00f8rsteklasses pris. V\u00e5rt runde glasstrof\u00e9 tilbyr en moderne og elegant l\u00f8sning for bedriftsanerkjennelse, salgsarrangementer og teamprestasjoner.<\/p>\n<p>Dette trofeet er laget av tykt glass av h\u00f8y kvalitet, og har en tidl\u00f8s, sirkul\u00e6r plakettdesign plassert p\u00e5 en stabil, firkantet base. Vekten p\u00e5 400 gram gir det en solid og verdifull f\u00f8lelse \u2013 perfekt for visning. Det er spesielt konstruert for laserutskrift (gravering), noe som gir mulighet for skarp og presis tilpasning av logo, tekst og prisdetaljer. Hvert trofe presenteres i sitt eget individuelle beskyttelsesetui, noe som sikrer at det ankommer trygt og er klart for presentasjon.<\/p>\n<p><b>Viktige funksjoner:<\/b><\/p>\n<ul>\n<li><b>Premium glasskonstruksjon:<\/b> Tykt, tungt glass (400 gr) for h\u00f8y opplevd verdi.<\/li>\n<li><b>Optimalisert for lasergravering:<\/b> Spesialdesignet overflate for skarpe, detaljerte laserprintede logoer og tekst.<\/li>\n<li><b>Elegant sirkul\u00e6r design:<\/b> En moderne rund plakett (10 cm) p\u00e5 en solid firkantet base (6 cm).<\/li>\n<li><b>Klar for presentasjon:<\/b> Hver pris leveres i et individuelt beskyttende etui for sikker h\u00e5ndtering og presentasjon.<\/li>\n<\/ul>","protected":false},"excerpt":{"rendered":"<ul>\n<li>Premium sirkul\u00e6rt glasstrof\u00e9 p\u00e5 en solid firkantet base.<\/li>\n<li>Spesielt utviklet for h\u00f8ypresisjons lasergravering.<\/li>\n<li>Ideell for bedriftsanerkjennelse, salgspriser og arrangementer.<\/li>\n<li>Leveres i et individuelt beskyttelsesetui for sikker transport.<\/li>\n<\/ul>","protected":false},"featured_media":6535,"comment_status":"closed","ping_status":"closed","template":"","meta":[],"product_brand":[],"product_cat":[79],"product_tag":[],"class_list":{"0":"post-5296","1":"product","2":"type-product","3":"status-publish","4":"has-post-thumbnail","6":"product_cat-awards","8":"first","9":"instock","10":"shipping-taxable","11":"purchasable","12":"product-type-simple"},"_links":{"self":[{"href":"https:\/\/displayproducts.eu\/nb\/wp-json\/wp\/v2\/product\/5296","targetHints":{"allow":["GET"]}}],"collection":[{"href":"https:\/\/displayproducts.eu\/nb\/wp-json\/wp\/v2\/product"}],"about":[{"href":"https:\/\/displayproducts.eu\/nb\/wp-json\/wp\/v2\/types\/product"}],"replies":[{"embeddable":true,"href":"https:\/\/displayproducts.eu\/nb\/wp-json\/wp\/v2\/comments?post=5296"}],"wp:featuredmedia":[{"embeddable":true,"href":"https:\/\/displayproducts.eu\/nb\/wp-json\/wp\/v2\/media\/6535"}],"wp:attachment":[{"href":"https:\/\/displayproducts.eu\/nb\/wp-json\/wp\/v2\/media?parent=5296"}],"wp:term":[{"taxonomy":"product_brand","embeddable":true,"href":"https:\/\/displayproducts.eu\/nb\/wp-json\/wp\/v2\/product_brand?post=5296"},{"taxonomy":"product_cat","embeddable":true,"href":"https:\/\/displayproducts.eu\/nb\/wp-json\/wp\/v2\/product_cat?post=5296"},{"taxonomy":"product_tag","embeddable":true,"href":"https:\/\/displayproducts.eu\/nb\/wp-json\/wp\/v2\/product_tag?post=5296"}],"curies":[{"name":"wp","href":"https:\/\/api.w.org\/{rel}","templated":true}]}}