{"id":5292,"date":"2025-10-24T12:42:32","date_gmt":"2025-10-24T09:42:32","guid":{"rendered":"https:\/\/wristbandfactory.eu\/?post_type=product&#038;p=5292"},"modified":"2026-04-01T21:52:35","modified_gmt":"2026-04-01T18:52:35","slug":"window-name-badges-with-clip-and-pin","status":"publish","type":"product","link":"https:\/\/displayproducts.eu\/nb\/p\/window-name-badges-with-clip-and-pin\/","title":{"rendered":"Vindusnavnskilt med klips og n\u00e5l"},"content":{"rendered":"<p>Gi teamet ditt, konferansedeltakerne eller arrangementspersonalet tydelig og profesjonell identifikasjon med disse gjenbrukbare vindusnavneskiltene. Disse merkene har et rent, moderne design med en skinnende finish, og gir et polert utseende til ethvert bedriftsmilj\u00f8.<\/p>\n<p>Sporet i frontvinduet muliggj\u00f8r rask bytte av trykte visittkort, noe som gj\u00f8r dem til en kostnadseffektiv og fleksibel l\u00f8sning for bes\u00f8ksh\u00e5ndtering, midlertidig ansatte eller gjentakende arrangementer. Baksiden av visittkortet er utstyrt med et robust dobbelt festesystem. Dette doble festet, med b\u00e5de en metallklips og en sikkerhetsn\u00e5l, sikrer en sikker og stabil justering p\u00e5 alle typer kl\u00e6r, fra dressjakker til uniformer.<\/p>\n<p><b>Viktige funksjoner:<\/b><\/p>\n<ul>\n<li><b>Gjenbrukbart vindusdesign:<\/b> Muliggj\u00f8r rask og uten trykk utskifting av navneinnstikk.<\/li>\n<li><b>Dobbelt festesystem:<\/b> Utstyrt med b\u00e5de metallklips og sikkerhetsn\u00e5l for sikkert og allsidig feste.<\/li>\n<li><b>Profesjonell skinnende finish:<\/b> Gir et moderne og polert utseende som passer for bedriftsmilj\u00f8er.<\/li>\n<li><b>Kompakte dimensjoner:<\/b> M\u00e5ler 6,8 x 3,4 cm for god sikt uten \u00e5 v\u00e6re tungvint.<\/li>\n<\/ul>","protected":false},"excerpt":{"rendered":"<ul>\n<li>Profesjonell skinnende finish for et moderne bedriftsutseende.<\/li>\n<li>Allsidig dobbel feste: har b\u00e5de metallklips og sikkerhetsn\u00e5l.<\/li>\n<li>Gjenbrukbart vindusdesign for uten trykk innsetting av visittkort.<\/li>\n<li>Ideell for storkj\u00f8p til arrangementer, ansatte og messer.<\/li>\n<\/ul>","protected":false},"featured_media":5293,"comment_status":"closed","ping_status":"closed","template":"","meta":[],"product_brand":[],"product_cat":[91],"product_tag":[],"class_list":{"0":"post-5292","1":"product","2":"type-product","3":"status-publish","4":"has-post-thumbnail","6":"product_cat-badge-holders","8":"first","9":"instock","10":"shipping-taxable","11":"purchasable","12":"product-type-simple"},"_links":{"self":[{"href":"https:\/\/displayproducts.eu\/nb\/wp-json\/wp\/v2\/product\/5292","targetHints":{"allow":["GET"]}}],"collection":[{"href":"https:\/\/displayproducts.eu\/nb\/wp-json\/wp\/v2\/product"}],"about":[{"href":"https:\/\/displayproducts.eu\/nb\/wp-json\/wp\/v2\/types\/product"}],"replies":[{"embeddable":true,"href":"https:\/\/displayproducts.eu\/nb\/wp-json\/wp\/v2\/comments?post=5292"}],"wp:featuredmedia":[{"embeddable":true,"href":"https:\/\/displayproducts.eu\/nb\/wp-json\/wp\/v2\/media\/5293"}],"wp:attachment":[{"href":"https:\/\/displayproducts.eu\/nb\/wp-json\/wp\/v2\/media?parent=5292"}],"wp:term":[{"taxonomy":"product_brand","embeddable":true,"href":"https:\/\/displayproducts.eu\/nb\/wp-json\/wp\/v2\/product_brand?post=5292"},{"taxonomy":"product_cat","embeddable":true,"href":"https:\/\/displayproducts.eu\/nb\/wp-json\/wp\/v2\/product_cat?post=5292"},{"taxonomy":"product_tag","embeddable":true,"href":"https:\/\/displayproducts.eu\/nb\/wp-json\/wp\/v2\/product_tag?post=5292"}],"curies":[{"name":"wp","href":"https:\/\/api.w.org\/{rel}","templated":true}]}}