{"id":5288,"date":"2025-10-24T12:36:41","date_gmt":"2025-10-24T09:36:41","guid":{"rendered":"https:\/\/wristbandfactory.eu\/?post_type=product&#038;p=5288"},"modified":"2026-04-01T21:52:35","modified_gmt":"2026-04-01T18:52:35","slug":"aluminium-name-badges-with-clip-and-pin","status":"publish","type":"product","link":"https:\/\/displayproducts.eu\/nb\/p\/aluminium-name-badges-with-clip-and-pin\/","title":{"rendered":"Navneskilt i aluminium med klips og n\u00e5l"},"content":{"rendered":"<p>S\u00f8rg for profesjonell og konsekvent identifikasjon av ansatte p\u00e5 bedriftsarrangementer, messer og p\u00e5 kontoret med disse gjenbrukbare navneskiltene i aluminium. Den slanke, anodiserte aluminiumsrammen gir en slitesterk og f\u00f8rsteklasses finish som forbedrer bedriftens image.<\/p>\n<p>Disse navneskiltene er utformet for fleksibilitet, og gir rask og uten trykk utskifting av papirinnlegg, noe som gj\u00f8r dem perfekte for midlertidig ansatte, konferansedeltakere eller bedrifter med h\u00f8y personalomsetning. Baksiden har et robust feste med to funksjoner, b\u00e5de en klips og en n\u00e5l, som gir brukerne valget mellom hvordan de skal feste merket sikkert til ethvert plagg. Denne allsidige og kostnadseffektive l\u00f8sningen er tilgjengelig i bulk for alle dine identifikasjonsbehov.<\/p>\n<p><b>Viktige funksjoner:<\/b><\/p>\n<ul>\n<li><b>Slitesterk aluminiumsramme:<\/b> Har en anodisert overflate av h\u00f8y kvalitet for et profesjonelt og langvarig utseende.<\/li>\n<li><b>Dobbelt festesystem:<\/b> Inkluderer b\u00e5de en klips og en n\u00e5l p\u00e5 baksiden for allsidig og sikker festing til alle typer kl\u00e6r.<\/li>\n<li><b>Gjenbrukbar og kostnadseffektiv:<\/b> Designet for \u00e5 holde standard papirinnlegg (ikke inkludert), noe som gir enkle oppdateringer for nye ansatte eller arrangementer.<\/li>\n<li><b>Elegante dimensjoner:<\/b> M\u00e5ler 70 x 25 mm, noe som gir en tydelig og synlig navnevisning uten \u00e5 v\u00e6re p\u00e5trengende.<\/li>\n<\/ul>","protected":false},"excerpt":{"rendered":"<ul>\n<li>Profesjonell anodisert aluminiumsramme for et f\u00f8rsteklasses utseende.<\/li>\n<li>Allsidig dobbelt klips- og pinnefeste for sikker festing.<\/li>\n<li>Gjenbrukbart design: Bare skriv ut og sett inn nye visittkort.<\/li>\n<li>Ideell for bulkbestillinger for bedriftspersonale, arrangementer og messer.<\/li>\n<\/ul>","protected":false},"featured_media":5289,"comment_status":"closed","ping_status":"closed","template":"","meta":[],"product_brand":[],"product_cat":[91],"product_tag":[],"class_list":{"0":"post-5288","1":"product","2":"type-product","3":"status-publish","4":"has-post-thumbnail","6":"product_cat-badge-holders","8":"first","9":"instock","10":"shipping-taxable","11":"purchasable","12":"product-type-simple"},"_links":{"self":[{"href":"https:\/\/displayproducts.eu\/nb\/wp-json\/wp\/v2\/product\/5288","targetHints":{"allow":["GET"]}}],"collection":[{"href":"https:\/\/displayproducts.eu\/nb\/wp-json\/wp\/v2\/product"}],"about":[{"href":"https:\/\/displayproducts.eu\/nb\/wp-json\/wp\/v2\/types\/product"}],"replies":[{"embeddable":true,"href":"https:\/\/displayproducts.eu\/nb\/wp-json\/wp\/v2\/comments?post=5288"}],"wp:featuredmedia":[{"embeddable":true,"href":"https:\/\/displayproducts.eu\/nb\/wp-json\/wp\/v2\/media\/5289"}],"wp:attachment":[{"href":"https:\/\/displayproducts.eu\/nb\/wp-json\/wp\/v2\/media?parent=5288"}],"wp:term":[{"taxonomy":"product_brand","embeddable":true,"href":"https:\/\/displayproducts.eu\/nb\/wp-json\/wp\/v2\/product_brand?post=5288"},{"taxonomy":"product_cat","embeddable":true,"href":"https:\/\/displayproducts.eu\/nb\/wp-json\/wp\/v2\/product_cat?post=5288"},{"taxonomy":"product_tag","embeddable":true,"href":"https:\/\/displayproducts.eu\/nb\/wp-json\/wp\/v2\/product_tag?post=5288"}],"curies":[{"name":"wp","href":"https:\/\/api.w.org\/{rel}","templated":true}]}}