{"id":5279,"date":"2025-10-23T23:25:16","date_gmt":"2025-10-23T20:25:16","guid":{"rendered":"https:\/\/wristbandfactory.eu\/?post_type=product&#038;p=5279"},"modified":"2026-04-01T21:52:35","modified_gmt":"2026-04-01T18:52:35","slug":"extendable-id-holder-with-carabiner","status":"publish","type":"product","link":"https:\/\/displayproducts.eu\/nb\/p\/extendable-id-holder-with-carabiner\/","title":{"rendered":"Uttrekkbar ID-holder med karabinkrok"},"content":{"rendered":"<p>Effektiviser tilgangskontrollen og forbedrer sikkerheten p\u00e5 arbeidsplassen, konferansen eller messen din. V\u00e5r utvidbare ID-holder s\u00f8rger for at legitimasjon alltid er tilgjengelig uten \u00e5 v\u00e6re i veien, og gir en profesjonell l\u00f8sning for ansatte og deltakere.<\/p>\n<p>Denne holderen har et elegant og funksjonelt design med en sterk metallkarabinkrok som festes sikkert til beltel\u00f8kker, armbind eller vesker. Den 75 cm uttrekkbare mekanismen gir jevn inntrekking, noe som gj\u00f8r det uten trykkt \u00e5 skanne ID-kort ved tilgangspunkter.<\/p>\n<p>En knapplukking sikrer ID-kort- eller kortholderen. Med et sjener\u00f8st trykkomr\u00e5de p\u00e5 20 x 20 mm er denne ID-holderen perfekt for \u00e5 tilpasse den med firmalogoen din via tampongtrykk (opptil 4 farger), noe som forsterker merkeidentiteten p\u00e5 alle bedriftsarrangementer.<\/p>\n<p><b>Viktige funksjoner:<\/b><\/p>\n<ul>\n<li>Uttrekkbar mekanisme opptil 75 cm<\/li>\n<li>Slitesterk karabinklips i metall<\/li>\n<li>Sikker knappelukking for ID-feste<\/li>\n<li>Bredt utskriftsomr\u00e5de (20 x 20 mm)<\/li>\n<li>Ideell for tampontrykk (opptil 4 farger)<\/li>\n<\/ul>","protected":false},"excerpt":{"rendered":"<ul>\n<li>Oppbevarer ansattes ID-kort sikkert og lett tilgjengelige.<\/li>\n<li>Har en slitesterk metallkarabinkrok for uten trykk festing til belter eller vesker.<\/li>\n<li>75 cm forlengbar ledningsmekanisme for rask skanning av navneskilt.<\/li>\n<li>Bredt omr\u00e5de p\u00e5 20 \u00d7 20 mm for tampongtrykk av logoen din.<\/li>\n<\/ul>","protected":false},"featured_media":5280,"comment_status":"closed","ping_status":"closed","template":"","meta":[],"product_brand":[],"product_cat":[91],"product_tag":[],"class_list":{"0":"post-5279","1":"product","2":"type-product","3":"status-publish","4":"has-post-thumbnail","6":"product_cat-badge-holders","8":"first","9":"instock","10":"shipping-taxable","11":"purchasable","12":"product-type-simple"},"_links":{"self":[{"href":"https:\/\/displayproducts.eu\/nb\/wp-json\/wp\/v2\/product\/5279","targetHints":{"allow":["GET"]}}],"collection":[{"href":"https:\/\/displayproducts.eu\/nb\/wp-json\/wp\/v2\/product"}],"about":[{"href":"https:\/\/displayproducts.eu\/nb\/wp-json\/wp\/v2\/types\/product"}],"replies":[{"embeddable":true,"href":"https:\/\/displayproducts.eu\/nb\/wp-json\/wp\/v2\/comments?post=5279"}],"wp:featuredmedia":[{"embeddable":true,"href":"https:\/\/displayproducts.eu\/nb\/wp-json\/wp\/v2\/media\/5280"}],"wp:attachment":[{"href":"https:\/\/displayproducts.eu\/nb\/wp-json\/wp\/v2\/media?parent=5279"}],"wp:term":[{"taxonomy":"product_brand","embeddable":true,"href":"https:\/\/displayproducts.eu\/nb\/wp-json\/wp\/v2\/product_brand?post=5279"},{"taxonomy":"product_cat","embeddable":true,"href":"https:\/\/displayproducts.eu\/nb\/wp-json\/wp\/v2\/product_cat?post=5279"},{"taxonomy":"product_tag","embeddable":true,"href":"https:\/\/displayproducts.eu\/nb\/wp-json\/wp\/v2\/product_tag?post=5279"}],"curies":[{"name":"wp","href":"https:\/\/api.w.org\/{rel}","templated":true}]}}