{"id":5272,"date":"2025-10-23T23:21:35","date_gmt":"2025-10-23T20:21:35","guid":{"rendered":"https:\/\/wristbandfactory.eu\/?post_type=product&#038;p=5272"},"modified":"2026-04-01T21:52:03","modified_gmt":"2026-04-01T18:52:03","slug":"promotional-hand-clappers","status":"publish","type":"product","link":"https:\/\/displayproducts.eu\/nb\/p\/promotional-hand-clappers\/","title":{"rendered":"Reklameh\u00e5ndklappere"},"content":{"rendered":"<p>S\u00f8rg for at merkevaren din skiller seg ut p\u00e5 ethvert stadion eller bedriftsarrangement med v\u00e5re reklameh\u00e5ndklappere. Denne \u201cMaracan\u00e1\u201d-designen er konstruert for \u00e5 skape b\u00e5de h\u00f8rbart og visuelt engasjement, og l\u00f8ser problemet med passive giveaways p\u00e5 arrangementer.<\/p>\n<p>Denne h\u00e5ndformede klapperen er en morsom og interaktiv m\u00e5te for deltakerne \u00e5 vise st\u00f8tte og lage lyd p\u00e5. Den er tilgjengelig i en rekke klare fargetoner, er laget for \u00e5 v\u00e6re lett (20 g) og har en perfekt st\u00f8rrelse (8,5 x 18,5 x 2 cm) for uten trykk h\u00e5ndtering av store folkemengder. De er et utmerket og rimelig valg for bulkdistribusjon p\u00e5 festivaler, messer eller sportskonkurranser for \u00e5 maksimere merkevarep\u00e5virkningen.<\/p>\n<p><b>Viktige funksjoner:<\/b><\/p>\n<ul>\n<li>H\u00e5ndformet klapper for h\u00f8rbar publikumsengasjement<\/li>\n<li>\u201cMaracan\u00e1\u201d-design for sport og arrangementstemaer<\/li>\n<li>Tilgjengelig i forskjellige klare, synlige toner<\/li>\n<li>Lett og kompakt: 8,5 x 18,5 x 2 cm, 20 g<\/li>\n<li>Ideell for store gaver til reklamebransjen<\/li>\n<\/ul>","protected":false},"excerpt":{"rendered":"<ul>\n<li>Generer publikumsst\u00f8y og merkevaresynlighet p\u00e5 sportsbegivenheter eller samlinger.<\/li>\n<li>Har et morsomt, lystonede \u201cMaracan\u00e1\u201d-h\u00e5nddesign.<\/li>\n<li>Lett (20 gr) og kompakt (18,5 cm) for uten trykk massefordeling.<\/li>\n<li>Et ideelt rimelig og slagkraftig reklameprodukt for bulkbestillinger.<\/li>\n<\/ul>","protected":false},"featured_media":6584,"comment_status":"closed","ping_status":"closed","template":"","meta":[],"product_brand":[],"product_cat":[123],"product_tag":[],"class_list":{"0":"post-5272","1":"product","2":"type-product","3":"status-publish","4":"has-post-thumbnail","6":"product_cat-fan-cheering-items","8":"first","9":"instock","10":"shipping-taxable","11":"purchasable","12":"product-type-simple"},"_links":{"self":[{"href":"https:\/\/displayproducts.eu\/nb\/wp-json\/wp\/v2\/product\/5272","targetHints":{"allow":["GET"]}}],"collection":[{"href":"https:\/\/displayproducts.eu\/nb\/wp-json\/wp\/v2\/product"}],"about":[{"href":"https:\/\/displayproducts.eu\/nb\/wp-json\/wp\/v2\/types\/product"}],"replies":[{"embeddable":true,"href":"https:\/\/displayproducts.eu\/nb\/wp-json\/wp\/v2\/comments?post=5272"}],"wp:featuredmedia":[{"embeddable":true,"href":"https:\/\/displayproducts.eu\/nb\/wp-json\/wp\/v2\/media\/6584"}],"wp:attachment":[{"href":"https:\/\/displayproducts.eu\/nb\/wp-json\/wp\/v2\/media?parent=5272"}],"wp:term":[{"taxonomy":"product_brand","embeddable":true,"href":"https:\/\/displayproducts.eu\/nb\/wp-json\/wp\/v2\/product_brand?post=5272"},{"taxonomy":"product_cat","embeddable":true,"href":"https:\/\/displayproducts.eu\/nb\/wp-json\/wp\/v2\/product_cat?post=5272"},{"taxonomy":"product_tag","embeddable":true,"href":"https:\/\/displayproducts.eu\/nb\/wp-json\/wp\/v2\/product_tag?post=5272"}],"curies":[{"name":"wp","href":"https:\/\/api.w.org\/{rel}","templated":true}]}}