{"id":5265,"date":"2025-10-23T23:14:21","date_gmt":"2025-10-23T20:14:21","guid":{"rendered":"https:\/\/wristbandfactory.eu\/?post_type=product&#038;p=5265"},"modified":"2026-04-01T21:52:04","modified_gmt":"2026-04-01T18:52:04","slug":"inflatable-victory-hand-reusable","status":"publish","type":"product","link":"https:\/\/displayproducts.eu\/nb\/p\/inflatable-victory-hand-reusable\/","title":{"rendered":"Oppbl\u00e5sbar seierh\u00e5nd (gjenbrukbar)"},"content":{"rendered":"<p>F\u00e5 merkevaren din synlig og budskapet ditt h\u00f8rt med v\u00e5r oppbl\u00e5sbare seiersh\u00e5nd. Dette engasjerende reklameverkt\u00f8yet er perfekt for \u00e5 gi energi til publikum p\u00e5 sportsarrangementer, teambuilding-arrangementer i bedrifter eller store messer. S\u00f8rg for at merkevaren din er i sentrum for feiringen.<\/p>\n<p>Denne jubelh\u00e5nden er laget av slitesterkt, fargerikt LDPE-materiale, og er bygget for \u00e5 vare gjennom ethvert arrangement. I motsetning til engangsartikler er den fullt gjenbrukbar og inkluderer en praktisk oppbl\u00e5sningsventil, noe som gir varig merkevareeksponering. Det er et lett og godt synlig produkt som er perfekt for bulkdistribusjon for \u00e5 maksimere publikumsengasjementet.<\/p>\n<p><b>Viktige funksjoner:<\/b><\/p>\n<ul>\n<li>Slitesterkt, fargerikt LDPE-materiale<\/li>\n<li>Ikonisk \u201cVictory\u201d-h\u00e5ndform<\/li>\n<li>Fullt gjenbrukbar for langvarig markedsf\u00f8ring<\/li>\n<li>Inkluderer en praktisk oppbl\u00e5sningsventil<\/li>\n<\/ul>","protected":false},"excerpt":{"rendered":"<ul>\n<li>Forsterk merkevaren din p\u00e5 sportsbegivenheter, messer og samlinger.<\/li>\n<li>Laget av slitesterkt og gjenbrukbart LDPE-materiale.<\/li>\n<li>Har en brukervennlig inflasjonsventil.<\/li>\n<li>Ideelt for bulkbestillinger for \u00e5 maksimere publikumsdeltakelse og merkevaresynlighet.<\/li>\n<\/ul>\n<p>&nbsp;<\/p>","protected":false},"featured_media":6529,"comment_status":"closed","ping_status":"closed","template":"","meta":[],"product_brand":[],"product_cat":[123],"product_tag":[],"class_list":{"0":"post-5265","1":"product","2":"type-product","3":"status-publish","4":"has-post-thumbnail","6":"product_cat-fan-cheering-items","8":"first","9":"instock","10":"shipping-taxable","11":"purchasable","12":"product-type-simple"},"_links":{"self":[{"href":"https:\/\/displayproducts.eu\/nb\/wp-json\/wp\/v2\/product\/5265","targetHints":{"allow":["GET"]}}],"collection":[{"href":"https:\/\/displayproducts.eu\/nb\/wp-json\/wp\/v2\/product"}],"about":[{"href":"https:\/\/displayproducts.eu\/nb\/wp-json\/wp\/v2\/types\/product"}],"replies":[{"embeddable":true,"href":"https:\/\/displayproducts.eu\/nb\/wp-json\/wp\/v2\/comments?post=5265"}],"wp:featuredmedia":[{"embeddable":true,"href":"https:\/\/displayproducts.eu\/nb\/wp-json\/wp\/v2\/media\/6529"}],"wp:attachment":[{"href":"https:\/\/displayproducts.eu\/nb\/wp-json\/wp\/v2\/media?parent=5265"}],"wp:term":[{"taxonomy":"product_brand","embeddable":true,"href":"https:\/\/displayproducts.eu\/nb\/wp-json\/wp\/v2\/product_brand?post=5265"},{"taxonomy":"product_cat","embeddable":true,"href":"https:\/\/displayproducts.eu\/nb\/wp-json\/wp\/v2\/product_cat?post=5265"},{"taxonomy":"product_tag","embeddable":true,"href":"https:\/\/displayproducts.eu\/nb\/wp-json\/wp\/v2\/product_tag?post=5265"}],"curies":[{"name":"wp","href":"https:\/\/api.w.org\/{rel}","templated":true}]}}