{"id":5260,"date":"2025-10-23T23:07:40","date_gmt":"2025-10-23T20:07:40","guid":{"rendered":"https:\/\/wristbandfactory.eu\/?post_type=product&#038;p=5260"},"modified":"2026-04-01T21:52:04","modified_gmt":"2026-04-01T18:52:04","slug":"promotional-hawaiian-necklaces-polyester","status":"publish","type":"product","link":"https:\/\/displayproducts.eu\/nb\/p\/promotional-hawaiian-necklaces-polyester\/","title":{"rendered":"Hawaii-halskjeder til reklame (polyester)"},"content":{"rendered":"<p>G\u00e5 utover standard arrangementstilbeh\u00f8r med v\u00e5re reklamehalskjeder i Hawaii. Disse polyesterhalskjedene er den perfekte rimelige l\u00f8sningen for \u00e5 legge til livlig, temabasert merkevarebygging til sommerkampanjer, festivaler eller bedriftsarrangementer med tropisk tema, slik at arrangementet ditt blir minneverdig.<\/p>\n<p>Hver lei er designet for komfort og h\u00f8y synlighet, og er laget av mykt og lett polyestermateriale. Det slitesterke, flerfargede regnbuedesignet gir et festlig utseende som ikke tynger ned gjestene. De er et ideelt valg for arrang\u00f8rer som trenger store mengder tematilbeh\u00f8r til strandfester, messer eller store feiringer.<\/p>\n<p><b>Viktige funksjoner:<\/b><\/p>\n<ul>\n<li>Laget av mykt og lett polyestermateriale<\/li>\n<li>Livlig, flerfarget regnbueblomsterdesign<\/li>\n<li>Komfortabel for bruk hele dagen p\u00e5 arrangementer<\/li>\n<li>Ideell for temafester, festivaler og kampanjer<\/li>\n<li>Leveres i bulk for store bestillinger<\/li>\n<\/ul>\n<p>&nbsp;<\/p>","protected":false},"excerpt":{"rendered":"<ul>\n<li>Lys opp firmafester, messer eller festivaler umiddelbart.<\/li>\n<li>Har et livlig, flerfarget regnbuefarget blomsterdesign i polyester.<\/li>\n<li>Lett og komfortabel for bruk hele dagen av deltakerne.<\/li>\n<li>Tilgjengelig i store mengder for st\u00f8rre arrangementer.<\/li>\n<li style=\"list-style-type: none;\"><\/li>\n<\/ul>","protected":false},"featured_media":6663,"comment_status":"closed","ping_status":"closed","template":"","meta":[],"product_brand":[],"product_cat":[129,120],"product_tag":[],"class_list":{"0":"post-5260","1":"product","2":"type-product","3":"status-publish","4":"has-post-thumbnail","6":"product_cat-leisure-lifestyle","7":"product_cat-themed-necklaces","9":"first","10":"instock","11":"shipping-taxable","12":"purchasable","13":"product-type-simple"},"_links":{"self":[{"href":"https:\/\/displayproducts.eu\/nb\/wp-json\/wp\/v2\/product\/5260","targetHints":{"allow":["GET"]}}],"collection":[{"href":"https:\/\/displayproducts.eu\/nb\/wp-json\/wp\/v2\/product"}],"about":[{"href":"https:\/\/displayproducts.eu\/nb\/wp-json\/wp\/v2\/types\/product"}],"replies":[{"embeddable":true,"href":"https:\/\/displayproducts.eu\/nb\/wp-json\/wp\/v2\/comments?post=5260"}],"wp:featuredmedia":[{"embeddable":true,"href":"https:\/\/displayproducts.eu\/nb\/wp-json\/wp\/v2\/media\/6663"}],"wp:attachment":[{"href":"https:\/\/displayproducts.eu\/nb\/wp-json\/wp\/v2\/media?parent=5260"}],"wp:term":[{"taxonomy":"product_brand","embeddable":true,"href":"https:\/\/displayproducts.eu\/nb\/wp-json\/wp\/v2\/product_brand?post=5260"},{"taxonomy":"product_cat","embeddable":true,"href":"https:\/\/displayproducts.eu\/nb\/wp-json\/wp\/v2\/product_cat?post=5260"},{"taxonomy":"product_tag","embeddable":true,"href":"https:\/\/displayproducts.eu\/nb\/wp-json\/wp\/v2\/product_tag?post=5260"}],"curies":[{"name":"wp","href":"https:\/\/api.w.org\/{rel}","templated":true}]}}