{"id":5254,"date":"2025-10-23T16:34:48","date_gmt":"2025-10-23T13:34:48","guid":{"rendered":"https:\/\/wristbandfactory.eu\/?post_type=product&#038;p=5254"},"modified":"2026-04-01T21:52:04","modified_gmt":"2026-04-01T18:52:04","slug":"promotional-led-event-cups-340ml","status":"publish","type":"product","link":"https:\/\/displayproducts.eu\/nb\/p\/promotional-led-event-cups-340ml\/","title":{"rendered":"Reklamebeger med LED-motiv (340 ml)"},"content":{"rendered":"<p>L\u00f8ft ditt neste bedriftsarrangement, festival eller produktlansering fra vanlig til uforglemmelig. V\u00e5re LED-eventkopper er et dynamisk merkevareverkt\u00f8y som er utviklet for \u00e5 fange oppmerksomhet og fremheve logoen din, slik at merkevaren din er i sentrum for feiringen.<\/p>\n<p>Disse 340 ml-koppene er laget av slitesterkt PS-materiale og har innebygde flerfargede LED-lys som aktiveres med en uten trykk knapp p\u00e5 bunnen. Velg mellom fast lys eller blinkende modus for \u00e5 matche energien til arrangementet ditt. De er det perfekte, effektive reklameartiklet for konserter, nattklubber, messer og private fester, og tilbyr en unik m\u00e5te \u00e5 servere drinker og vise frem merkevaren din p\u00e5. Hver kopp leveres med batterier og er individuelt pakket i en kraftboks, klar for distribusjon.<\/p>\n<p><b>Viktige funksjoner:<\/b><\/p>\n<ul>\n<li>Kapasitet: 340 ml<\/li>\n<li>Materiale: PS-plast<\/li>\n<li>Belysning: Flerfargede LED-lys med 2 moduser (fast og blinkende)<\/li>\n<li>Aktivering: Knapp p\u00e5 basen<\/li>\n<li>Str\u00f8m: Knappebatterier inkludert<\/li>\n<li>Emballasje: Individuelt pakket i en kraftboks<\/li>\n<\/ul>\n<p>&nbsp;<\/p>","protected":false},"excerpt":{"rendered":"<ul>\n<li>Fremhev merkevaren din p\u00e5 bedriftsarrangementer og festivaler.<\/li>\n<li>Har faste og blinkende flerfargede LED-moduser.<\/li>\n<li>Slitesterkt PS-materiale (340 ml); batterier inkludert.<\/li>\n<li>Leveres i bulk-klare individuelle kraftesker.<\/li>\n<\/ul>","protected":false},"featured_media":6590,"comment_status":"closed","ping_status":"closed","template":"","meta":[],"product_brand":[],"product_cat":[111],"product_tag":[],"class_list":{"0":"post-5254","1":"product","2":"type-product","3":"status-publish","4":"has-post-thumbnail","6":"product_cat-reusable-event-cups","8":"first","9":"instock","10":"shipping-taxable","11":"product-type-simple"},"_links":{"self":[{"href":"https:\/\/displayproducts.eu\/nb\/wp-json\/wp\/v2\/product\/5254","targetHints":{"allow":["GET"]}}],"collection":[{"href":"https:\/\/displayproducts.eu\/nb\/wp-json\/wp\/v2\/product"}],"about":[{"href":"https:\/\/displayproducts.eu\/nb\/wp-json\/wp\/v2\/types\/product"}],"replies":[{"embeddable":true,"href":"https:\/\/displayproducts.eu\/nb\/wp-json\/wp\/v2\/comments?post=5254"}],"wp:featuredmedia":[{"embeddable":true,"href":"https:\/\/displayproducts.eu\/nb\/wp-json\/wp\/v2\/media\/6590"}],"wp:attachment":[{"href":"https:\/\/displayproducts.eu\/nb\/wp-json\/wp\/v2\/media?parent=5254"}],"wp:term":[{"taxonomy":"product_brand","embeddable":true,"href":"https:\/\/displayproducts.eu\/nb\/wp-json\/wp\/v2\/product_brand?post=5254"},{"taxonomy":"product_cat","embeddable":true,"href":"https:\/\/displayproducts.eu\/nb\/wp-json\/wp\/v2\/product_cat?post=5254"},{"taxonomy":"product_tag","embeddable":true,"href":"https:\/\/displayproducts.eu\/nb\/wp-json\/wp\/v2\/product_tag?post=5254"}],"curies":[{"name":"wp","href":"https:\/\/api.w.org\/{rel}","templated":true}]}}