{"id":5252,"date":"2025-10-23T15:50:34","date_gmt":"2025-10-23T12:50:34","guid":{"rendered":"https:\/\/wristbandfactory.eu\/?post_type=product&#038;p=5252"},"modified":"2026-04-01T21:52:35","modified_gmt":"2026-04-01T18:52:35","slug":"vertical-pvc-id-holder","status":"publish","type":"product","link":"https:\/\/displayproducts.eu\/nb\/p\/vertical-pvc-id-holder\/","title":{"rendered":"Vertikal PVC-ID-holder"},"content":{"rendered":"<p>S\u00f8rg for at alle deltakere, ansatte og gjester er tydelig identifisert med v\u00e5r vertikale PVC-ID-holder. Denne holderen er designet for profesjonell bruk p\u00e5 konferanser, messer og i bedriftsmilj\u00f8er, og gir en slitesterk og praktisk l\u00f8sning for \u00e5 vise frem adgangskort og identifikasjon.<\/p>\n<p>Denne kortholderen er laget av klar og slitesterk PVC, og beskytter identifikasjonskort mot slitasje samtidig som den holder dem synlige. Toppen av holderen er forsterket for \u00e5 t\u00e5le daglig bruk, noe som forhindrer rifter eller skader der snoren festes. Den smarte designen inkluderer flere perforeringer, noe som gir fleksible festemuligheter for b\u00e5de sentrale og sidemonterte snorklips eller kortsneller.<\/p>\n<p>Som en lagervare i bulk er \u201cSkoll\u201d (Ref: 20639) ID-holderen det ideelle valget for arrangementsansvarlige og innkj\u00f8psansvarlige som trenger en p\u00e5litelig, kostnadseffektiv og raskt utrullerbar l\u00f8sning for store merkebehov.<\/p>\n<p><b>Viktige funksjoner:<\/b><\/p>\n<ul>\n<li><b>Orientering:<\/b> Vertikal<\/li>\n<li><b>Materiale:<\/b> Klar, slitesterk PVC<\/li>\n<li><b>Design:<\/b> Forsterket topp for \u00f8kt holdbarhet<\/li>\n<li><b>Kompatibilitet:<\/b> Multiperforert for feste av snor i midten og p\u00e5 siden<\/li>\n<li><b>Bruk:<\/b> Ideell for bedrifts-ID-er, arrangementskort og adgangskort<\/li>\n<\/ul>","protected":false},"excerpt":{"rendered":"<ul>\n<li>Slitesterk, klar PVC-konstruksjon for arrangementer med mye trafikk.<\/li>\n<li>Forsterket toppkant forhindrer riving og tap av merke.<\/li>\n<li>Allsidige spor passer til alle standard lanyardklips og badgesneller.<\/li>\n<li>En kostnadseffektiv l\u00f8sning for ID av store bedrifter og arrangementer.<\/li>\n<\/ul>","protected":false},"featured_media":5253,"comment_status":"closed","ping_status":"closed","template":"","meta":[],"product_brand":[],"product_cat":[91],"product_tag":[],"class_list":{"0":"post-5252","1":"product","2":"type-product","3":"status-publish","4":"has-post-thumbnail","6":"product_cat-badge-holders","8":"first","9":"instock","10":"shipping-taxable","11":"purchasable","12":"product-type-simple"},"_links":{"self":[{"href":"https:\/\/displayproducts.eu\/nb\/wp-json\/wp\/v2\/product\/5252","targetHints":{"allow":["GET"]}}],"collection":[{"href":"https:\/\/displayproducts.eu\/nb\/wp-json\/wp\/v2\/product"}],"about":[{"href":"https:\/\/displayproducts.eu\/nb\/wp-json\/wp\/v2\/types\/product"}],"replies":[{"embeddable":true,"href":"https:\/\/displayproducts.eu\/nb\/wp-json\/wp\/v2\/comments?post=5252"}],"wp:featuredmedia":[{"embeddable":true,"href":"https:\/\/displayproducts.eu\/nb\/wp-json\/wp\/v2\/media\/5253"}],"wp:attachment":[{"href":"https:\/\/displayproducts.eu\/nb\/wp-json\/wp\/v2\/media?parent=5252"}],"wp:term":[{"taxonomy":"product_brand","embeddable":true,"href":"https:\/\/displayproducts.eu\/nb\/wp-json\/wp\/v2\/product_brand?post=5252"},{"taxonomy":"product_cat","embeddable":true,"href":"https:\/\/displayproducts.eu\/nb\/wp-json\/wp\/v2\/product_cat?post=5252"},{"taxonomy":"product_tag","embeddable":true,"href":"https:\/\/displayproducts.eu\/nb\/wp-json\/wp\/v2\/product_tag?post=5252"}],"curies":[{"name":"wp","href":"https:\/\/api.w.org\/{rel}","templated":true}]}}