{"id":5247,"date":"2025-10-22T14:14:30","date_gmt":"2025-10-22T11:14:30","guid":{"rendered":"https:\/\/wristbandfactory.eu\/?post_type=product&#038;p=5247"},"modified":"2026-04-01T21:52:35","modified_gmt":"2026-04-01T18:52:35","slug":"elastic-fabric-wristbands","status":"publish","type":"product","link":"https:\/\/displayproducts.eu\/nb\/p\/elastic-fabric-wristbands\/","title":{"rendered":"Elastiske stoffarmb\u00e5nd"},"content":{"rendered":"<p data-path-to-node=\"8\">Tilby deltakerne optimal bekvemmelighet og komfort med v\u00e5re elastiske stoffarmb\u00e5nd. Laget av et f\u00f8rsteklasses, mykt og elastisk materiale, glir de ganske uten trykkt over h\u00e5nden p\u00e5 h\u00e5ndleddet, noe som eliminerer behovet for plastl\u00e5s eller -lukking.<\/p>\n<p data-path-to-node=\"9\">Denne \u201cone-size-fits-most\u201d-designen forenkler bestillings- og distribusjonsprosessen, noe som gj\u00f8r dem til den perfekte og problemfrie l\u00f8sningen for bedriftskampanjer, varer og flerdagsarrangementer der komfort er viktig.<\/p>\n<h3>Tilpasset merkevarebygging i fullfarge<\/h3>\n<p data-path-to-node=\"11\">Hele b\u00e5ndet er et blankt lerret. Vi bruker sublimeringstrykk med h\u00f8y oppl\u00f8sning fra kant til kant for \u00e5 sikre at merkevaren din er levende, detaljert og s\u00f8ml\u00f8st integrert i det myke stoffet.<\/p>\n<h3>Valgfri smart etikett (QR og NFC)<\/h3>\n<p data-path-to-node=\"13\">For ekstra funksjonalitet kan disse elastiske armb\u00e5ndene utstyres med en spesialtrykt etikett. Denne etiketten er perfekt for \u00e5 legge til en unik QR-kode eller strekkode for tilgang, eller til og med integrere en NFC-brikke. Dette forvandler et komfortabelt armb\u00e5nd til et kraftig smart verkt\u00f8y for kontantl\u00f8se betalinger eller digital engasjement.<\/p>\n<h3 data-path-to-node=\"14\">Viktige funksjoner:<\/h3>\n<ul data-path-to-node=\"15\">\n<li>\n<p data-path-to-node=\"15,0,0\"><b>Materiale:<\/b> H\u00f8ykvalitets, mykt, elastisk stretchstoff.<\/p>\n<\/li>\n<li>\n<p data-path-to-node=\"15,1,0\"><b>Passe:<\/b> En st\u00f8rrelse passer de fleste, strekker seg for \u00e5 passe.<\/p>\n<\/li>\n<li>\n<p data-path-to-node=\"15,2,0\"><b>Lukking:<\/b> Ingen lukking n\u00f8dvendig; komfortabel slip-on-design.<\/p>\n<\/li>\n<li>\n<p data-path-to-node=\"15,3,0\"><b>Printing:<\/b> Fullfarge, HD-sublimering (kant-til-kant).<\/p>\n<\/li>\n<li>\n<p data-path-to-node=\"15,4,0\"><b>Smart Tech-alternativ:<\/b> Kan utstyres med en tilpasset etikett for QR-koder eller NFC-brikker.<\/p>\n<\/li>\n<li>\n<p data-path-to-node=\"15,5,0\"><b>Ideell for:<\/b> Kampanjer, varer, festivaler og komfortabel bruk over flere dager.<\/p>\n<\/li>\n<\/ul>","protected":false},"excerpt":{"rendered":"<ul>\n<li>\n<p data-path-to-node=\"7,0,0\"><b>Ultimat komfort:<\/b> Laget av et mykt, elastisk stoff som passer til de fleste.<\/p>\n<\/li>\n<li>\n<p data-path-to-node=\"7,1,0\"><b>Ingen l\u00e5s n\u00f8dvendig:<\/b> Sklir lett p\u00e5, og fjerner behovet for plastlukking.<\/p>\n<\/li>\n<li>\n<p data-path-to-node=\"7,2,0\"><b>Livlig merkevarebygging:<\/b> Fullt tilpassbar med sublimeringstrykk fra kant til kant i fullfarge.<\/p>\n<\/li>\n<li>\n<p data-path-to-node=\"7,3,0\"><b>Smart alternativ:<\/b> Kan utstyres med en tilpasset etikett for QR-koder, strekkoder eller NFC-brikker.<\/p>\n<\/li>\n<\/ul>","protected":false},"featured_media":6382,"comment_status":"closed","ping_status":"closed","template":"","meta":[],"product_brand":[],"product_cat":[47],"product_tag":[],"class_list":{"0":"post-5247","1":"product","2":"type-product","3":"status-publish","4":"has-post-thumbnail","6":"product_cat-fabric-wristbands","8":"first","9":"instock","10":"shipping-taxable","11":"purchasable","12":"product-type-simple"},"_links":{"self":[{"href":"https:\/\/displayproducts.eu\/nb\/wp-json\/wp\/v2\/product\/5247","targetHints":{"allow":["GET"]}}],"collection":[{"href":"https:\/\/displayproducts.eu\/nb\/wp-json\/wp\/v2\/product"}],"about":[{"href":"https:\/\/displayproducts.eu\/nb\/wp-json\/wp\/v2\/types\/product"}],"replies":[{"embeddable":true,"href":"https:\/\/displayproducts.eu\/nb\/wp-json\/wp\/v2\/comments?post=5247"}],"wp:featuredmedia":[{"embeddable":true,"href":"https:\/\/displayproducts.eu\/nb\/wp-json\/wp\/v2\/media\/6382"}],"wp:attachment":[{"href":"https:\/\/displayproducts.eu\/nb\/wp-json\/wp\/v2\/media?parent=5247"}],"wp:term":[{"taxonomy":"product_brand","embeddable":true,"href":"https:\/\/displayproducts.eu\/nb\/wp-json\/wp\/v2\/product_brand?post=5247"},{"taxonomy":"product_cat","embeddable":true,"href":"https:\/\/displayproducts.eu\/nb\/wp-json\/wp\/v2\/product_cat?post=5247"},{"taxonomy":"product_tag","embeddable":true,"href":"https:\/\/displayproducts.eu\/nb\/wp-json\/wp\/v2\/product_tag?post=5247"}],"curies":[{"name":"wp","href":"https:\/\/api.w.org\/{rel}","templated":true}]}}