{"id":5242,"date":"2025-10-22T14:03:08","date_gmt":"2025-10-22T11:03:08","guid":{"rendered":"https:\/\/wristbandfactory.eu\/?post_type=product&#038;p=5242"},"modified":"2026-04-01T21:52:35","modified_gmt":"2026-04-01T18:52:35","slug":"pu-leather-wristbands","status":"publish","type":"product","link":"https:\/\/displayproducts.eu\/nb\/p\/pu-leather-wristbands\/","title":{"rendered":"Kunstskinnarmb\u00e5nd"},"content":{"rendered":"<p>Gi gjestene dine en virkelig f\u00f8rsteklasses opplevelse. V\u00e5re armb\u00e5nd i PU-skinn gir det sofistikerte utseendet og f\u00f8lelsen av ekte skinn, og setter en h\u00f8y standard for arrangementet, VIP-omr\u00e5det eller produktlanseringen. De er det perfekte valget for kunder som \u00f8nsker \u00e5 kombinere stil med sikker adgangskontroll.<\/p>\n<p>Disse armb\u00e5ndene er laget av h\u00f8ykvalitets polyuretanskinn (PU), og er et stilig og dyrevennlig (vegansk) alternativ til tradisjonelt skinn. De er komfortable \u00e5 bruke, men likevel sterke nok til \u00e5 vare under ethvert arrangement. Den glatte overflaten er et utmerket lerret for merkevaren din, som kan trykkes eller preges for en subtil og elegant finish. Disse b\u00e5ndene har vanligvis en sikker engangslukking, noe som sikrer at de er manipulasjonssikre og ideelle for \u00e5 administrere tilgang.<\/p>\n<p><b>Viktige funksjoner:<\/b><\/p>\n<ul>\n<li><b>Materiale:<\/b> H\u00f8ykvalitets PU-skinn (veganvennlig)<\/li>\n<li><b>Utseende:<\/b> Elegant, profesjonell og f\u00f8rsteklasses<\/li>\n<li><b>Tilpasning:<\/b> Ideell for logotrykk eller preging<\/li>\n<li><b>Lukking:<\/b> Sikker engangslukking for hendelseskontroll<\/li>\n<li><b>Ideell for:<\/b> VIP-omr\u00e5der, bedriftsarrangementer, produktlanseringer og gjestfrihet<\/li>\n<\/ul>\n<p>&nbsp;<\/p>","protected":false},"excerpt":{"rendered":"<ul>\n<li>Gir det sofistikerte utseendet og f\u00f8lelsen av ekte skinn.<\/li>\n<li>Slitesterk, vannavst\u00f8tende og komfortabel for langvarig bruk.<\/li>\n<li>Perfekt for VIP-tilgang, firmafester og premium merkevarebygging.<\/li>\n<\/ul>\n<p>&nbsp;<\/p>","protected":false},"featured_media":6428,"comment_status":"closed","ping_status":"closed","template":"","meta":[],"product_brand":[],"product_cat":[117],"product_tag":[],"class_list":{"0":"post-5242","1":"product","2":"type-product","3":"status-publish","4":"has-post-thumbnail","6":"product_cat-leather-wristbands","8":"first","9":"instock","10":"shipping-taxable","11":"purchasable","12":"product-type-simple"},"_links":{"self":[{"href":"https:\/\/displayproducts.eu\/nb\/wp-json\/wp\/v2\/product\/5242","targetHints":{"allow":["GET"]}}],"collection":[{"href":"https:\/\/displayproducts.eu\/nb\/wp-json\/wp\/v2\/product"}],"about":[{"href":"https:\/\/displayproducts.eu\/nb\/wp-json\/wp\/v2\/types\/product"}],"replies":[{"embeddable":true,"href":"https:\/\/displayproducts.eu\/nb\/wp-json\/wp\/v2\/comments?post=5242"}],"wp:featuredmedia":[{"embeddable":true,"href":"https:\/\/displayproducts.eu\/nb\/wp-json\/wp\/v2\/media\/6428"}],"wp:attachment":[{"href":"https:\/\/displayproducts.eu\/nb\/wp-json\/wp\/v2\/media?parent=5242"}],"wp:term":[{"taxonomy":"product_brand","embeddable":true,"href":"https:\/\/displayproducts.eu\/nb\/wp-json\/wp\/v2\/product_brand?post=5242"},{"taxonomy":"product_cat","embeddable":true,"href":"https:\/\/displayproducts.eu\/nb\/wp-json\/wp\/v2\/product_cat?post=5242"},{"taxonomy":"product_tag","embeddable":true,"href":"https:\/\/displayproducts.eu\/nb\/wp-json\/wp\/v2\/product_tag?post=5242"}],"curies":[{"name":"wp","href":"https:\/\/api.w.org\/{rel}","templated":true}]}}