{"id":5234,"date":"2025-10-22T13:43:36","date_gmt":"2025-10-22T10:43:36","guid":{"rendered":"https:\/\/wristbandfactory.eu\/?post_type=product&#038;p=5234"},"modified":"2026-04-01T21:52:04","modified_gmt":"2026-04-01T18:52:04","slug":"custom-charm-wristbands","status":"publish","type":"product","link":"https:\/\/displayproducts.eu\/nb\/p\/custom-charm-wristbands\/","title":{"rendered":"Tilpassede sjarmarmb\u00e5nd"},"content":{"rendered":"<p>L\u00f8ft merkevaren din eller minnes en spesiell begivenhet med v\u00e5re fullt tilpassbare charm-armb\u00e5nd. Disse armb\u00e5ndene er den perfekte B2B-l\u00f8sningen for \u00e5 lage varer av h\u00f8y kvalitet og som er attraktive for suvenirbutikker, cruiseselskaper, bedriftsarrangementer eller unike reklamegaver.<\/p>\n<p>Vi gj\u00f8r visjonen din til virkelighet. Du kan designe en helt unik metall- eller emaljeanheng basert p\u00e5 firmalogoen, maskoten eller kampanjetemaet ditt. Velg farge og stil p\u00e5 snoren \u2013 fra enkle armbind til intrikate knuter \u2013 og legg til dekorative perler som skjell, bokstaver eller metalliske elementer som matcher merkevarens estetikk.<\/p>\n<p>Denne allsidigheten gj\u00f8r dem ideelle for enhver m\u00e5lgruppe. Vi kan til og med lage \u201cBestevenner\u201d- eller matchende partnersett, perfekt for turistattraksjoner eller fanmerchandise. Hvert sett leveres p\u00e5 et spesialtrykt bakkort, fullt merket og klart for visning i detaljhandelen.<\/p>\n<p><b>Viktige funksjoner:<\/b><\/p>\n<ul>\n<li><b>Tilpassede logo-sjarm:<\/b> Vi lager anheng i h\u00f8y kvalitet i emalje eller metall basert p\u00e5 designet ditt.<\/li>\n<li><b>Full tilpasning:<\/b> Velg snorfarger, armb\u00e5ndsstil og dekorative perler (f.eks. skjell, metalliske).<\/li>\n<li><b>Detaljhandelsklar emballasje:<\/b> Armb\u00e5ndene leveres p\u00e5 et spesialdesignet bakkartong, klare til visning.<\/li>\n<li><b>Allsidige varer:<\/b> Ideell for gavebutikker, turistattraksjoner, merkevaresamarbeid og arrangementer.<\/li>\n<li><b>Matchende sett:<\/b> Mulighet for \u00e5 lage \u201cBestevenner\u201d eller matchende sett p\u00e5 ett uten trykkt kort.<\/li>\n<li><b>Justerbar passform:<\/b> Designet med justerbare knuter for \u00e5 passe et bredt spekter av kunder.<\/li>\n<\/ul>","protected":false},"excerpt":{"rendered":"<ul>\n<li>Design unike armb\u00e5nd med dine egne logo-anheng.<\/li>\n<li>Velg mellom en rekke snorfarger, perler og stiler.<\/li>\n<li>Ideell for merkevarer, suvenirbutikker eller spesielle arrangementer.<\/li>\n<li>Leveres p\u00e5 spesialtrykte bakkort for en detaljhandelsklar finish.<\/li>\n<\/ul>","protected":false},"featured_media":6680,"comment_status":"closed","ping_status":"closed","template":"","meta":[],"product_brand":[],"product_cat":[122],"product_tag":[],"class_list":{"0":"post-5234","1":"product","2":"type-product","3":"status-publish","4":"has-post-thumbnail","6":"product_cat-promotional-accessories","8":"first","9":"instock","10":"shipping-taxable","11":"product-type-simple"},"_links":{"self":[{"href":"https:\/\/displayproducts.eu\/nb\/wp-json\/wp\/v2\/product\/5234","targetHints":{"allow":["GET"]}}],"collection":[{"href":"https:\/\/displayproducts.eu\/nb\/wp-json\/wp\/v2\/product"}],"about":[{"href":"https:\/\/displayproducts.eu\/nb\/wp-json\/wp\/v2\/types\/product"}],"replies":[{"embeddable":true,"href":"https:\/\/displayproducts.eu\/nb\/wp-json\/wp\/v2\/comments?post=5234"}],"wp:featuredmedia":[{"embeddable":true,"href":"https:\/\/displayproducts.eu\/nb\/wp-json\/wp\/v2\/media\/6680"}],"wp:attachment":[{"href":"https:\/\/displayproducts.eu\/nb\/wp-json\/wp\/v2\/media?parent=5234"}],"wp:term":[{"taxonomy":"product_brand","embeddable":true,"href":"https:\/\/displayproducts.eu\/nb\/wp-json\/wp\/v2\/product_brand?post=5234"},{"taxonomy":"product_cat","embeddable":true,"href":"https:\/\/displayproducts.eu\/nb\/wp-json\/wp\/v2\/product_cat?post=5234"},{"taxonomy":"product_tag","embeddable":true,"href":"https:\/\/displayproducts.eu\/nb\/wp-json\/wp\/v2\/product_tag?post=5234"}],"curies":[{"name":"wp","href":"https:\/\/api.w.org\/{rel}","templated":true}]}}