{"id":5224,"date":"2025-10-21T12:20:54","date_gmt":"2025-10-21T09:20:54","guid":{"rendered":"https:\/\/wristbandfactory.eu\/?post_type=product&#038;p=5224"},"modified":"2026-04-01T21:52:35","modified_gmt":"2026-04-01T18:52:35","slug":"tricolor-silicone-wristbands","status":"publish","type":"product","link":"https:\/\/displayproducts.eu\/nb\/p\/tricolor-silicone-wristbands\/","title":{"rendered":"Tricolor silikonarmb\u00e5nd"},"content":{"rendered":"<p>Maksimer synligheten til merkevaren din med v\u00e5re spesialtilpassede silikonarmb\u00e5nd i trefargede farger. Disse armb\u00e5ndene har tre separate fargesegmenter st\u00f8pt sammen til ett s\u00f8ml\u00f8st armb\u00e5nd, noe som gir et dristig utseende med h\u00f8y kontrast som ensfargede armb\u00e5nd ikke kan matche.<\/p>\n<p>Disse segmenterte armb\u00e5ndene er et kraftig verkt\u00f8y for arrang\u00f8rer, markedssjefer og organisasjoner. Bruk dem til \u00e5 representere merkevarens farger, st\u00f8tte en sak eller matche et bestemt arrangementstema. Vi lager hvert b\u00e5nd av 100% h\u00f8ykvalitets, allergivennlig silikon for varig komfort og holdbarhet.<\/p>\n<p>Logoen eller budskapet ditt blir presisjonspreget (senket ned) i b\u00e5ndet og deretter fylt med en uten trykkt, kontrasterende Pantone-farge. Denne innleggsmetoden sikrer at designet ditt er beskyttet mot slitasje, noe som garanterer langvarig merkevareeksponering. Vi kan produsere disse armb\u00e5ndene i alle st\u00f8rrelser, inkludert standard voksenst\u00f8rrelser (202 mm), ungdomsst\u00f8rrelser eller mindre barnest\u00f8rrelser, for \u00e5 passe akkurat din m\u00e5lgruppe.<\/p>\n<blockquote><p><b>Produksjonsmerknad:<\/b> Disse armb\u00e5ndene er laget ved \u00e5 sammenf\u00f8ye silikonseksjoner i forskjellige farger. P\u00e5 grunn av denne st\u00f8peprosessen kan ikke grenselinjen mellom fargene lages helt rett, og det vil dannes en naturlig fargeblanding eller -blanding.<\/p><\/blockquote>\n<p><b>Viktige funksjoner:<\/b><\/p>\n<ul>\n<li><b>Effektiv trefarget design:<\/b> Har tre distinkte fargesegmenter st\u00f8pt sammen for et dristig merkeuttrykk.<\/li>\n<li><b>Slitesterkt innleggslogo:<\/b> Designet ditt er preget (nedsenket) og fylt med et 1-farget innlegg, slik at det ikke falmer eller slites av.<\/li>\n<li><b>Full Pantone-matching:<\/b> Tilpass alle tre segmentene, og logoen fylles ut med dine eksakte Pantone-farger.<\/li>\n<li><b>100% kvalitetssilikon:<\/b> Laget av slitesterk, fleksibel og allergivennlig silikon (<span class=\"math-inline\" data-math=\"100\\\\%\">$100\\\\%$<\/span> fleksibel, slitesterk silikon) for langvarig komfort.<\/li>\n<li><b>Allsidig st\u00f8rrelse:<\/b> Tilgjengelig i standard voksen (202 * 12 <span class=\"math-inline\" data-math=\"\\times\">*<\/span>\u00a02 mm), ungdoms- og spesialtilpassede barnest\u00f8rrelser.<\/li>\n<\/ul>","protected":false},"excerpt":{"rendered":"<ul>\n<li>Har tre distinkte, slagkraftige fargesegmenter for et dristig utseende.<\/li>\n<li>Slitesterk, preget (nedsenket) logo med 1-farges fyll som ikke slites av.<\/li>\n<li>Kan tilpasses fullt ut med organisasjonens Pantone-farger.<\/li>\n<li>Tilgjengelig i voksen-, ungdoms- og barnest\u00f8rrelser for \u00e5 passe ethvert arrangementspublikum.<\/li>\n<li><\/li>\n<\/ul>","protected":false},"featured_media":5974,"comment_status":"closed","ping_status":"closed","template":"","meta":[],"product_brand":[],"product_cat":[49],"product_tag":[],"class_list":{"0":"post-5224","1":"product","2":"type-product","3":"status-publish","4":"has-post-thumbnail","6":"product_cat-silicone","8":"first","9":"instock","10":"shipping-taxable","11":"purchasable","12":"product-type-simple"},"_links":{"self":[{"href":"https:\/\/displayproducts.eu\/nb\/wp-json\/wp\/v2\/product\/5224","targetHints":{"allow":["GET"]}}],"collection":[{"href":"https:\/\/displayproducts.eu\/nb\/wp-json\/wp\/v2\/product"}],"about":[{"href":"https:\/\/displayproducts.eu\/nb\/wp-json\/wp\/v2\/types\/product"}],"replies":[{"embeddable":true,"href":"https:\/\/displayproducts.eu\/nb\/wp-json\/wp\/v2\/comments?post=5224"}],"wp:featuredmedia":[{"embeddable":true,"href":"https:\/\/displayproducts.eu\/nb\/wp-json\/wp\/v2\/media\/5974"}],"wp:attachment":[{"href":"https:\/\/displayproducts.eu\/nb\/wp-json\/wp\/v2\/media?parent=5224"}],"wp:term":[{"taxonomy":"product_brand","embeddable":true,"href":"https:\/\/displayproducts.eu\/nb\/wp-json\/wp\/v2\/product_brand?post=5224"},{"taxonomy":"product_cat","embeddable":true,"href":"https:\/\/displayproducts.eu\/nb\/wp-json\/wp\/v2\/product_cat?post=5224"},{"taxonomy":"product_tag","embeddable":true,"href":"https:\/\/displayproducts.eu\/nb\/wp-json\/wp\/v2\/product_tag?post=5224"}],"curies":[{"name":"wp","href":"https:\/\/api.w.org\/{rel}","templated":true}]}}