{"id":5218,"date":"2025-10-21T11:56:09","date_gmt":"2025-10-21T08:56:09","guid":{"rendered":"https:\/\/wristbandfactory.eu\/?post_type=product&#038;p=5218"},"modified":"2026-04-01T21:52:35","modified_gmt":"2026-04-01T18:52:35","slug":"remote-control-led-wristbands","status":"publish","type":"product","link":"https:\/\/displayproducts.eu\/nb\/p\/remote-control-led-wristbands\/","title":{"rendered":"Tilpassede fjernstyrte LED-armb\u00e5nd (RF og DMX)"},"content":{"rendered":"<p data-path-to-node=\"9\">Forvandle konserten, festivalen eller bedriftsarrangementet ditt til et uforglemmelig lysshow. V\u00e5re fjernstyrte LED-armb\u00e5nd gir deg muligheten til \u00e5 synkronisere hver gjest med musikken og programmeringen din, og skaper en massiv, enhetlig visuell opplevelse som \u00f8ker publikumsengasjementet.<\/p>\n<p data-path-to-node=\"10\">Dette er ditt sentrale knutepunkt for alle v\u00e5re fjernstyrte armb\u00e5ndsmodeller i silikon og plast. Vi har samlet v\u00e5re ulike stiler her for \u00e5 hjelpe deg med \u00e5 velge den perfekte l\u00f8sningen for ditt arrangements tekniske behov og budsjett.<\/p>\n<p data-path-to-node=\"11\">Alle modeller er kompatible med en sentral <strong><a href=\"https:\/\/displayproducts.eu\/nb\/p\/remote-dmx-controllers-for-led-wristbands\/\">Fjernkontroll og DMX-kontroller<\/a><\/strong> som selges separat i v\u00e5r <strong><a href=\"https:\/\/displayproducts.eu\/nb\/c\/event-supplies\/\">Eventutstyr<\/a><\/strong> kategori. Denne kontrolleren lar \u00e9n operat\u00f8r endre LED-fargene og blinkem\u00f8nstrene for hvert armb\u00e5nd i lokalet samtidig.<\/p>\n<h3>Velg din fjernstyrte modell<\/h3>\n<p data-path-to-node=\"13\">Velg den spesifikke modellen basert p\u00e5 arrangementets krav til lysstyrke, batterilevetid, design eller b\u00e6rekraft:<\/p>\n<h4>1. Den \u201clyse\u201d (11 LED-lys \/ AAA-drevet)<\/h4>\n<p><img fetchpriority=\"high\" decoding=\"async\" class=\"alignnone wp-image-5543\" src=\"https:\/\/displayproducts.eu\/wp-content\/uploads\/2025\/10\/the-bright.jpg\" alt=\"\" width=\"300\" height=\"300\" srcset=\"https:\/\/displayproducts.eu\/wp-content\/uploads\/2025\/10\/the-bright.jpg 1080w, https:\/\/displayproducts.eu\/wp-content\/uploads\/2025\/10\/the-bright-768x768.jpg 768w, https:\/\/displayproducts.eu\/wp-content\/uploads\/2025\/10\/the-bright-12x12.jpg 12w, https:\/\/displayproducts.eu\/wp-content\/uploads\/2025\/10\/the-bright-300x300.jpg 300w, https:\/\/displayproducts.eu\/wp-content\/uploads\/2025\/10\/the-bright-600x600.jpg 600w, https:\/\/displayproducts.eu\/wp-content\/uploads\/2025\/10\/the-bright-100x100.jpg 100w, https:\/\/displayproducts.eu\/wp-content\/uploads\/2025\/10\/the-bright-64x64.jpg 64w\" sizes=\"(max-width: 300px) 100vw, 300px\" \/><\/p>\n<p data-path-to-node=\"17\">V\u00e5r kraftigste l\u00f8sning, denne modellen, har 11 individuelle LED-lys for maksimal visuell effekt p\u00e5 stadioner. Den drives av to standard, utskiftbare AAA-batterier, og tilbyr en h\u00f8y ytelse p\u00e5 12 timer.<\/p>\n<ul data-path-to-node=\"18\">\n<li>\n<p data-path-to-node=\"18,0,0\"><b data-path-to-node=\"18,0,0\" data-index-in-node=\"0\">Best for:<\/b> Storstilte stadionomvisninger og utend\u00f8rsfestivaler.<\/p>\n<\/li>\n<\/ul>\n<h4>2. Den \u201cmilj\u00f8vennlige\u201d standarden<\/h4>\n<p><img decoding=\"async\" class=\"alignnone wp-image-5544\" src=\"https:\/\/displayproducts.eu\/wp-content\/uploads\/2025\/10\/eco-friendly.jpg\" alt=\"\" width=\"300\" height=\"300\" \/><\/p>\n<p data-path-to-node=\"19\"><span data-path-to-node=\"20,2\"><span class=\"citation-377\">Denne modellen er v\u00e5r mest popul\u00e6re og allsidige l\u00f8sning, laget av komfortabel ABS og silikon. <\/span><\/span><span data-path-to-node=\"20,4\"> Den har en robust batterilevetid p\u00e5 12 timer (CR2032) og 15 fargealternativer.<\/span><\/p>\n<ul data-path-to-node=\"20\">\n<li>\n<p data-path-to-node=\"20,0,0\"><b>Best for:<\/b> Merker og arrangementer med fokus p\u00e5 b\u00e6rekraft og p\u00e5litelighet.<\/p>\n<\/li>\n<\/ul>\n<h4>3. Den \u201cskulpturerte\u201d (3D-design)<\/h4>\n<p><img decoding=\"async\" class=\"alignnone wp-image-5545\" src=\"https:\/\/displayproducts.eu\/wp-content\/uploads\/2025\/10\/sculpted-1.jpg\" alt=\"\" width=\"300\" height=\"300\" srcset=\"https:\/\/displayproducts.eu\/wp-content\/uploads\/2025\/10\/sculpted-1.jpg 500w, https:\/\/displayproducts.eu\/wp-content\/uploads\/2025\/10\/sculpted-1-12x12.jpg 12w, https:\/\/displayproducts.eu\/wp-content\/uploads\/2025\/10\/sculpted-1-300x300.jpg 300w, https:\/\/displayproducts.eu\/wp-content\/uploads\/2025\/10\/sculpted-1-100x100.jpg 100w, https:\/\/displayproducts.eu\/wp-content\/uploads\/2025\/10\/sculpted-1-64x64.jpg 64w\" sizes=\"(max-width: 300px) 100vw, 300px\" \/><\/p>\n<p data-path-to-node=\"21\">Lag et dristig designuttrykk. Denne modellen har en unik, <b>geometrisk 3D-skulpturert topp<\/b> (tilgjengelig med 2 eller 4 LED-lys). Det er et f\u00f8rsteklasses, b\u00e6rbart og elegant element som skiller seg ut.<\/p>\n<ul data-path-to-node=\"22\">\n<li>\n<p data-path-to-node=\"22,0,0\"><b>Best for:<\/b> VIP-omr\u00e5der, produktlanseringer og motearrangementer.<\/p>\n<\/li>\n<\/ul>\n<h4>4. Den \u201clette\u201d (20 g)<\/h4>\n<p><img loading=\"lazy\" decoding=\"async\" class=\"alignnone wp-image-5546\" src=\"https:\/\/displayproducts.eu\/wp-content\/uploads\/2025\/10\/lightweight.jpg\" alt=\"\" width=\"300\" height=\"300\" srcset=\"https:\/\/displayproducts.eu\/wp-content\/uploads\/2025\/10\/lightweight.jpg 500w, https:\/\/displayproducts.eu\/wp-content\/uploads\/2025\/10\/lightweight-12x12.jpg 12w, https:\/\/displayproducts.eu\/wp-content\/uploads\/2025\/10\/lightweight-300x300.jpg 300w, https:\/\/displayproducts.eu\/wp-content\/uploads\/2025\/10\/lightweight-100x100.jpg 100w, https:\/\/displayproducts.eu\/wp-content\/uploads\/2025\/10\/lightweight-64x64.jpg 64w\" sizes=\"(max-width: 300px) 100vw, 300px\" \/><\/p>\n<p data-path-to-node=\"24\">Denne modellen er konstruert for maksimal komfort, og veier <b>bare 20 gram<\/b>, noe som sikrer at deltakerne kan bruke den hele natten. Den har 15 fargealternativer og en driftstid p\u00e5 12 timer (CR2032-batterier).<\/p>\n<ul data-path-to-node=\"25\">\n<li>\n<p data-path-to-node=\"25,0,0\"><b>Best for:<\/b> Konferanser, firmafester og arrangementer der komfort er viktig.<\/p>\n<\/li>\n<\/ul>\n<h4>5. \u201cVakten\u201d (Hendelsesvakt)<\/h4>\n<p><img loading=\"lazy\" decoding=\"async\" class=\"alignnone wp-image-5548 size-full\" src=\"https:\/\/displayproducts.eu\/wp-content\/uploads\/2025\/10\/watch-e1763320779944.jpg\" alt=\"\" width=\"480\" height=\"288\" srcset=\"https:\/\/displayproducts.eu\/wp-content\/uploads\/2025\/10\/watch-e1763320779944.jpg 480w, https:\/\/displayproducts.eu\/wp-content\/uploads\/2025\/10\/watch-e1763320779944-18x12.jpg 18w, https:\/\/displayproducts.eu\/wp-content\/uploads\/2025\/10\/watch-e1763320779944-64x38.jpg 64w\" sizes=\"(max-width: 480px) 100vw, 480px\" \/><\/p>\n<p data-path-to-node=\"27\">Denne modellen har en <b>klokkestil<\/b> design med en stor, flat overflate, som gir et utmerket og godt synlig omr\u00e5de for din tilpassede logo.<\/p>\n<ul data-path-to-node=\"28\">\n<li>\n<p data-path-to-node=\"28,0,0\"><b>Best for:<\/b> Bedriftsarrangementer og sponsorbranding.<\/p>\n<\/li>\n<\/ul>\n<h2 data-path-to-node=\"31\">Spesifikasjoner<\/h2>\n<ul data-path-to-node=\"32\">\n<li>\n<p data-path-to-node=\"32,0,1\"><span data-path-to-node=\"32,0,1,0\"><b data-path-to-node=\"32,0,1,0\" data-index-in-node=\"0\"><span class=\"citation-374\">Kontrollteknologi:<\/span><\/b><span class=\"citation-374\"> RF (radiofrekvens) og DMX512. <\/span><\/span><\/p>\n<\/li>\n<li>\n<p data-path-to-node=\"32,1,1\"><span data-path-to-node=\"32,1,1,0\"><b data-path-to-node=\"32,1,1,0\" data-index-in-node=\"0\"><span class=\"citation-373\">Materialer:<\/span><\/b><span class=\"citation-373\"> Silikon, ABS, PVC. <\/span><\/span><\/p>\n<\/li>\n<li>\n<p data-path-to-node=\"32,2,0\"><b data-path-to-node=\"32,2,0\" data-index-in-node=\"0\">Batterilevetid:<\/b> 6 til 12 timer avhengig av modell.<\/p>\n<\/li>\n<li>\n<p data-path-to-node=\"32,3,1\"><span data-path-to-node=\"32,3,1,0\"><b data-path-to-node=\"32,3,1,0\" data-index-in-node=\"0\"><span class=\"citation-372\">Merkevarebygging:<\/span><\/b><span class=\"citation-372\"> Tilpasset logotrykk i \u00e9n farge eller flere farger. <\/span><\/span><\/p>\n<\/li>\n<li>\n<p data-path-to-node=\"32,4,0\"><b data-path-to-node=\"32,4,0\" data-index-in-node=\"0\">Minimum bestillingsmengde:<\/b> 100 enheter.<\/p>\n<\/li>\n<\/ul>\n<h3><strong><a href=\"https:\/\/displayproducts.eu\/nb\/p\/remote-dmx-controllers-for-led-wristbands\/\">Fjernkontroll og DMX-kontroller<\/a><\/strong><\/h3>\n<p><img loading=\"lazy\" decoding=\"async\" class=\"\" src=\"https:\/\/displayproducts.eu\/wp-content\/uploads\/2025\/10\/controller-2-scaled.jpeg\" width=\"365\" height=\"365\" \/><\/p>","protected":false},"excerpt":{"rendered":"<ul>\n<li>\n<p data-path-to-node=\"9,0,0\"><b data-path-to-node=\"9,0,0\" data-index-in-node=\"0\">Sentralisert synkronisering:<\/b> Fullt kompatibel med RF- og DMX-kontrollere for oppslukende lysshow over hele arenaen.<\/p>\n<\/li>\n<li>\n<p data-path-to-node=\"9,1,0\"><b data-path-to-node=\"9,1,0\" data-index-in-node=\"0\">Mangfoldig modellutvalg:<\/b> Velg mellom 11 forskjellige modeller, inkludert ultralette AAA-batterier med h\u00f8y lysstyrke og 3D-skulpturerte design.<\/p>\n<\/li>\n<li>\n<p data-path-to-node=\"9,2,1\"><span data-path-to-node=\"9,2,1,0\"><b data-path-to-node=\"9,2,1,0\" data-index-in-node=\"0\"><span class=\"citation-351\">B2B-merkevarebygging:<\/span><\/b><span class=\"citation-351\"> H\u00f8ykvalitets tilpasset logotrykk er tilgjengelig p\u00e5 alle modeller for maksimal synlighet av sponsorer. <\/span><\/span><\/p>\n<\/li>\n<li>\n<p data-path-to-node=\"9,3,0\"><b data-path-to-node=\"9,3,0\" data-index-in-node=\"0\">Langdistansekontroll:<\/b> P\u00e5litelig signaldekning p\u00e5 opptil 300\u2013500 meter for arrangementer i stadionst\u00f8rrelse.<\/p>\n<\/li>\n<\/ul>","protected":false},"featured_media":5031,"comment_status":"closed","ping_status":"closed","template":"","meta":[],"product_brand":[],"product_cat":[80],"product_tag":[],"class_list":{"0":"post-5218","1":"product","2":"type-product","3":"status-publish","4":"has-post-thumbnail","6":"product_cat-led-wristbands","8":"first","9":"instock","10":"shipping-taxable","11":"purchasable","12":"product-type-simple"},"_links":{"self":[{"href":"https:\/\/displayproducts.eu\/nb\/wp-json\/wp\/v2\/product\/5218","targetHints":{"allow":["GET"]}}],"collection":[{"href":"https:\/\/displayproducts.eu\/nb\/wp-json\/wp\/v2\/product"}],"about":[{"href":"https:\/\/displayproducts.eu\/nb\/wp-json\/wp\/v2\/types\/product"}],"replies":[{"embeddable":true,"href":"https:\/\/displayproducts.eu\/nb\/wp-json\/wp\/v2\/comments?post=5218"}],"wp:featuredmedia":[{"embeddable":true,"href":"https:\/\/displayproducts.eu\/nb\/wp-json\/wp\/v2\/media\/5031"}],"wp:attachment":[{"href":"https:\/\/displayproducts.eu\/nb\/wp-json\/wp\/v2\/media?parent=5218"}],"wp:term":[{"taxonomy":"product_brand","embeddable":true,"href":"https:\/\/displayproducts.eu\/nb\/wp-json\/wp\/v2\/product_brand?post=5218"},{"taxonomy":"product_cat","embeddable":true,"href":"https:\/\/displayproducts.eu\/nb\/wp-json\/wp\/v2\/product_cat?post=5218"},{"taxonomy":"product_tag","embeddable":true,"href":"https:\/\/displayproducts.eu\/nb\/wp-json\/wp\/v2\/product_tag?post=5218"}],"curies":[{"name":"wp","href":"https:\/\/api.w.org\/{rel}","templated":true}]}}