{"id":5209,"date":"2025-10-20T23:33:45","date_gmt":"2025-10-20T20:33:45","guid":{"rendered":"https:\/\/wristbandfactory.eu\/?post_type=product&#038;p=5209"},"modified":"2026-04-01T21:52:35","modified_gmt":"2026-04-01T18:52:35","slug":"printed-cup-holder-clip","status":"publish","type":"product","link":"https:\/\/displayproducts.eu\/nb\/p\/printed-cup-holder-clip\/","title":{"rendered":"Koppholder-klips med trykk"},"content":{"rendered":"<p data-path-to-node=\"12\">Forbedre deltakeropplevelsen p\u00e5 din neste festival eller konferanse med v\u00e5re praktiske <b data-path-to-node=\"12\" data-index-in-node=\"112\">Trykt koppholderklips<\/b>. Dette smarte tilbeh\u00f8ret l\u00f8ser et vanlig problem p\u00e5 arrangementer: \u00e5 holde fast i en gjenbrukbar kopp hele dagen. Ved \u00e5 la gjestene feste den tomme drikkebeholderen trygt til en snor eller beltel\u00f8kke, frigj\u00f8r du hendene deres til nettverking, dansing eller heiagjeng.<\/p>\n<p data-path-to-node=\"13\"><span data-path-to-node=\"13,1\"><span class=\"citation-56\">Utviklet for \u00e5 fungere s\u00f8ml\u00f8st med v\u00e5re <\/span><b data-path-to-node=\"13,1\" data-index-in-node=\"37\"><span class=\"citation-56\">Lanyards<\/span><\/b> <\/span><span data-path-to-node=\"13,4\"><span class=\"citation-55\">og <\/span><b data-path-to-node=\"13,4\" data-index-in-node=\"4\"><span class=\"citation-55\">Festivalkrus gjenbrukbart<\/span><\/b><\/span><span data-path-to-node=\"13,6\">, denne klipsen er et viktig tillegg til enhver milj\u00f8vennlig arrangementsstrategi. Den oppmuntrer til gjenbruk av kopper ved \u00e5 gj\u00f8re dem enkle \u00e5 b\u00e6re, noe som reduserer sannsynligheten for at de blir kastet eller mistet.<\/span><\/p>\n<h2 data-path-to-node=\"14\">Viktige funksjoner<\/h2>\n<ul data-path-to-node=\"15\">\n<li>\n<p data-path-to-node=\"15,0,0\"><b data-path-to-node=\"15,0,0\" data-index-in-node=\"0\">Sikkert grep:<\/b> Klipsmekanismen fester seg godt p\u00e5 kanten av vanlige gjenbrukbare plastkopper (PP) og -glass, og sikrer at koppen holder seg p\u00e5 plass mens du g\u00e5r.<\/p>\n<\/li>\n<li>\n<p data-path-to-node=\"15,1,0\"><b data-path-to-node=\"15,1,0\" data-index-in-node=\"0\">Merkevarebygging med h\u00f8y synlighet:<\/b> Til tross for den kompakte st\u00f8rrelsen har klipsen et fremtredende, flatt omr\u00e5de som er spesielt designet for \u00e5 trykke logoen din, og setter merkevaren din i s\u00f8kelyset hver gang brukeren tar en slurk.<\/p>\n<\/li>\n<li>\n<p data-path-to-node=\"15,2,0\"><b data-path-to-node=\"15,2,0\" data-index-in-node=\"0\">Fargekoordinering:<\/b> Laget av slitesterk ABS-plast, tilgjengelig i et bredt utvalg av farger som matcher merkeidentiteten eller arrangementstemaet ditt.<\/p>\n<\/li>\n<li>\n<p data-path-to-node=\"15,3,0\"><b data-path-to-node=\"15,3,0\" data-index-in-node=\"0\">Lettvektsdesign:<\/b> Med en vekt p\u00e5 bare 3 gram, er deltakerens snor helt uanstrengt.<\/p>\n<\/li>\n<\/ul>\n<h2 data-path-to-node=\"16\">Spesifikasjoner<\/h2>\n<ul data-path-to-node=\"17\">\n<li>\n<p data-path-to-node=\"17,0,0\"><b data-path-to-node=\"17,0,0\" data-index-in-node=\"0\">Materiale:<\/b> Motstandsdyktig ABS-plast.<\/p>\n<\/li>\n<li>\n<p data-path-to-node=\"17,1,0\"><b data-path-to-node=\"17,1,0\" data-index-in-node=\"0\">Dimensjoner:<\/b> 1,6 x 2,2 x 2,2 cm.<\/p>\n<\/li>\n<li>\n<p data-path-to-node=\"17,2,0\"><b data-path-to-node=\"17,2,0\" data-index-in-node=\"0\">Vekt:<\/b> 3g.<\/p>\n<\/li>\n<li>\n<p data-path-to-node=\"17,3,0\"><b data-path-to-node=\"17,3,0\" data-index-in-node=\"0\">Kompatibilitet:<\/b> Passer til vanlige gjenbrukbare festivalkopper og -glass.<\/p>\n<\/li>\n<li>\n<p data-path-to-node=\"17,4,0\"><b data-path-to-node=\"17,4,0\" data-index-in-node=\"0\">Vedlegg:<\/b> Ringl\u00f8kke for lanyards eller karabinere.<\/p>\n<\/li>\n<li>\n<p data-path-to-node=\"17,5,0\"><b data-path-to-node=\"17,5,0\" data-index-in-node=\"0\">Tilpasning:<\/b> Tampontrykk p\u00e5 den flate overflaten.<\/p>\n<\/li>\n<\/ul>\n<h2 data-path-to-node=\"18\">Brukstilfeller<\/h2>\n<ul data-path-to-node=\"19\">\n<li>\n<p data-path-to-node=\"19,0,0\"><b data-path-to-node=\"19,0,0\" data-index-in-node=\"0\">Musikkfestivaler:<\/b> Lar fansen danse uten \u00e5 holde en tom kopp.<\/p>\n<\/li>\n<li>\n<p data-path-to-node=\"19,1,0\"><b data-path-to-node=\"19,1,0\" data-index-in-node=\"0\">\u00d8l- og vinsmakingsarrangementer:<\/b> Holder smaksglasset tilgjengelig mellom stasjonene.<\/p>\n<\/li>\n<li>\n<p data-path-to-node=\"19,2,0\"><b data-path-to-node=\"19,2,0\" data-index-in-node=\"0\">Messer:<\/b> Frigj\u00f8r hendene til \u00e5 utveksle visittkort mens man b\u00e6rer en kaffekopp.<\/p>\n<\/li>\n<li>\n<p data-path-to-node=\"19,3,0\"><b data-path-to-node=\"19,3,0\" data-index-in-node=\"0\">Utend\u00f8rsarrangementer:<\/b> Forhindrer at kopper mistes eller blir liggende igjen p\u00e5 bakken.<\/p>\n<\/li>\n<\/ul>","protected":false},"excerpt":{"rendered":"<ul>\n<li>\n<p data-path-to-node=\"11,0,0\"><b data-path-to-node=\"11,0,0\" data-index-in-node=\"0\">H\u00e5ndfri bekvemmelighet:<\/b> Lar deltakerne feste den gjenbrukbare koppen til en snor eller beltel\u00f8kke.<\/p>\n<\/li>\n<li>\n<p data-path-to-node=\"11,1,0\"><b data-path-to-node=\"11,1,0\" data-index-in-node=\"0\">Universell passform:<\/b> Greper sikkert kanten p\u00e5 de fleste vanlige festivalglass i plast.<\/p>\n<\/li>\n<li>\n<p data-path-to-node=\"11,2,0\"><b data-path-to-node=\"11,2,0\" data-index-in-node=\"0\">Tilpasset merkevarebygging:<\/b> Har en dedikert flat overflate for logotrykk med h\u00f8y synlighet.<\/p>\n<\/li>\n<li>\n<p data-path-to-node=\"11,3,0\"><b data-path-to-node=\"11,3,0\" data-index-in-node=\"0\">Lett og slitesterk:<\/b> Laget av slitesterk ABS-plast (3 g), tilgjengelig i forskjellige farger.<\/p>\n<\/li>\n<\/ul>","protected":false},"featured_media":6476,"comment_status":"closed","ping_status":"closed","template":"","meta":[],"product_brand":[],"product_cat":[119],"product_tag":[],"class_list":{"0":"post-5209","1":"product","2":"type-product","3":"status-publish","4":"has-post-thumbnail","6":"product_cat-drinkware-accessories","8":"first","9":"instock","10":"shipping-taxable","11":"purchasable","12":"product-type-simple"},"_links":{"self":[{"href":"https:\/\/displayproducts.eu\/nb\/wp-json\/wp\/v2\/product\/5209","targetHints":{"allow":["GET"]}}],"collection":[{"href":"https:\/\/displayproducts.eu\/nb\/wp-json\/wp\/v2\/product"}],"about":[{"href":"https:\/\/displayproducts.eu\/nb\/wp-json\/wp\/v2\/types\/product"}],"replies":[{"embeddable":true,"href":"https:\/\/displayproducts.eu\/nb\/wp-json\/wp\/v2\/comments?post=5209"}],"wp:featuredmedia":[{"embeddable":true,"href":"https:\/\/displayproducts.eu\/nb\/wp-json\/wp\/v2\/media\/6476"}],"wp:attachment":[{"href":"https:\/\/displayproducts.eu\/nb\/wp-json\/wp\/v2\/media?parent=5209"}],"wp:term":[{"taxonomy":"product_brand","embeddable":true,"href":"https:\/\/displayproducts.eu\/nb\/wp-json\/wp\/v2\/product_brand?post=5209"},{"taxonomy":"product_cat","embeddable":true,"href":"https:\/\/displayproducts.eu\/nb\/wp-json\/wp\/v2\/product_cat?post=5209"},{"taxonomy":"product_tag","embeddable":true,"href":"https:\/\/displayproducts.eu\/nb\/wp-json\/wp\/v2\/product_tag?post=5209"}],"curies":[{"name":"wp","href":"https:\/\/api.w.org\/{rel}","templated":true}]}}