{"id":5195,"date":"2025-10-20T22:09:07","date_gmt":"2025-10-20T19:09:07","guid":{"rendered":"https:\/\/wristbandfactory.eu\/?post_type=product&#038;p=5195"},"modified":"2026-04-01T21:52:04","modified_gmt":"2026-04-01T18:52:04","slug":"promotional-recycled-aluminium-cups","status":"publish","type":"product","link":"https:\/\/displayproducts.eu\/nb\/p\/promotional-recycled-aluminium-cups\/","title":{"rendered":"Trykte gjenbrukbare aluminiumskopper"},"content":{"rendered":"<p>Lag et sterkt uttrykk for merkevarens forpliktelse til b\u00e6rekraft. Disse gjenbrukbare koppene p\u00e5 500 ml er laget av GRS-sertifisert resirkulert aluminium, og tilbyr et f\u00f8rsteklasses og milj\u00f8vennlig alternativ til plast for din neste konferanse, festival eller bedriftsarrangement. Den elegante, skinnende s\u00f8lvfinishen gir det perfekte, verdifulle lerretet for logoen din.<\/p>\n<p>Dette er mer enn bare en kopp; det er et budskap. Materialet av resirkulert aluminium er lett, men slitesterkt, og GRS-sertifisert (Global Recycled Standard). Denne sertifiseringen garanterer materialets resirkulerte opprinnelse, noe som gir full \u00e5penhet for din b\u00e6rekraftige markedsf\u00f8ring. <span class=\"citation-5 citation-end-5\">I motsetning til andre materialer kan aluminium resirkuleres nesten uendelig uten \u00e5 miste sine opprinnelige egenskaper, en prosess som bruker langt mindre energi enn ny produksjon.<\/span> \u00c5 velge dette produktet demonstrerer merkevarens verdier.<\/p>\n<p><b>Viktige funksjoner:<\/b><\/p>\n<ul>\n<li><b>Kapasitet:<\/b> 500 ml<\/li>\n<li><b>Materiale:<\/b> GRS-sertifisert resirkulert aluminium<\/li>\n<li><b>Fullf\u00f8r:<\/b> Skinnende s\u00f8lv<\/li>\n<li><b>Milj\u00f8vennlig:<\/b> Gjenbrukbar og uendelig resirkulerbar<\/li>\n<li><b>Lettvekt:<\/b> Lett for gjester \u00e5 b\u00e6re<\/li>\n<li><b>Sertifisert:<\/b><span class=\"citation-4 citation-end-4\"> GRS (Global Recycled Standard) garanterer resirkulert innhold<\/span><\/li>\n<li><b>Merkevarebygging:<\/b> Ideell for lasergravering eller trykking av logoen din<\/li>\n<\/ul>","protected":false},"excerpt":{"rendered":"<ul>\n<li>Vis frem merkevaren din med en f\u00f8rsteklasses 500 ml kopp i resirkulert aluminium.<\/li>\n<li>Lett, slitesterk og har en elegant, skinnende s\u00f8lvfinish.<\/li>\n<li>GRS-sertifisert for \u00e5 garantere b\u00e6rekraftige, resirkulerte materialer.<\/li>\n<li>Perfekt for milj\u00f8bevisste arrangementer, firmagaver og festivaler.<\/li>\n<\/ul>","protected":false},"featured_media":6593,"comment_status":"closed","ping_status":"closed","template":"","meta":[],"product_brand":[],"product_cat":[111],"product_tag":[],"class_list":{"0":"post-5195","1":"product","2":"type-product","3":"status-publish","4":"has-post-thumbnail","6":"product_cat-reusable-event-cups","8":"first","9":"instock","10":"shipping-taxable","11":"purchasable","12":"product-type-simple"},"_links":{"self":[{"href":"https:\/\/displayproducts.eu\/nb\/wp-json\/wp\/v2\/product\/5195","targetHints":{"allow":["GET"]}}],"collection":[{"href":"https:\/\/displayproducts.eu\/nb\/wp-json\/wp\/v2\/product"}],"about":[{"href":"https:\/\/displayproducts.eu\/nb\/wp-json\/wp\/v2\/types\/product"}],"replies":[{"embeddable":true,"href":"https:\/\/displayproducts.eu\/nb\/wp-json\/wp\/v2\/comments?post=5195"}],"wp:featuredmedia":[{"embeddable":true,"href":"https:\/\/displayproducts.eu\/nb\/wp-json\/wp\/v2\/media\/6593"}],"wp:attachment":[{"href":"https:\/\/displayproducts.eu\/nb\/wp-json\/wp\/v2\/media?parent=5195"}],"wp:term":[{"taxonomy":"product_brand","embeddable":true,"href":"https:\/\/displayproducts.eu\/nb\/wp-json\/wp\/v2\/product_brand?post=5195"},{"taxonomy":"product_cat","embeddable":true,"href":"https:\/\/displayproducts.eu\/nb\/wp-json\/wp\/v2\/product_cat?post=5195"},{"taxonomy":"product_tag","embeddable":true,"href":"https:\/\/displayproducts.eu\/nb\/wp-json\/wp\/v2\/product_tag?post=5195"}],"curies":[{"name":"wp","href":"https:\/\/api.w.org\/{rel}","templated":true}]}}