{"id":5183,"date":"2025-10-20T22:05:04","date_gmt":"2025-10-20T19:05:04","guid":{"rendered":"https:\/\/wristbandfactory.eu\/?post_type=product&#038;p=5183"},"modified":"2026-04-01T21:52:35","modified_gmt":"2026-04-01T18:52:35","slug":"reusable-event-cups-solid-frosted-finish-550ml","status":"publish","type":"product","link":"https:\/\/displayproducts.eu\/nb\/p\/reusable-event-cups-solid-frosted-finish-550ml\/","title":{"rendered":"Gjenbrukbare kopper til arrangementer (med solid og frostet finish) 550 ml"},"content":{"rendered":"<p data-path-to-node=\"8\">L\u00f8ft estetikken til arrangementet ditt med v\u00e5re gjenbrukbare kopper p\u00e5 550 ml, tilgjengelige i tre forskjellige premiumutf\u00f8relser. Denne koppen er den perfekte l\u00f8sningen for arrang\u00f8rer, bedrifter og arenaer som trenger merkevarebygging som g\u00e5r utover bare en logo.<\/p>\n<p data-path-to-node=\"9\">Velg den finishen som best passer til merkeidentiteten din:<\/p>\n<ul data-path-to-node=\"10\">\n<li>\n<p data-path-to-node=\"10,0,0\"><b>Helhvit:<\/b> Tilbyr et rent, klassisk og sv\u00e6rt synlig lerret for merkevarebyggingen din.<\/p>\n<\/li>\n<li>\n<p data-path-to-node=\"10,1,0\"><b>Helsvart:<\/b> Gir et f\u00f8rsteklasses utseende med h\u00f8y kontrast, ideelt for VIP-arrangementer og sofistikert merkevarebygging.<\/p>\n<\/li>\n<li>\n<p data-path-to-node=\"10,2,0\"><b>Gjennomsiktig frostet:<\/b> Gir et moderne, elegant og stilig utseende.<\/p>\n<\/li>\n<\/ul>\n<p data-path-to-node=\"11\">Disse koppene er laget av slitesterkt, slitesterkt og lett polypropylen (PP), og er designet for gjentatt bruk p\u00e5 festivaler, konserter og bedriftsarrangementer. De er enkle \u00e5 vaske og fungerer som et b\u00e6rekraftig alternativ til engangsdrikke.<\/p>\n<p data-path-to-node=\"12\">Den store kapasiteten p\u00e5 550 ml er perfekt for servering av alle typer drikkevarer, mens den store overflaten gir et utmerket lerret for ditt spesialtilpassede trykk. Denne koppen reduserer ikke bare svinn, men fungerer ogs\u00e5 som en suvenir du kan ta med hjem, noe som forlenger merkevareeksponeringen din lenge etter arrangementet.<\/p>\n<p data-path-to-node=\"13\"><b>Viktige funksjoner:<\/b><\/p>\n<ul data-path-to-node=\"14\">\n<li>\n<p data-path-to-node=\"14,0,0\"><b>Premium-finishalternativer:<\/b> Tilgjengelig i ensfarget hvit, ensfarget svart eller gjennomsiktig frostet utf\u00f8relse.<\/p>\n<\/li>\n<li>\n<p data-path-to-node=\"14,1,0\"><b>Stor kapasitet p\u00e5 550 ml:<\/b> Ideell, allsidig st\u00f8rrelse for festivaler, stadioner og konferanser.<\/p>\n<\/li>\n<li>\n<p data-path-to-node=\"14,2,0\"><b>Slitesterkt PP-materiale:<\/b> Slitesterk, lett og bruddsikker polypropylen designet for gjenbruk.<\/p>\n<\/li>\n<li>\n<p data-path-to-node=\"14,3,0\"><b>B\u00e6rekraftig l\u00f8sning:<\/b> Et gjenbrukbart og vaskbart alternativ til engangskopper for arrangementer.<\/p>\n<\/li>\n<li>\n<p data-path-to-node=\"14,4,0\"><b>Stort merkevareomr\u00e5de:<\/b> God plass til spesialtilpasset utskrift, forbedret av den unike finishen.<\/p>\n<\/li>\n<\/ul>","protected":false},"excerpt":{"rendered":"<ul>\n<li>\n<p data-path-to-node=\"7,0,0\">Velg finish: Tilgjengelig i ensfarget hvit, ensfarget svart eller en gjennomsiktig frostet overflate.<\/p>\n<\/li>\n<li>\n<p data-path-to-node=\"7,1,0\">Ideell for premium merkevarebygging p\u00e5 bedriftsarrangementer, festivaler og stadioner.<\/p>\n<\/li>\n<li>\n<p data-path-to-node=\"7,2,0\">Slitesterkt, lett og gjenbrukbart PP-materiale som er lett \u00e5 vaske.<\/p>\n<\/li>\n<li>\n<p data-path-to-node=\"7,3,0\">Stor kapasitet p\u00e5 550 ml for servering av et bredt utvalg av drikkevarer.<\/p>\n<\/li>\n<li><\/li>\n<\/ul>","protected":false},"featured_media":6624,"comment_status":"closed","ping_status":"closed","template":"","meta":[],"product_brand":[],"product_cat":[111],"product_tag":[],"class_list":{"0":"post-5183","1":"product","2":"type-product","3":"status-publish","4":"has-post-thumbnail","6":"product_cat-reusable-event-cups","8":"first","9":"instock","10":"shipping-taxable","11":"purchasable","12":"product-type-simple"},"_links":{"self":[{"href":"https:\/\/displayproducts.eu\/nb\/wp-json\/wp\/v2\/product\/5183","targetHints":{"allow":["GET"]}}],"collection":[{"href":"https:\/\/displayproducts.eu\/nb\/wp-json\/wp\/v2\/product"}],"about":[{"href":"https:\/\/displayproducts.eu\/nb\/wp-json\/wp\/v2\/types\/product"}],"replies":[{"embeddable":true,"href":"https:\/\/displayproducts.eu\/nb\/wp-json\/wp\/v2\/comments?post=5183"}],"wp:featuredmedia":[{"embeddable":true,"href":"https:\/\/displayproducts.eu\/nb\/wp-json\/wp\/v2\/media\/6624"}],"wp:attachment":[{"href":"https:\/\/displayproducts.eu\/nb\/wp-json\/wp\/v2\/media?parent=5183"}],"wp:term":[{"taxonomy":"product_brand","embeddable":true,"href":"https:\/\/displayproducts.eu\/nb\/wp-json\/wp\/v2\/product_brand?post=5183"},{"taxonomy":"product_cat","embeddable":true,"href":"https:\/\/displayproducts.eu\/nb\/wp-json\/wp\/v2\/product_cat?post=5183"},{"taxonomy":"product_tag","embeddable":true,"href":"https:\/\/displayproducts.eu\/nb\/wp-json\/wp\/v2\/product_tag?post=5183"}],"curies":[{"name":"wp","href":"https:\/\/api.w.org\/{rel}","templated":true}]}}