{"id":5179,"date":"2025-10-20T21:58:37","date_gmt":"2025-10-20T18:58:37","guid":{"rendered":"https:\/\/wristbandfactory.eu\/?post_type=product&#038;p=5179"},"modified":"2026-04-01T21:52:35","modified_gmt":"2026-04-01T18:52:35","slug":"gold-laser-engraved-medals","status":"publish","type":"product","link":"https:\/\/displayproducts.eu\/nb\/p\/gold-laser-engraved-medals\/","title":{"rendered":"Gull lasergraverte medaljer"},"content":{"rendered":"<p>Anerkjenn topprestasjoner og feir suksess p\u00e5 ditt neste arrangement med disse klassiske gullmedaljene. De gir en h\u00f8ykvalitets og h\u00e5ndgripelig m\u00e5te \u00e5 anerkjenne prestasjoner for ansatte, idrettsut\u00f8vere eller deltakere, og forsterker organisasjonens forpliktelse til fortreffelighet.<\/p>\n<p>V\u00e5r standardmedalje er 7 cm i diameter, laget av slitesterkt metall og har et sl\u00e5ende preget design med en tradisjonell gullfinish. Overflaten er spesielt forberedt for lasermerking, noe som sikrer at logoen, arrangementsnavnet eller vinnerens detaljer er gravert med eksepsjonell presisjon og klarhet. Standardmedaljen leveres klar til presentasjon med en matchende metallring og et klassisk r\u00f8dt polyesterb\u00e5nd.<\/p>\n<p>For en fullstendig merkevarel\u00f8sning kan denne medaljen ogs\u00e5 produseres som en spesialbestilling. Velg mellom forskjellige st\u00f8rrelser, utf\u00f8relser og tilpassede b\u00e5ndfarger som passer perfekt til organisasjonens merkeidentitet eller arrangementstema. Kontakt oss for \u00e5 diskutere ditt tilpassede medaljeprosjekt.<\/p>\n<p><b>Viktige funksjoner:<\/b><\/p>\n<ul>\n<li><b>Materiale:<\/b> H\u00f8ykvalitets metall<\/li>\n<li><b>Fullf\u00f8r:<\/b> Preget design med gulltone<\/li>\n<li><b>Tilpasning:<\/b> Spesialdesignet for lasermerking<\/li>\n<li><b>Standardmodell:<\/b> 7 cm diameter med r\u00f8dt polyesterb\u00e5nd<\/li>\n<li><b>Tilpassede bestillinger:<\/b> Tilgjengelig i forskjellige st\u00f8rrelser og utf\u00f8relser<\/li>\n<li><b>B\u00e5ndalternativer:<\/b> Lagerbeholdning inkluderer r\u00f8d; forskjellige farger tilgjengelig for spesialbestillinger<\/li>\n<\/ul>\n<p>&nbsp;<\/p>","protected":false},"excerpt":{"rendered":"<ul>\n<li>Premium metallmedalje med klassisk gullfinish.<\/li>\n<li>Tilgjengelig som lagervare (7 cm) eller som spesialbestilling.<\/li>\n<li>Spesialforberedt overflate for presis lasergravering.<\/li>\n<li>Lagervare inkluderer r\u00f8dt b\u00e5nd; spesialbestillinger tilbyr forskjellige farger.<\/li>\n<\/ul>\n<p>&nbsp;<\/p>","protected":false},"featured_media":6503,"comment_status":"closed","ping_status":"closed","template":"","meta":[],"product_brand":[],"product_cat":[68,102],"product_tag":[],"class_list":{"0":"post-5179","1":"product","2":"type-product","3":"status-publish","4":"has-post-thumbnail","6":"product_cat-event-supplies","7":"product_cat-medals","9":"first","10":"instock","11":"shipping-taxable","12":"purchasable","13":"product-type-simple"},"_links":{"self":[{"href":"https:\/\/displayproducts.eu\/nb\/wp-json\/wp\/v2\/product\/5179","targetHints":{"allow":["GET"]}}],"collection":[{"href":"https:\/\/displayproducts.eu\/nb\/wp-json\/wp\/v2\/product"}],"about":[{"href":"https:\/\/displayproducts.eu\/nb\/wp-json\/wp\/v2\/types\/product"}],"replies":[{"embeddable":true,"href":"https:\/\/displayproducts.eu\/nb\/wp-json\/wp\/v2\/comments?post=5179"}],"wp:featuredmedia":[{"embeddable":true,"href":"https:\/\/displayproducts.eu\/nb\/wp-json\/wp\/v2\/media\/6503"}],"wp:attachment":[{"href":"https:\/\/displayproducts.eu\/nb\/wp-json\/wp\/v2\/media?parent=5179"}],"wp:term":[{"taxonomy":"product_brand","embeddable":true,"href":"https:\/\/displayproducts.eu\/nb\/wp-json\/wp\/v2\/product_brand?post=5179"},{"taxonomy":"product_cat","embeddable":true,"href":"https:\/\/displayproducts.eu\/nb\/wp-json\/wp\/v2\/product_cat?post=5179"},{"taxonomy":"product_tag","embeddable":true,"href":"https:\/\/displayproducts.eu\/nb\/wp-json\/wp\/v2\/product_tag?post=5179"}],"curies":[{"name":"wp","href":"https:\/\/api.w.org\/{rel}","templated":true}]}}