{"id":5175,"date":"2025-10-20T21:51:42","date_gmt":"2025-10-20T18:51:42","guid":{"rendered":"https:\/\/wristbandfactory.eu\/?post_type=product&#038;p=5175"},"modified":"2026-04-01T21:52:04","modified_gmt":"2026-04-01T18:52:04","slug":"led-shot-glass-with-lanyard","status":"publish","type":"product","link":"https:\/\/displayproducts.eu\/nb\/p\/led-shot-glass-with-lanyard\/","title":{"rendered":"LED-shotglass med snor"},"content":{"rendered":"<p>Gj\u00f8r din neste firmafest, festival eller reklamearrangement uforglemmelig. Dette LED-lysende shotglasset er et kraftig verkt\u00f8y for \u00e5 forbedre gjesteopplevelsen og \u00f8ke merkevaresynligheten, spesielt i omgivelser med lite lys.<\/p>\n<p>Dette 50 ml shotglasset er laget av slitesterk, BPA-fri PS-plast. Gjestene kan uten trykkt b\u00e6re det takket v\u00e6re den medf\u00f8lgende halssnoren, slik at logoen din er synlig hele natten. En uten trykk knapp p\u00e5 bunnen aktiverer de sterke, flerfargede LED-lysene, som tilbyr tre dynamiske moduser: konstant lys, raskt blinkende og sakte blinkende.<\/p>\n<p>Dette glasset er perfekt for servering av velkomstdrinker, spesielle toasts eller som en b\u00e6rbar reklamesuvenir. Batterier er inkludert, slik at de er klare til umiddelbar bruk.<\/p>\n<p><b>Viktige funksjoner:<\/b><\/p>\n<ul>\n<li><b>Kapasitet:<\/b> 50 ml<\/li>\n<li><b>Materiale:<\/b> Slitesterk, BPA-fri PS-plast<\/li>\n<li><b>Belysning:<\/b> 3 lysmoduser (konstant, rask blinking, langsom blinking)<\/li>\n<li><b>B\u00e6rbar:<\/b> Inkluderer en polyester halssnor for uten trykkhets skyld<\/li>\n<li><b>Klar til bruk:<\/b> Knappcellebatterier inkludert og installert<\/li>\n<li><b>Aktivering:<\/b> Uten trykk trykknapp p\u00e5 bunnen<\/li>\n<\/ul>","protected":false},"excerpt":{"rendered":"<ul>\n<li>Har 3 LED-lysmoduser (konstant og blinkende) for h\u00f8y synlighet.<\/li>\n<li>Inkluderer en praktisk halssnor for h\u00e5ndfri b\u00e6ring p\u00e5 arrangementer.<\/li>\n<li>Slitesterk, med en kapasitet p\u00e5 50 ml og laget av BPA-fri plast.<\/li>\n<li>Klar til umiddelbar bruk med inkluderte og installerte batterier.<\/li>\n<li><\/li>\n<\/ul>","protected":false},"featured_media":6549,"comment_status":"closed","ping_status":"closed","template":"","meta":[],"product_brand":[],"product_cat":[43,68,119,45],"product_tag":[],"class_list":{"0":"post-5175","1":"product","2":"type-product","3":"status-publish","4":"has-post-thumbnail","6":"product_cat-lanyards","7":"product_cat-event-supplies","8":"product_cat-drinkware-accessories","9":"product_cat-other","11":"first","12":"instock","13":"shipping-taxable","14":"purchasable","15":"product-type-simple"},"_links":{"self":[{"href":"https:\/\/displayproducts.eu\/nb\/wp-json\/wp\/v2\/product\/5175","targetHints":{"allow":["GET"]}}],"collection":[{"href":"https:\/\/displayproducts.eu\/nb\/wp-json\/wp\/v2\/product"}],"about":[{"href":"https:\/\/displayproducts.eu\/nb\/wp-json\/wp\/v2\/types\/product"}],"replies":[{"embeddable":true,"href":"https:\/\/displayproducts.eu\/nb\/wp-json\/wp\/v2\/comments?post=5175"}],"wp:featuredmedia":[{"embeddable":true,"href":"https:\/\/displayproducts.eu\/nb\/wp-json\/wp\/v2\/media\/6549"}],"wp:attachment":[{"href":"https:\/\/displayproducts.eu\/nb\/wp-json\/wp\/v2\/media?parent=5175"}],"wp:term":[{"taxonomy":"product_brand","embeddable":true,"href":"https:\/\/displayproducts.eu\/nb\/wp-json\/wp\/v2\/product_brand?post=5175"},{"taxonomy":"product_cat","embeddable":true,"href":"https:\/\/displayproducts.eu\/nb\/wp-json\/wp\/v2\/product_cat?post=5175"},{"taxonomy":"product_tag","embeddable":true,"href":"https:\/\/displayproducts.eu\/nb\/wp-json\/wp\/v2\/product_tag?post=5175"}],"curies":[{"name":"wp","href":"https:\/\/api.w.org\/{rel}","templated":true}]}}