{"id":5171,"date":"2025-10-20T21:47:54","date_gmt":"2025-10-20T18:47:54","guid":{"rendered":"https:\/\/wristbandfactory.eu\/?post_type=product&#038;p=5171"},"modified":"2026-04-01T21:52:35","modified_gmt":"2026-04-01T18:52:35","slug":"printable-gold-medals","status":"publish","type":"product","link":"https:\/\/displayproducts.eu\/nb\/p\/printable-gold-medals\/","title":{"rendered":"Utskrivbare gullmedaljer"},"content":{"rendered":"<p>Lag spesialtilpassede priser til konkurransen, seremonien eller bedriftens anerkjennelsesprogram. Disse metallmedaljene av h\u00f8y kvalitet gir en profesjonell og varig m\u00e5te \u00e5 feire suksess og forbedre organisasjonens prestisje p\u00e5.<\/p>\n<p>Denne medaljen har en lys, glatt gullfinish, som gir et klassisk utseende til enhver prestasjon. Den er spesialdesignet for personalisering. Medaljen har et eget glatt omr\u00e5de som er perfekt for \u00e5 p\u00e5f\u00f8re din egen fargelogo, tekst eller design via sublimering (sublimeringsplate\/trykk er ikke inkludert). Denne prosessen lar deg trykke dine merkede design separat og p\u00e5f\u00f8re dem for et skarpt og livlig resultat. Hver medalje leveres klar til presentasjon med et inkludert r\u00f8dt polyesterb\u00e5nd til halsen.<\/p>\n<p><b>Viktige funksjoner:<\/b><\/p>\n<ul>\n<li><b>Materiale:<\/b> H\u00f8ykvalitets metall.<\/li>\n<li><b>Fullf\u00f8r:<\/b> Polert gulltone.<\/li>\n<li><b>Tilpasning:<\/b> Designet for p\u00e5f\u00f8ring av et tilpasset sublimeringstrykk.<\/li>\n<li><b>Inkludert:<\/b> Leveres med et slitesterkt r\u00f8dt polyesterb\u00e5nd til halsen.<\/li>\n<li><b>Brukstilfelle:<\/b> Perfekt for sportsturneringer, akademiske priser og anerkjennelse av ansatte.<\/li>\n<\/ul>","protected":false},"excerpt":{"rendered":"<ul>\n<li>Medalje i f\u00f8rsteklasses metall med polert gullfinish.<\/li>\n<li>Designet for tilpasset sublimeringstrykk (utskrivbart innlegg ikke inkludert).<\/li>\n<li>Ideell for bedriftspriser, idrettsligaer og skolearrangementer.<\/li>\n<li>Leveres komplett med et klassisk r\u00f8dt polyesterhalsb\u00e5nd.<\/li>\n<\/ul>\n<p>&nbsp;<\/p>","protected":false},"featured_media":6561,"comment_status":"closed","ping_status":"closed","template":"","meta":[],"product_brand":[],"product_cat":[68,102],"product_tag":[],"class_list":{"0":"post-5171","1":"product","2":"type-product","3":"status-publish","4":"has-post-thumbnail","6":"product_cat-event-supplies","7":"product_cat-medals","9":"first","10":"instock","11":"shipping-taxable","12":"purchasable","13":"product-type-simple"},"_links":{"self":[{"href":"https:\/\/displayproducts.eu\/nb\/wp-json\/wp\/v2\/product\/5171","targetHints":{"allow":["GET"]}}],"collection":[{"href":"https:\/\/displayproducts.eu\/nb\/wp-json\/wp\/v2\/product"}],"about":[{"href":"https:\/\/displayproducts.eu\/nb\/wp-json\/wp\/v2\/types\/product"}],"replies":[{"embeddable":true,"href":"https:\/\/displayproducts.eu\/nb\/wp-json\/wp\/v2\/comments?post=5171"}],"wp:featuredmedia":[{"embeddable":true,"href":"https:\/\/displayproducts.eu\/nb\/wp-json\/wp\/v2\/media\/6561"}],"wp:attachment":[{"href":"https:\/\/displayproducts.eu\/nb\/wp-json\/wp\/v2\/media?parent=5171"}],"wp:term":[{"taxonomy":"product_brand","embeddable":true,"href":"https:\/\/displayproducts.eu\/nb\/wp-json\/wp\/v2\/product_brand?post=5171"},{"taxonomy":"product_cat","embeddable":true,"href":"https:\/\/displayproducts.eu\/nb\/wp-json\/wp\/v2\/product_cat?post=5171"},{"taxonomy":"product_tag","embeddable":true,"href":"https:\/\/displayproducts.eu\/nb\/wp-json\/wp\/v2\/product_tag?post=5171"}],"curies":[{"name":"wp","href":"https:\/\/api.w.org\/{rel}","templated":true}]}}