{"id":5165,"date":"2025-10-20T21:40:50","date_gmt":"2025-10-20T18:40:50","guid":{"rendered":"https:\/\/wristbandfactory.eu\/?post_type=product&#038;p=5165"},"modified":"2026-04-01T21:52:04","modified_gmt":"2026-04-01T18:52:04","slug":"silicone-cup-lids","status":"publish","type":"product","link":"https:\/\/displayproducts.eu\/nb\/p\/silicone-cup-lids\/","title":{"rendered":"Silikonkopplokk"},"content":{"rendered":"<p>S\u00f8rg for at gjestene dine f\u00e5r en trygg og profesjonell opplevelse p\u00e5 ditt neste utend\u00f8rsarrangement, konferanse eller festival. Disse reklamelokkene i silikon til kopper tilbyr en praktisk l\u00f8sning for \u00e5 beskytte drikkevarer, holde dem rene og redusere s\u00f8l samtidig som de markedsf\u00f8rer merkevaren din.<\/p>\n<p>Disse kopptrekkene er laget av fleksibel silikon i n\u00e6ringsmiddelkvalitet, og er utformet for \u00e5 strekke seg og passe sikkert over de fleste standard koppst\u00f8rrelser. De er et gjenbrukbart og milj\u00f8vennlig alternativ til engangslokk. Hvert lokk har en sentral \u00e5pning som passer til et suger\u00f8r. Det medf\u00f8lgende n\u00f8kkelringetuiet gj\u00f8r dette til en perfekt reklamegave, slik at deltakerne kan b\u00e6re merkevaren din med seg lenge etter arrangementet. Tilpass trekket eller etuiet med firmalogoen din for maksimal synlighet av merkevaren.<\/p>\n<p><b>Viktige funksjoner:<\/b><\/p>\n<ul>\n<li><b>Materiale:<\/b> Fleksibel og slitesterk silikon.<\/li>\n<li><b>Passe:<\/b> Justerbar design som strekker seg for \u00e5 passe de fleste kopptyper.<\/li>\n<li><b>Funksjon:<\/b> Beskytter drikkevarer mot st\u00f8v, insekter og s\u00f8l.<\/li>\n<li><b>Gjenbrukbar:<\/b> Lett \u00e5 vaske og gjenbruke, og gir god valuta for pengene.<\/li>\n<li><b>B\u00e6rbar:<\/b> Inkluderer et kompakt n\u00f8kkelringetui for uten trykk b\u00e6ring.<\/li>\n<li><b>Merkevarebygging:<\/b> Ideell for trykking av logo eller arrangementsdetaljer.<\/li>\n<li><b>Farger:<\/b> Tilgjengelig i svart, bl\u00e5, gr\u00f8nn og r\u00f8d.<\/li>\n<\/ul>\n<p>&nbsp;<\/p>","protected":false},"excerpt":{"rendered":"<ul>\n<li>Hold drikkevarer trygge mot s\u00f8l og rusk under alle arrangementer.<\/li>\n<li>Gjenbrukbar og lettvaskbar silikon passer til de fleste standardkopper.<\/li>\n<li>Inkluderer et b\u00e6rbart n\u00f8kkelringetui for uten trykk transport.<\/li>\n<li>Ideell for festivaler, utend\u00f8rs markedsf\u00f8ring og bedriftsarrangementer.<\/li>\n<\/ul>","protected":false},"featured_media":6633,"comment_status":"closed","ping_status":"closed","template":"","meta":[],"product_brand":[],"product_cat":[119],"product_tag":[],"class_list":{"0":"post-5165","1":"product","2":"type-product","3":"status-publish","4":"has-post-thumbnail","6":"product_cat-drinkware-accessories","8":"first","9":"instock","10":"shipping-taxable","11":"purchasable","12":"product-type-simple"},"_links":{"self":[{"href":"https:\/\/displayproducts.eu\/nb\/wp-json\/wp\/v2\/product\/5165","targetHints":{"allow":["GET"]}}],"collection":[{"href":"https:\/\/displayproducts.eu\/nb\/wp-json\/wp\/v2\/product"}],"about":[{"href":"https:\/\/displayproducts.eu\/nb\/wp-json\/wp\/v2\/types\/product"}],"replies":[{"embeddable":true,"href":"https:\/\/displayproducts.eu\/nb\/wp-json\/wp\/v2\/comments?post=5165"}],"wp:featuredmedia":[{"embeddable":true,"href":"https:\/\/displayproducts.eu\/nb\/wp-json\/wp\/v2\/media\/6633"}],"wp:attachment":[{"href":"https:\/\/displayproducts.eu\/nb\/wp-json\/wp\/v2\/media?parent=5165"}],"wp:term":[{"taxonomy":"product_brand","embeddable":true,"href":"https:\/\/displayproducts.eu\/nb\/wp-json\/wp\/v2\/product_brand?post=5165"},{"taxonomy":"product_cat","embeddable":true,"href":"https:\/\/displayproducts.eu\/nb\/wp-json\/wp\/v2\/product_cat?post=5165"},{"taxonomy":"product_tag","embeddable":true,"href":"https:\/\/displayproducts.eu\/nb\/wp-json\/wp\/v2\/product_tag?post=5165"}],"curies":[{"name":"wp","href":"https:\/\/api.w.org\/{rel}","templated":true}]}}